{"id":5371,"date":"2015-12-30T13:33:02","date_gmt":"2015-12-30T13:33:02","guid":{"rendered":"https:\/\/jol.markera.ro\/?page_id=5371"},"modified":"2023-01-20T10:23:47","modified_gmt":"2023-01-20T07:23:47","slug":"modelling-agency","status":"publish","type":"page","link":"https:\/\/jolidon.com\/fr\/","title":{"rendered":"Jolidon &#8211; European Fashion Lingerie &#038; Swimwear"},"content":{"rendered":"<div class=\"wpb-content-wrapper\"><p>[vc_row content_width=\u00a0\u00bbgrid\u00a0\u00bb css_animation=\u00a0\u00bbqodef-element-from-bottom\u00a0\u00bb css=\u00a0\u00bb.vc_custom_1622627967233{background-color: #ffffff !important;}\u00a0\u00bb][vc_column offset=\u00a0\u00bbvc_col-lg-4 vc_hidden-sm vc_hidden-xs\u00a0\u00bb css=\u00a0\u00bb.vc_custom_1622628053314{border-bottom-width: 80px !important;padding-top: 80px !important;}\u00a0\u00bb][vc_empty_space height=\u00a0\u00bb40px\u00a0\u00bb][vc_column_text]<\/p>\n<h2>Jolidon<\/h2>\n<p>[\/vc_column_text][vc_empty_space height=\u00a0\u00bb30px\u00a0\u00bb][vc_column_text]<strong>Jolidon<\/strong>\u00a0est une marque europ\u00e9enne de lingerie et de maillots de bain, qui allie la qualit\u00e9 technologique de ses produits \u00e0 la cr\u00e9ativit\u00e9 du design, s\u2019inspirant des derni\u00e8res tendances de l\u2019industrie dans le monde entier.<\/p>\n<p>&nbsp;<\/p>\n<p>L\u2019excellence a toujours \u00e9t\u00e9 un facteur de motivation cl\u00e9 pour Jolidon, \u00e0 commencer par sa cr\u00e9ation, en 1993, cherchant ainsi toujours \u00e0 aborder les technologies modernes et les id\u00e9es cr\u00e9atives en termes de design, pour cr\u00e9er des produits pour une grande vari\u00e9t\u00e9 de consommateurs, femmes et hommes de tous \u00e2ges. \u2013 les femmes \u00e9tant le groupe cible majoritaire.[\/vc_column_text][vc_empty_space height=\u00a0\u00bb35px\u00a0\u00bb]<a href=\"https:\/\/jolidon.com\/fr\/jolidon-universe\/\" target=\"_self\" class=\"qodef-btn qodef-btn-medium qodef-btn-solid\" >\n <span class=\"qodef-btn-text\">D\u00c9COUVRIR PLUS<\/span>\n <\/a>[vc_empty_space height=\u00a0\u00bb40px\u00a0\u00bb][\/vc_column][vc_column offset=\u00a0\u00bbvc_col-lg-4 vc_hidden-sm vc_hidden-xs\u00a0\u00bb css=\u00a0\u00bb.vc_custom_1622628060480{padding-top: 80px !important;padding-bottom: 80px !important;}\u00a0\u00bb][vc_empty_space height=\u00a0\u00bb40px\u00a0\u00bb][vc_single_image image=\u00a0\u00bb31882&Prime; img_size=\u00a0\u00bbfull\u00a0\u00bb onclick=\u00a0\u00bbcustom_link\u00a0\u00bb link=\u00a0\u00bbhttps:\/\/jolidon.com\/fr\/jolidon-universe\/\u00a0\u00bb][vc_empty_space height=\u00a0\u00bb40px\u00a0\u00bb][\/vc_column][vc_column offset=\u00a0\u00bbvc_col-lg-4 vc_hidden-sm vc_hidden-xs\u00a0\u00bb css=\u00a0\u00bb.vc_custom_1622628066421{padding-top: 80px !important;padding-bottom: 80px !important;}\u00a0\u00bb][vc_empty_space height=\u00a0\u00bb40px\u00a0\u00bb][vc_single_image image=\u00a0\u00bb31886&Prime; img_size=\u00a0\u00bbfull\u00a0\u00bb onclick=\u00a0\u00bbcustom_link\u00a0\u00bb link=\u00a0\u00bbhttps:\/\/jolidon.com\/fr\/jolidon-universe\/\u00a0\u00bb][vc_empty_space height=\u00a0\u00bb40px\u00a0\u00bb][\/vc_column][\/vc_row][vc_row content_width=\u00a0\u00bbgrid\u00a0\u00bb css_animation=\u00a0\u00bbqodef-element-from-bottom\u00a0\u00bb css=\u00a0\u00bb.vc_custom_1622629114594{background-color: #f7f7f7 !important;}\u00a0\u00bb][vc_column offset=\u00a0\u00bbvc_col-lg-4 vc_hidden-sm vc_hidden-xs\u00a0\u00bb][vc_empty_space height=\u00a0\u00bb52px\u00a0\u00bb][vc_single_image image=\u00a0\u00bb31533&Prime; img_size=\u00a0\u00bbfull\u00a0\u00bb onclick=\u00a0\u00bbcustom_link\u00a0\u00bb link=\u00a0\u00bbhttps:\/\/jolidon.com\/fr\/l-univers-jolidon\/prelude\/\u00a0\u00bb css=\u00a0\u00bb.vc_custom_1674199411616{padding-top: 10px !important;padding-bottom: 10px !important;}\u00a0\u00bb][vc_empty_space height=\u00a0\u00bb52px\u00a0\u00bb][\/vc_column][vc_column offset=\u00a0\u00bbvc_col-lg-4 vc_hidden-sm vc_hidden-xs\u00a0\u00bb][vc_empty_space height=\u00a0\u00bb52px\u00a0\u00bb][vc_single_image image=\u00a0\u00bb31541&Prime; img_size=\u00a0\u00bbfull\u00a0\u00bb onclick=\u00a0\u00bbcustom_link\u00a0\u00bb link=\u00a0\u00bbhttps:\/\/jolidon.com\/fr\/l-univers-jolidon\/prelude\/\u00a0\u00bb css=\u00a0\u00bb.vc_custom_1674199423559{padding-top: 10px !important;padding-bottom: 10px !important;}\u00a0\u00bb][vc_empty_space height=\u00a0\u00bb52px\u00a0\u00bb][\/vc_column][vc_column offset=\u00a0\u00bbvc_col-lg-4 vc_hidden-sm vc_hidden-xs\u00a0\u00bb][vc_empty_space height=\u00a0\u00bb52px\u00a0\u00bb][vc_empty_space][vc_column_text]<\/p>\n<h2>Prelude Milano<\/h2>\n<p>[\/vc_column_text][vc_empty_space][vc_column_text]<strong>Prelude<\/strong>\u00a0est une marque de lingerie et de maillots de bain, con\u00e7ue en Europe, de cr\u00e9ation et manufacture purement europ\u00e9ennes, tous les tissus et accessoires de grande qualit\u00e9 provenant des plus appr\u00e9ci\u00e9s et connus fournisseurs europ\u00e9ens.[\/vc_column_text][vc_empty_space height=\u00a0\u00bb38px\u00a0\u00bb]<a href=\"https:\/\/jolidon.com\/fr\/l-univers-jolidon\/prelude\/\" target=\"_self\" class=\"qodef-btn qodef-btn-medium qodef-btn-solid\" >\n <span class=\"qodef-btn-text\">D\u00c9COUVRIR PLUS<\/span>\n <\/a>[vc_empty_space height=\u00a0\u00bb40px\u00a0\u00bb][vc_empty_space height=\u00a0\u00bb52px\u00a0\u00bb][\/vc_column][\/vc_row][vc_row content_width=\u00a0\u00bbgrid\u00a0\u00bb content_aligment=\u00a0\u00bbcenter\u00a0\u00bb][vc_column width=\u00a0\u00bb1\/2&Prime; offset=\u00a0\u00bbvc_hidden-sm vc_hidden-xs\u00a0\u00bb][vc_empty_space height=\u00a0\u00bb52px\u00a0\u00bb][vc_column_text]<\/p>\n<h2>ACHETEZ VOS PRODUITS PR\u00c9F\u00c9R\u00c9S<\/h2>\n<p>[\/vc_column_text][vc_empty_space height=\u00a0\u00bb22px\u00a0\u00bb][vc_column_text]<\/p>\n<p style=\"text-align: center;\">Choisissez vos produits pr\u00e9f\u00e9r\u00e9s dans notre boutique en ligne, avec une livraison rapide et pratique.<\/p>\n<p>[\/vc_column_text][vc_column_text]<\/p>\n<p style=\"text-align: center;\">Nous vous promettons que vous vivrez la meilleure exp\u00e9rience!<\/p>\n<p>[\/vc_column_text][vc_empty_space height=\u00a0\u00bb35px\u00a0\u00bb][vc_empty_space height=\u00a0\u00bb40px\u00a0\u00bb][\/vc_column][vc_column width=\u00a0\u00bb1\/2&Prime; offset=\u00a0\u00bbvc_hidden-sm vc_hidden-xs\u00a0\u00bb][vc_empty_space height=\u00a0\u00bb52px\u00a0\u00bb][vc_column_text]<\/p>\n<h1 style=\"text-align: center;\">MAGASIN EN LIGNE<\/h1>\n<p>[\/vc_column_text][vc_empty_space height=\u00a0\u00bb20px\u00a0\u00bb]<a href=\"https:\/\/shop.jolidon.fr\" target=\"_self\" style=\"color: #ffffff;border-color: #000000\" class=\"qodef-btn qodef-btn-medium qodef-btn-solid qodef-btn-custom-hover-bg qodef-btn-custom-border-hover qodef-btn-custom-hover-color\" data-hover-bg-color=\"#ffffff\" data-hover-color=\"#0f0f0f\" data-hover-border-color=\"#0a0a0a\" >\n <span class=\"qodef-btn-text\">D\u00c9COUVREZ LES PRODUITS<\/span>\n <\/a>[vc_empty_space height=\u00a0\u00bb40px\u00a0\u00bb][\/vc_column][\/vc_row][vc_row content_width=\u00a0\u00bbgrid\u00a0\u00bb css_animation=\u00a0\u00bbqodef-element-from-bottom\u00a0\u00bb css=\u00a0\u00bb.vc_custom_1622628311902{background-color: #ffffff !important;}\u00a0\u00bb][vc_column offset=\u00a0\u00bbvc_col-lg-4 vc_hidden-lg vc_hidden-md\u00a0\u00bb css=\u00a0\u00bb.vc_custom_1622628289889{background-color: #ffffff !important;}\u00a0\u00bb][vc_single_image image=\u00a0\u00bb4965&Prime; img_size=\u00a0\u00bbfull\u00a0\u00bb onclick=\u00a0\u00bbcustom_link\u00a0\u00bb link=\u00a0\u00bbhttps:\/\/jolidon.com\/fr\/jolidon-universe\/\u00a0\u00bb css=\u00a0\u00bb.vc_custom_1622632495754{background-color: #ffffff !important;}\u00a0\u00bb][vc_empty_space height=\u00a0\u00bb20px\u00a0\u00bb][vc_column_text]<\/p>\n<h2>Jolidon<\/h2>\n<p>[\/vc_column_text][vc_empty_space height=\u00a0\u00bb30px\u00a0\u00bb][vc_column_text]<strong>Jolidon<\/strong>\u00a0est une marque europ\u00e9enne de lingerie et de maillots de bain, qui allie la qualit\u00e9 technologique de ses produits \u00e0 la cr\u00e9ativit\u00e9 du design, s\u2019inspirant des derni\u00e8res tendances de l\u2019industrie dans le monde entier.<\/p>\n<p>&nbsp;<\/p>\n<p>L\u2019excellence a toujours \u00e9t\u00e9 un facteur de motivation cl\u00e9 pour Jolidon, \u00e0 commencer par sa cr\u00e9ation, en 1993, cherchant ainsi toujours \u00e0 aborder les technologies modernes et les id\u00e9es cr\u00e9atives en termes de design, pour cr\u00e9er des produits pour une grande vari\u00e9t\u00e9 de consommateurs, femmes et hommes de tous \u00e2ges. \u2013 les femmes \u00e9tant le groupe cible majoritaire.[\/vc_column_text][vc_empty_space height=\u00a0\u00bb35px\u00a0\u00bb]<a href=\"https:\/\/jolidon.com\/fr\/jolidon-universe\/savoir-faire\/\" target=\"_self\" class=\"qodef-btn qodef-btn-medium qodef-btn-solid\" >\n <span class=\"qodef-btn-text\">D\u00c9COUVRIR PLUS<\/span>\n <\/a>[vc_empty_space height=\u00a0\u00bb40px\u00a0\u00bb][vc_single_image image=\u00a0\u00bb4968&Prime; img_size=\u00a0\u00bbfull\u00a0\u00bb onclick=\u00a0\u00bbcustom_link\u00a0\u00bb link=\u00a0\u00bbhttps:\/\/jolidon.com\/fr\/jolidon-universe\/\u00a0\u00bb][vc_empty_space height=\u00a0\u00bb40px\u00a0\u00bb][vc_column_text]<\/p>\n<h2>Prelude Milano<\/h2>\n<p>[\/vc_column_text][vc_empty_space][vc_single_image image=\u00a0\u00bb4974&Prime; img_size=\u00a0\u00bbfull\u00a0\u00bb onclick=\u00a0\u00bbcustom_link\u00a0\u00bb link=\u00a0\u00bbhttps:\/\/jolidon.com\/fr\/l-univers-jolidon\/prelude\/\u00a0\u00bb css=\u00a0\u00bb.vc_custom_1622632510034{padding-top: 10px !important;padding-bottom: 10px !important;}\u00a0\u00bb][vc_empty_space][vc_column_text]<strong>Prelude<\/strong>\u00a0est une marque de lingerie et de maillots de bain, con\u00e7ue en Europe, de cr\u00e9ation et manufacture purement europ\u00e9ennes, tous les tissus et accessoires de grande qualit\u00e9 provenant des plus appr\u00e9ci\u00e9s et connus fournisseurs europ\u00e9ens.[\/vc_column_text][vc_empty_space height=\u00a0\u00bb38px\u00a0\u00bb]<a href=\"https:\/\/jolidon.com\/fr\/l-univers-jolidon\/prelude\/\" target=\"_self\" class=\"qodef-btn qodef-btn-medium qodef-btn-solid\" >\n <span class=\"qodef-btn-text\">D\u00c9COUVRIR PLUS<\/span>\n <\/a>[vc_empty_space height=\u00a0\u00bb40px\u00a0\u00bb][vc_single_image image=\u00a0\u00bb4977&Prime; img_size=\u00a0\u00bbfull\u00a0\u00bb onclick=\u00a0\u00bbcustom_link\u00a0\u00bb link=\u00a0\u00bbhttps:\/\/jolidon.com\/fr\/l-univers-jolidon\/prelude\/\u00a0\u00bb][vc_empty_space height=\u00a0\u00bb20px\u00a0\u00bb][vc_column_text]<\/p>\n<h2>ACHETEZ VOS PRODUITS PR\u00c9F\u00c9R\u00c9S<\/h2>\n<p>[\/vc_column_text][vc_empty_space height=\u00a0\u00bb22px\u00a0\u00bb][vc_column_text]<\/p>\n<p style=\"text-align: left;\">Choisissez vos produits pr\u00e9f\u00e9r\u00e9s dans notre boutique en ligne, avec une livraison rapide et pratique.<\/p>\n<p>[\/vc_column_text][vc_column_text]<\/p>\n<p style=\"text-align: left;\">Nous vous promettons que vous vivrez la meilleure exp\u00e9rience!<\/p>\n<p>[\/vc_column_text][vc_empty_space height=\u00a0\u00bb35px\u00a0\u00bb][vc_column_text]<\/p>\n<h1 style=\"text-align: center;\">MAGASIN EN LIGNE<\/h1>\n<p>[\/vc_column_text][vc_empty_space height=\u00a0\u00bb20px\u00a0\u00bb]<a href=\"https:\/\/shop.jolidon.fr\" target=\"_self\" style=\"color: #ffffff;border-color: #000000\" class=\"qodef-btn qodef-btn-medium qodef-btn-solid qodef-btn-custom-hover-bg qodef-btn-custom-border-hover qodef-btn-custom-hover-color\" data-hover-bg-color=\"#ffffff\" data-hover-color=\"#0f0f0f\" data-hover-border-color=\"#0a0a0a\" >\n <span class=\"qodef-btn-text\">D\u00c9COUVREZ LES PRODUITS<\/span>\n <\/a>[vc_empty_space height=\u00a0\u00bb30px\u00a0\u00bb][\/vc_column][\/vc_row]<\/p>\n<\/div>","protected":false},"excerpt":{"rendered":"<p>[vc_row content_width=\u00a0\u00bbgrid\u00a0\u00bb css_animation=\u00a0\u00bbqodef-element-from-bottom\u00a0\u00bb css=\u00a0\u00bb.vc_custom_1622627967233{background-color: #ffffff !important;}\u00a0\u00bb][vc_column offset=\u00a0\u00bbvc_col-lg-4 vc_hidden-sm vc_hidden-xs\u00a0\u00bb css=\u00a0\u00bb.vc_custom_1622628053314{border-bottom-width: 80px !important;padding-top: 80px !important;}\u00a0\u00bb][vc_empty_space height=\u00a0\u00bb40px\u00a0\u00bb][vc_column_text] Jolidon [\/vc_column_text][vc_empty_space height=\u00a0\u00bb30px\u00a0\u00bb][vc_column_text]Jolidon\u00a0est une marque europ\u00e9enne de lingerie et de maillots de bain, qui allie la qualit\u00e9 technologique de ses produits \u00e0 la cr\u00e9ativit\u00e9 du design, s\u2019inspirant des derni\u00e8res tendances&#8230;<\/p>\n","protected":false},"author":1,"featured_media":0,"parent":0,"menu_order":0,"comment_status":"closed","ping_status":"closed","template":"full-width.php","meta":{"_monsterinsights_skip_tracking":false,"_monsterinsights_sitenote_active":false,"_monsterinsights_sitenote_note":"","_monsterinsights_sitenote_category":0,"_uf_show_specific_survey":0,"_uf_disable_surveys":false,"footnotes":""},"class_list":["post-5371","page","type-page","status-publish","hentry"],"yoast_head":"\n<title>Jolidon - European Fashion Lingerie &amp; Swimwear - Jolidon<\/title>\n<meta name=\"robots\" content=\"index, follow, max-snippet:-1, max-image-preview:large, max-video-preview:-1\" \/>\n<link rel=\"canonical\" href=\"https:\/\/jolidon.com\/fr\/\" \/>\n<meta property=\"og:locale\" content=\"fr_FR\" \/>\n<meta property=\"og:type\" content=\"article\" \/>\n<meta property=\"og:title\" content=\"Jolidon - European Fashion Lingerie &amp; Swimwear - Jolidon\" \/>\n<meta property=\"og:description\" content=\"[vc_row content_width=\u00a0\u00bbgrid\u00a0\u00bb css_animation=\u00a0\u00bbqodef-element-from-bottom\u00a0\u00bb css=\u00a0\u00bb.vc_custom_1622627967233{background-color: #ffffff !important;}\u00a0\u00bb][vc_column offset=\u00a0\u00bbvc_col-lg-4 vc_hidden-sm vc_hidden-xs\u00a0\u00bb css=\u00a0\u00bb.vc_custom_1622628053314{border-bottom-width: 80px !important;padding-top: 80px !important;}\u00a0\u00bb][vc_empty_space height=\u00a0\u00bb40px\u00a0\u00bb][vc_column_text] Jolidon [\/vc_column_text][vc_empty_space height=\u00a0\u00bb30px\u00a0\u00bb][vc_column_text]Jolidon\u00a0est une marque europ\u00e9enne de lingerie et de maillots de bain, qui allie la qualit\u00e9 technologique de ses produits \u00e0 la cr\u00e9ativit\u00e9 du design, s\u2019inspirant des derni\u00e8res tendances...\" \/>\n<meta property=\"og:url\" content=\"https:\/\/jolidon.com\/fr\/\" \/>\n<meta property=\"og:site_name\" content=\"Jolidon\" \/>\n<meta property=\"article:publisher\" content=\"https:\/\/www.facebook.com\/JolidonInternational\" \/>\n<meta property=\"article:modified_time\" content=\"2023-01-20T07:23:47+00:00\" \/>\n<meta property=\"og:image\" content=\"https:\/\/jolidon.com\/wp-content\/uploads\/2015\/12\/1res.jpg\" \/>\n\t<meta property=\"og:image:width\" content=\"1920\" \/>\n\t<meta property=\"og:image:height\" content=\"1100\" \/>\n\t<meta property=\"og:image:type\" content=\"image\/jpeg\" \/>\n<meta name=\"twitter:card\" content=\"summary_large_image\" \/>\n<meta name=\"twitter:label1\" content=\"Dur\u00e9e de lecture estim\u00e9e\" \/>\n\t<meta name=\"twitter:data1\" content=\"3 minutes\" \/>\n<script type=\"application\/ld+json\" class=\"yoast-schema-graph\">{\"@context\":\"https:\/\/schema.org\",\"@graph\":[{\"@type\":\"WebPage\",\"@id\":\"https:\/\/jolidon.com\/fr\/\",\"url\":\"https:\/\/jolidon.com\/fr\/\",\"name\":\"Jolidon - European Fashion Lingerie & Swimwear - Jolidon\",\"isPartOf\":{\"@id\":\"https:\/\/jolidon.com\/#website\"},\"datePublished\":\"2015-12-30T13:33:02+00:00\",\"dateModified\":\"2023-01-20T07:23:47+00:00\",\"breadcrumb\":{\"@id\":\"https:\/\/jolidon.com\/fr\/#breadcrumb\"},\"inLanguage\":\"fr-FR\",\"potentialAction\":[{\"@type\":\"ReadAction\",\"target\":[\"https:\/\/jolidon.com\/fr\/\"]}]},{\"@type\":\"BreadcrumbList\",\"@id\":\"https:\/\/jolidon.com\/fr\/#breadcrumb\",\"itemListElement\":[{\"@type\":\"ListItem\",\"position\":1,\"name\":\"Home\",\"item\":\"https:\/\/jolidon.com\/fr\/\"},{\"@type\":\"ListItem\",\"position\":2,\"name\":\"Jolidon &#8211; European Fashion Lingerie &#038; Swimwear\"}]},{\"@type\":\"WebSite\",\"@id\":\"https:\/\/jolidon.com\/#website\",\"url\":\"https:\/\/jolidon.com\/\",\"name\":\"Jolidon\",\"description\":\"European Fashion Lingerie\",\"publisher\":{\"@id\":\"https:\/\/jolidon.com\/#organization\"},\"potentialAction\":[{\"@type\":\"SearchAction\",\"target\":{\"@type\":\"EntryPoint\",\"urlTemplate\":\"https:\/\/jolidon.com\/?s={search_term_string}\"},\"query-input\":{\"@type\":\"PropertyValueSpecification\",\"valueRequired\":true,\"valueName\":\"search_term_string\"}}],\"inLanguage\":\"fr-FR\"},{\"@type\":\"Organization\",\"@id\":\"https:\/\/jolidon.com\/#organization\",\"name\":\"Jolidon\",\"url\":\"https:\/\/jolidon.com\/\",\"logo\":{\"@type\":\"ImageObject\",\"inLanguage\":\"fr-FR\",\"@id\":\"https:\/\/jolidon.com\/#\/schema\/logo\/image\/\",\"url\":\"https:\/\/jolidon.com\/wp-content\/uploads\/2021\/05\/jolidon-european-neg-pe-alb.png\",\"contentUrl\":\"https:\/\/jolidon.com\/wp-content\/uploads\/2021\/05\/jolidon-european-neg-pe-alb.png\",\"width\":600,\"height\":600,\"caption\":\"Jolidon\"},\"image\":{\"@id\":\"https:\/\/jolidon.com\/#\/schema\/logo\/image\/\"},\"sameAs\":[\"https:\/\/www.facebook.com\/JolidonInternational\",\"https:\/\/www.instagram.com\/jolidon\",\"https:\/\/www.pinterest.com\/jolidon\",\"https:\/\/www.youtube.com\/user\/JolidonInternational\"]}]}<\/script>\n","yoast_head_json":{"title":"Jolidon - European Fashion Lingerie & Swimwear - Jolidon","robots":{"index":"index","follow":"follow","max-snippet":"max-snippet:-1","max-image-preview":"max-image-preview:large","max-video-preview":"max-video-preview:-1"},"canonical":"https:\/\/jolidon.com\/fr\/","og_locale":"fr_FR","og_type":"article","og_title":"Jolidon - European Fashion Lingerie & Swimwear - Jolidon","og_description":"[vc_row content_width=\u00a0\u00bbgrid\u00a0\u00bb css_animation=\u00a0\u00bbqodef-element-from-bottom\u00a0\u00bb css=\u00a0\u00bb.vc_custom_1622627967233{background-color: #ffffff !important;}\u00a0\u00bb][vc_column offset=\u00a0\u00bbvc_col-lg-4 vc_hidden-sm vc_hidden-xs\u00a0\u00bb css=\u00a0\u00bb.vc_custom_1622628053314{border-bottom-width: 80px !important;padding-top: 80px !important;}\u00a0\u00bb][vc_empty_space height=\u00a0\u00bb40px\u00a0\u00bb][vc_column_text] Jolidon [\/vc_column_text][vc_empty_space height=\u00a0\u00bb30px\u00a0\u00bb][vc_column_text]Jolidon\u00a0est une marque europ\u00e9enne de lingerie et de maillots de bain, qui allie la qualit\u00e9 technologique de ses produits \u00e0 la cr\u00e9ativit\u00e9 du design, s\u2019inspirant des derni\u00e8res tendances...","og_url":"https:\/\/jolidon.com\/fr\/","og_site_name":"Jolidon","article_publisher":"https:\/\/www.facebook.com\/JolidonInternational","article_modified_time":"2023-01-20T07:23:47+00:00","og_image":[{"width":1920,"height":1100,"url":"https:\/\/jolidon.com\/wp-content\/uploads\/2015\/12\/1res.jpg","type":"image\/jpeg"}],"twitter_card":"summary_large_image","twitter_misc":{"Dur\u00e9e de lecture estim\u00e9e":"3 minutes"},"schema":{"@context":"https:\/\/schema.org","@graph":[{"@type":"WebPage","@id":"https:\/\/jolidon.com\/fr\/","url":"https:\/\/jolidon.com\/fr\/","name":"Jolidon - European Fashion Lingerie & Swimwear - Jolidon","isPartOf":{"@id":"https:\/\/jolidon.com\/#website"},"datePublished":"2015-12-30T13:33:02+00:00","dateModified":"2023-01-20T07:23:47+00:00","breadcrumb":{"@id":"https:\/\/jolidon.com\/fr\/#breadcrumb"},"inLanguage":"fr-FR","potentialAction":[{"@type":"ReadAction","target":["https:\/\/jolidon.com\/fr\/"]}]},{"@type":"BreadcrumbList","@id":"https:\/\/jolidon.com\/fr\/#breadcrumb","itemListElement":[{"@type":"ListItem","position":1,"name":"Home","item":"https:\/\/jolidon.com\/fr\/"},{"@type":"ListItem","position":2,"name":"Jolidon &#8211; European Fashion Lingerie &#038; Swimwear"}]},{"@type":"WebSite","@id":"https:\/\/jolidon.com\/#website","url":"https:\/\/jolidon.com\/","name":"Jolidon","description":"European Fashion Lingerie","publisher":{"@id":"https:\/\/jolidon.com\/#organization"},"potentialAction":[{"@type":"SearchAction","target":{"@type":"EntryPoint","urlTemplate":"https:\/\/jolidon.com\/?s={search_term_string}"},"query-input":{"@type":"PropertyValueSpecification","valueRequired":true,"valueName":"search_term_string"}}],"inLanguage":"fr-FR"},{"@type":"Organization","@id":"https:\/\/jolidon.com\/#organization","name":"Jolidon","url":"https:\/\/jolidon.com\/","logo":{"@type":"ImageObject","inLanguage":"fr-FR","@id":"https:\/\/jolidon.com\/#\/schema\/logo\/image\/","url":"https:\/\/jolidon.com\/wp-content\/uploads\/2021\/05\/jolidon-european-neg-pe-alb.png","contentUrl":"https:\/\/jolidon.com\/wp-content\/uploads\/2021\/05\/jolidon-european-neg-pe-alb.png","width":600,"height":600,"caption":"Jolidon"},"image":{"@id":"https:\/\/jolidon.com\/#\/schema\/logo\/image\/"},"sameAs":["https:\/\/www.facebook.com\/JolidonInternational","https:\/\/www.instagram.com\/jolidon","https:\/\/www.pinterest.com\/jolidon","https:\/\/www.youtube.com\/user\/JolidonInternational"]}]}},"jetpack_sharing_enabled":true,"_links":{"self":[{"href":"https:\/\/jolidon.com\/fr\/wp-json\/wp\/v2\/pages\/5371","targetHints":{"allow":["GET"]}}],"collection":[{"href":"https:\/\/jolidon.com\/fr\/wp-json\/wp\/v2\/pages"}],"about":[{"href":"https:\/\/jolidon.com\/fr\/wp-json\/wp\/v2\/types\/page"}],"author":[{"embeddable":true,"href":"https:\/\/jolidon.com\/fr\/wp-json\/wp\/v2\/users\/1"}],"replies":[{"embeddable":true,"href":"https:\/\/jolidon.com\/fr\/wp-json\/wp\/v2\/comments?post=5371"}],"version-history":[{"count":15,"href":"https:\/\/jolidon.com\/fr\/wp-json\/wp\/v2\/pages\/5371\/revisions"}],"predecessor-version":[{"id":31923,"href":"https:\/\/jolidon.com\/fr\/wp-json\/wp\/v2\/pages\/5371\/revisions\/31923"}],"wp:attachment":[{"href":"https:\/\/jolidon.com\/fr\/wp-json\/wp\/v2\/media?parent=5371"}],"curies":[{"name":"wp","href":"https:\/\/api.w.org\/{rel}","templated":true}]}}