{"id":5625,"date":"2021-05-28T10:05:06","date_gmt":"2021-05-28T10:05:06","guid":{"rendered":"https:\/\/jol.markera.ro\/?page_id=5625"},"modified":"2021-05-29T09:09:59","modified_gmt":"2021-05-29T06:09:59","slug":"jolidon-men","status":"publish","type":"page","link":"https:\/\/jolidon.com\/fr\/collections\/jolidon-men\/","title":{"rendered":"Jolidon Men"},"content":{"rendered":"<div class=\"wpb-content-wrapper\"><p>[vc_row content_width=\u00a0\u00bbgrid\u00a0\u00bb css=\u00a0\u00bb.vc_custom_1450101411491{padding-top: 69px !important;padding-bottom: 35px !important;}\u00a0\u00bb][vc_column width=\u00a0\u00bb1\/3&Prime;][vc_column_text]<\/p>\n<h6>Qualit\u00e9 &amp; Confort<\/h6>\n<p>[\/vc_column_text][vc_empty_space height=\u00a0\u00bb4px\u00a0\u00bb][vc_column_text]<\/p>\n<h2>Jolidon Men<\/h2>\n<p>[\/vc_column_text][vc_empty_space height=\u00a0\u00bb30px\u00a0\u00bb][\/vc_column][vc_column width=\u00a0\u00bb2\/3&Prime;][vc_column_text]<\/p>\n<div class=\"wpb_text_column wpb_content_element \">\n<div class=\"wpb_wrapper\">\n<h4>Jolidon Men Collection fait partie de la sous-marque de Jolidon, Jolidon Essentials, qui comprend plus de 50 styles diff\u00e9rents de sous-v\u00eatements et de v\u00eatements de d\u00e9tente pour lui, con\u00e7us et fabriqu\u00e9s dans notre propre usine en Europe, avec des tissus et des \u00e9lastiques exclusivement europ\u00e9ens, de fournisseurs bien appr\u00e9ci\u00e9s.<\/h4>\n<\/div>\n<\/div>\n<p>[\/vc_column_text][vc_empty_space height=\u00a0\u00bb15px\u00a0\u00bb][vc_column_text]<\/p>\n<div class=\"wpb_text_column wpb_content_element \">\n<div class=\"wpb_wrapper\"><\/div>\n<\/div>\n<div class=\"wpb_text_column wpb_content_element \">\n<div class=\"wpb_wrapper\">\n<h4>L\u2019une des principales forces de notre marque consiste \u00e0 fournir la meilleure qualit\u00e9, \u00e0 la fois dans la conception et la fabrication, pour chaque produit de notre collection de sous-v\u00eatements pour hommes.<\/h4>\n<\/div>\n<\/div>\n<p>[\/vc_column_text][vc_empty_space height=\u00a0\u00bb15px\u00a0\u00bb][vc_column_text]<\/p>\n<div class=\"wpb_text_column wpb_content_element \">\n<div class=\"wpb_wrapper\"><\/div>\n<\/div>\n<div class=\"wpb_text_column wpb_content_element \">\n<div class=\"wpb_wrapper\">\n<h4>L\u2019objectif de notre collection de sous-v\u00eatements pour hommes a toujours \u00e9t\u00e9 d\u2019offrir un grand confort et un style \u00e0 une palette vari\u00e9e de clients.<\/h4>\n<\/div>\n<\/div>\n<p>[\/vc_column_text][vc_empty_space height=\u00a0\u00bb15px\u00a0\u00bb][vc_column_text]<\/p>\n<h4>Les tissus de qualit\u00e9, l\u2019ex\u00e9cution sans faille et les styles que nous concevons et fabriquons se sont d\u00e9marqu\u00e9s au fil des ans parmi nos clients, \u00e9tablissant avec eux une relation de confiance, nous inspirant ainsi \u00e0 continuer \u00e0 cr\u00e9er pour leurs int\u00e9r\u00eats et leurs besoins.<\/h4>\n<p>[\/vc_column_text][vc_empty_space height=\u00a0\u00bb15px\u00a0\u00bb][\/vc_column][\/vc_row][vc_row][vc_column offset=\u00a0\u00bbvc_hidden-sm vc_hidden-xs\u00a0\u00bb][vc_empty_space height=\u00a0\u00bb33px\u00a0\u00bb]<div class = \"qodef-portfolio-list-holder-outer qodef-ptf-gallery qodef-portfolio-slider-holder\" data-next-page= 2 data-type= gallery data-columns= three data-grid-size= three data-order-by= date data-order= ASC data-number= 3 data-image-size= full data-filter= no data-filter-order-by= name data-category= jolidon-men-collections data-show-load-more= no data-title-tag= h3 data-items= 3 data-max-num-pages = 1><div class = \"qodef-portfolio-list-holder clearfix \" ><article class=\"qodef-portfolio-item mix portfolio_category_361 portfolio_category_352\" >\n\t<a class =\"qodef-portfolio-link\" href=\"https:\/\/jolidon.com\/fr\/portfolio-item\/jolidon-men-essentials\/\" target=\"_self\">\n\t<div class = \"qodef-item-image-holder\">\n\t\t<span class=\"qodef-item-image-overlay\"><\/span>\n\t<img loading=\"lazy\" decoding=\"async\" width=\"1080\" height=\"1080\" src=\"https:\/\/jolidon.com\/wp-content\/uploads\/2021\/05\/5-essentials-men-1.jpg\" class=\"attachment-full size-full wp-post-image\" alt=\"\" srcset=\"https:\/\/jolidon.com\/wp-content\/uploads\/2021\/05\/5-essentials-men-1.jpg 1080w, https:\/\/jolidon.com\/wp-content\/uploads\/2021\/05\/5-essentials-men-1-300x300.jpg 300w, https:\/\/jolidon.com\/wp-content\/uploads\/2021\/05\/5-essentials-men-1-1024x1024.jpg 1024w, https:\/\/jolidon.com\/wp-content\/uploads\/2021\/05\/5-essentials-men-1-150x150.jpg 150w, https:\/\/jolidon.com\/wp-content\/uploads\/2021\/05\/5-essentials-men-1-768x768.jpg 768w, https:\/\/jolidon.com\/wp-content\/uploads\/2021\/05\/5-essentials-men-1-550x550.jpg 550w, https:\/\/jolidon.com\/wp-content\/uploads\/2021\/05\/5-essentials-men-1-1000x1000.jpg 1000w\" sizes=\"auto, (max-width: 1080px) 100vw, 1080px\" \/>\t\t\t\t\n\t<\/div>\n\t<div class=\"qodef-item-text-overlay\">\n\t\t<div class=\"qodef-item-text-overlay-inner\">\n\t\t\t<div class=\"qodef-item-text-holder\">\n\t\t\t\t<div class=\"qodef-ptf-category-holder\"><span>Jolidon Men Essentials<\/span> \/ <span>Jolidon Men<\/span><\/div>\t\t\t\t<h3 class=\"qodef-item-title\">\n\t\t\t\t\tJolidon Men Essentials\t\t\t\t<\/h3>\t\n\n\t\t\t<\/div>\n\t\t<\/div>\t\n\t<\/div>\n\t<\/a>\n<\/article>\n<article class=\"qodef-portfolio-item mix portfolio_category_362 portfolio_category_352\" >\n\t<a class =\"qodef-portfolio-link\" href=\"https:\/\/jolidon.com\/fr\/portfolio-item\/jolidon-men-swimwear\/\" target=\"_self\">\n\t<div class = \"qodef-item-image-holder\">\n\t\t<span class=\"qodef-item-image-overlay\"><\/span>\n\t<img loading=\"lazy\" decoding=\"async\" width=\"1080\" height=\"1080\" src=\"https:\/\/jolidon.com\/wp-content\/uploads\/2021\/05\/2.-sort-de-baie-barbati.jpg\" class=\"attachment-full size-full wp-post-image\" alt=\"\" srcset=\"https:\/\/jolidon.com\/wp-content\/uploads\/2021\/05\/2.-sort-de-baie-barbati.jpg 1080w, https:\/\/jolidon.com\/wp-content\/uploads\/2021\/05\/2.-sort-de-baie-barbati-300x300.jpg 300w, https:\/\/jolidon.com\/wp-content\/uploads\/2021\/05\/2.-sort-de-baie-barbati-1024x1024.jpg 1024w, https:\/\/jolidon.com\/wp-content\/uploads\/2021\/05\/2.-sort-de-baie-barbati-150x150.jpg 150w, https:\/\/jolidon.com\/wp-content\/uploads\/2021\/05\/2.-sort-de-baie-barbati-768x768.jpg 768w, https:\/\/jolidon.com\/wp-content\/uploads\/2021\/05\/2.-sort-de-baie-barbati-550x550.jpg 550w, https:\/\/jolidon.com\/wp-content\/uploads\/2021\/05\/2.-sort-de-baie-barbati-1000x1000.jpg 1000w\" sizes=\"auto, (max-width: 1080px) 100vw, 1080px\" \/>\t\t\t\t\n\t<\/div>\n\t<div class=\"qodef-item-text-overlay\">\n\t\t<div class=\"qodef-item-text-overlay-inner\">\n\t\t\t<div class=\"qodef-item-text-holder\">\n\t\t\t\t<div class=\"qodef-ptf-category-holder\"><span>Jolidon Men Swimwear<\/span> \/ <span>Jolidon Men<\/span><\/div>\t\t\t\t<h3 class=\"qodef-item-title\">\n\t\t\t\t\tJolidon Men Swimwear\t\t\t\t<\/h3>\t\n\n\t\t\t<\/div>\n\t\t<\/div>\t\n\t<\/div>\n\t<\/a>\n<\/article>\n<article class=\"qodef-portfolio-item mix portfolio_category_363 portfolio_category_352\" >\n\t<a class =\"qodef-portfolio-link\" href=\"https:\/\/jolidon.com\/fr\/portfolio-item\/jolidon-men-polo\/\" target=\"_self\">\n\t<div class = \"qodef-item-image-holder\">\n\t\t<span class=\"qodef-item-image-overlay\"><\/span>\n\t<img loading=\"lazy\" decoding=\"async\" width=\"1425\" height=\"1426\" src=\"https:\/\/jolidon.com\/wp-content\/uploads\/2021\/05\/2-polo-barabti-4.jpg\" class=\"attachment-full size-full wp-post-image\" alt=\"\" srcset=\"https:\/\/jolidon.com\/wp-content\/uploads\/2021\/05\/2-polo-barabti-4.jpg 1425w, https:\/\/jolidon.com\/wp-content\/uploads\/2021\/05\/2-polo-barabti-4-300x300.jpg 300w, https:\/\/jolidon.com\/wp-content\/uploads\/2021\/05\/2-polo-barabti-4-1024x1024.jpg 1024w, https:\/\/jolidon.com\/wp-content\/uploads\/2021\/05\/2-polo-barabti-4-150x150.jpg 150w, https:\/\/jolidon.com\/wp-content\/uploads\/2021\/05\/2-polo-barabti-4-768x769.jpg 768w, https:\/\/jolidon.com\/wp-content\/uploads\/2021\/05\/2-polo-barabti-4-550x550.jpg 550w, https:\/\/jolidon.com\/wp-content\/uploads\/2021\/05\/2-polo-barabti-4-1000x1000.jpg 1000w\" sizes=\"auto, (max-width: 1425px) 100vw, 1425px\" \/>\t\t\t\t\n\t<\/div>\n\t<div class=\"qodef-item-text-overlay\">\n\t\t<div class=\"qodef-item-text-overlay-inner\">\n\t\t\t<div class=\"qodef-item-text-holder\">\n\t\t\t\t<div class=\"qodef-ptf-category-holder\"><span>Jolidon Men Polo<\/span> \/ <span>Jolidon Men<\/span><\/div>\t\t\t\t<h3 class=\"qodef-item-title\">\n\t\t\t\t\tJolidon Men Polo\t\t\t\t<\/h3>\t\n\n\t\t\t<\/div>\n\t\t<\/div>\t\n\t<\/div>\n\t<\/a>\n<\/article>\n<\/div><\/div>[vc_empty_space height=\u00a0\u00bb33px\u00a0\u00bb][\/vc_column][\/vc_row][vc_row][vc_column offset=\u00a0\u00bbvc_hidden-lg vc_hidden-md\u00a0\u00bb][vc_empty_space height=\u00a0\u00bb33px\u00a0\u00bb][vc_empty_space height=\u00a0\u00bb33px\u00a0\u00bb]<div class = \"qodef-portfolio-list-holder-outer qodef-ptf-standard qodef-ptf-three-columns\" data-next-page= 2 data-type= standard data-columns= three data-grid-size= three data-order-by= date data-order= ASC data-number= 3 data-image-size= square data-filter= no data-filter-order-by= name data-category= jolidon-men-collections data-show-load-more= no data-title-tag= h3 data-max-num-pages = 1><div class = \"qodef-portfolio-list-holder clearfix \" >\n<article class=\"qodef-portfolio-item mix portfolio_category_361 portfolio_category_352\">\n\t<div class = \"qodef-item-image-holder\">\t\t\n\t\t<a href=\"https:\/\/jolidon.com\/fr\/portfolio-item\/jolidon-men-essentials\/\" target=\"_self\">\n\t\t\t<img loading=\"lazy\" decoding=\"async\" width=\"550\" height=\"550\" src=\"https:\/\/jolidon.com\/wp-content\/uploads\/2021\/05\/5-essentials-men-1-550x550.jpg\" class=\"attachment-kloe_qodef_square size-kloe_qodef_square wp-post-image\" alt=\"\" srcset=\"https:\/\/jolidon.com\/wp-content\/uploads\/2021\/05\/5-essentials-men-1-550x550.jpg 550w, https:\/\/jolidon.com\/wp-content\/uploads\/2021\/05\/5-essentials-men-1-300x300.jpg 300w, https:\/\/jolidon.com\/wp-content\/uploads\/2021\/05\/5-essentials-men-1-1024x1024.jpg 1024w, https:\/\/jolidon.com\/wp-content\/uploads\/2021\/05\/5-essentials-men-1-150x150.jpg 150w, https:\/\/jolidon.com\/wp-content\/uploads\/2021\/05\/5-essentials-men-1-768x768.jpg 768w, https:\/\/jolidon.com\/wp-content\/uploads\/2021\/05\/5-essentials-men-1-1000x1000.jpg 1000w, https:\/\/jolidon.com\/wp-content\/uploads\/2021\/05\/5-essentials-men-1.jpg 1080w\" sizes=\"auto, (max-width: 550px) 100vw, 550px\" \/>\t\t\t<span class=\"qodef-item-image-overlay\"><\/span>\n\t\t<\/a>\n\t\t<div class=\"qodef-item-icons-holder\"><a class=\"qodef-portfolio-lightbox\" title=\"Jolidon Men Essentials\" href=\"https:\/\/jolidon.com\/wp-content\/uploads\/2021\/05\/5-essentials-men-1.jpg\" data-rel=\"prettyPhoto[pretty_photo_gallery]\"><\/a><a class=\"qodef-like\" data-type=\"portfolio_list\" id=\"qodef-like-5534-320\" title=\"Like this\"><\/a><a class=\"qodef-preview\" title=\"Go to Project\" href=\"https:\/\/jolidon.com\/fr\/portfolio-item\/jolidon-men-essentials\/\" data-type=\"portfolio_list\"><\/a><\/div>\t<\/div>\n\t<div class=\"qodef-item-text-holder\">\n\t\t<h3 class=\"qodef-item-title\">\n\t\t\t<a href=\"https:\/\/jolidon.com\/fr\/portfolio-item\/jolidon-men-essentials\/\" target=\"_self\">\n\t\t\t\tJolidon Men Essentials\t\t\t<\/a>\t\n\t\t<\/h3>\t\n\t\t<div class=\"qodef-ptf-category-holder\"><span>Jolidon Men Essentials<\/span> \/ <span>Jolidon Men<\/span><\/div>\t<\/div>\n<\/article>\n\n\n<article class=\"qodef-portfolio-item mix portfolio_category_362 portfolio_category_352\">\n\t<div class = \"qodef-item-image-holder\">\t\t\n\t\t<a href=\"https:\/\/jolidon.com\/fr\/portfolio-item\/jolidon-men-swimwear\/\" target=\"_self\">\n\t\t\t<img loading=\"lazy\" decoding=\"async\" width=\"550\" height=\"550\" src=\"https:\/\/jolidon.com\/wp-content\/uploads\/2021\/05\/2.-sort-de-baie-barbati-550x550.jpg\" class=\"attachment-kloe_qodef_square size-kloe_qodef_square wp-post-image\" alt=\"\" srcset=\"https:\/\/jolidon.com\/wp-content\/uploads\/2021\/05\/2.-sort-de-baie-barbati-550x550.jpg 550w, https:\/\/jolidon.com\/wp-content\/uploads\/2021\/05\/2.-sort-de-baie-barbati-300x300.jpg 300w, https:\/\/jolidon.com\/wp-content\/uploads\/2021\/05\/2.-sort-de-baie-barbati-1024x1024.jpg 1024w, https:\/\/jolidon.com\/wp-content\/uploads\/2021\/05\/2.-sort-de-baie-barbati-150x150.jpg 150w, https:\/\/jolidon.com\/wp-content\/uploads\/2021\/05\/2.-sort-de-baie-barbati-768x768.jpg 768w, https:\/\/jolidon.com\/wp-content\/uploads\/2021\/05\/2.-sort-de-baie-barbati-1000x1000.jpg 1000w, https:\/\/jolidon.com\/wp-content\/uploads\/2021\/05\/2.-sort-de-baie-barbati.jpg 1080w\" sizes=\"auto, (max-width: 550px) 100vw, 550px\" \/>\t\t\t<span class=\"qodef-item-image-overlay\"><\/span>\n\t\t<\/a>\n\t\t<div class=\"qodef-item-icons-holder\"><a class=\"qodef-portfolio-lightbox\" title=\"Jolidon Men Swimwear\" href=\"https:\/\/jolidon.com\/wp-content\/uploads\/2021\/05\/2.-sort-de-baie-barbati.jpg\" data-rel=\"prettyPhoto[pretty_photo_gallery]\"><\/a><a class=\"qodef-like\" data-type=\"portfolio_list\" id=\"qodef-like-5520-243\" title=\"Like this\"><\/a><a class=\"qodef-preview\" title=\"Go to Project\" href=\"https:\/\/jolidon.com\/fr\/portfolio-item\/jolidon-men-swimwear\/\" data-type=\"portfolio_list\"><\/a><\/div>\t<\/div>\n\t<div class=\"qodef-item-text-holder\">\n\t\t<h3 class=\"qodef-item-title\">\n\t\t\t<a href=\"https:\/\/jolidon.com\/fr\/portfolio-item\/jolidon-men-swimwear\/\" target=\"_self\">\n\t\t\t\tJolidon Men Swimwear\t\t\t<\/a>\t\n\t\t<\/h3>\t\n\t\t<div class=\"qodef-ptf-category-holder\"><span>Jolidon Men Swimwear<\/span> \/ <span>Jolidon Men<\/span><\/div>\t<\/div>\n<\/article>\n\n\n<article class=\"qodef-portfolio-item mix portfolio_category_363 portfolio_category_352\">\n\t<div class = \"qodef-item-image-holder\">\t\t\n\t\t<a href=\"https:\/\/jolidon.com\/fr\/portfolio-item\/jolidon-men-polo\/\" target=\"_self\">\n\t\t\t<img loading=\"lazy\" decoding=\"async\" width=\"550\" height=\"550\" src=\"https:\/\/jolidon.com\/wp-content\/uploads\/2021\/05\/2-polo-barabti-4-550x550.jpg\" class=\"attachment-kloe_qodef_square size-kloe_qodef_square wp-post-image\" alt=\"\" srcset=\"https:\/\/jolidon.com\/wp-content\/uploads\/2021\/05\/2-polo-barabti-4-550x550.jpg 550w, https:\/\/jolidon.com\/wp-content\/uploads\/2021\/05\/2-polo-barabti-4-300x300.jpg 300w, https:\/\/jolidon.com\/wp-content\/uploads\/2021\/05\/2-polo-barabti-4-1024x1024.jpg 1024w, https:\/\/jolidon.com\/wp-content\/uploads\/2021\/05\/2-polo-barabti-4-150x150.jpg 150w, https:\/\/jolidon.com\/wp-content\/uploads\/2021\/05\/2-polo-barabti-4-768x769.jpg 768w, https:\/\/jolidon.com\/wp-content\/uploads\/2021\/05\/2-polo-barabti-4-1000x1000.jpg 1000w, https:\/\/jolidon.com\/wp-content\/uploads\/2021\/05\/2-polo-barabti-4.jpg 1425w\" sizes=\"auto, (max-width: 550px) 100vw, 550px\" \/>\t\t\t<span class=\"qodef-item-image-overlay\"><\/span>\n\t\t<\/a>\n\t\t<div class=\"qodef-item-icons-holder\"><a class=\"qodef-portfolio-lightbox\" title=\"Jolidon Men Polo\" href=\"https:\/\/jolidon.com\/wp-content\/uploads\/2021\/05\/2-polo-barabti-4.jpg\" data-rel=\"prettyPhoto[pretty_photo_gallery]\"><\/a><a class=\"qodef-like\" data-type=\"portfolio_list\" id=\"qodef-like-5514-951\" title=\"Like this\"><\/a><a class=\"qodef-preview\" title=\"Go to Project\" href=\"https:\/\/jolidon.com\/fr\/portfolio-item\/jolidon-men-polo\/\" data-type=\"portfolio_list\"><\/a><\/div>\t<\/div>\n\t<div class=\"qodef-item-text-holder\">\n\t\t<h3 class=\"qodef-item-title\">\n\t\t\t<a href=\"https:\/\/jolidon.com\/fr\/portfolio-item\/jolidon-men-polo\/\" target=\"_self\">\n\t\t\t\tJolidon Men Polo\t\t\t<\/a>\t\n\t\t<\/h3>\t\n\t\t<div class=\"qodef-ptf-category-holder\"><span>Jolidon Men Polo<\/span> \/ <span>Jolidon Men<\/span><\/div>\t<\/div>\n<\/article>\n\n<div class='qodef-filler'><\/div>\n<div class='qodef-filler'><\/div>\n<div class='qodef-filler'><\/div>\n<\/div><\/div>[\/vc_column][\/vc_row]<\/p>\n<\/div>","protected":false},"excerpt":{"rendered":"<p>[vc_row content_width=\u00a0\u00bbgrid\u00a0\u00bb css=\u00a0\u00bb.vc_custom_1450101411491{padding-top: 69px !important;padding-bottom: 35px !important;}\u00a0\u00bb][vc_column width=\u00a0\u00bb1\/3&Prime;][vc_column_text] Qualit\u00e9 &amp; Confort [\/vc_column_text][vc_empty_space height=\u00a0\u00bb4px\u00a0\u00bb][vc_column_text] Jolidon Men [\/vc_column_text][vc_empty_space height=\u00a0\u00bb30px\u00a0\u00bb][\/vc_column][vc_column width=\u00a0\u00bb2\/3&Prime;][vc_column_text] Jolidon Men Collection fait partie de la sous-marque de Jolidon, Jolidon Essentials, qui comprend plus de 50 styles diff\u00e9rents de sous-v\u00eatements et de v\u00eatements de d\u00e9tente pour&#8230;<\/p>\n","protected":false},"author":1,"featured_media":0,"parent":5599,"menu_order":0,"comment_status":"closed","ping_status":"closed","template":"","meta":{"_monsterinsights_skip_tracking":false,"_monsterinsights_sitenote_active":false,"_monsterinsights_sitenote_note":"","_monsterinsights_sitenote_category":0,"_uf_show_specific_survey":0,"_uf_disable_surveys":false,"footnotes":""},"class_list":["post-5625","page","type-page","status-publish","hentry"],"yoast_head":"\n<title>Jolidon Men - Jolidon<\/title>\n<meta name=\"robots\" content=\"index, follow, max-snippet:-1, max-image-preview:large, max-video-preview:-1\" \/>\n<link rel=\"canonical\" href=\"https:\/\/jolidon.com\/fr\/collections\/jolidon-men\/\" \/>\n<meta property=\"og:locale\" content=\"fr_FR\" \/>\n<meta property=\"og:type\" content=\"article\" \/>\n<meta property=\"og:title\" content=\"Jolidon Men - Jolidon\" \/>\n<meta property=\"og:description\" content=\"[vc_row content_width=\u00a0\u00bbgrid\u00a0\u00bb css=\u00a0\u00bb.vc_custom_1450101411491{padding-top: 69px !important;padding-bottom: 35px !important;}\u00a0\u00bb][vc_column width=\u00a0\u00bb1\/3&Prime;][vc_column_text] Qualit\u00e9 &amp; Confort [\/vc_column_text][vc_empty_space height=\u00a0\u00bb4px\u00a0\u00bb][vc_column_text] Jolidon Men [\/vc_column_text][vc_empty_space height=\u00a0\u00bb30px\u00a0\u00bb][\/vc_column][vc_column width=\u00a0\u00bb2\/3&Prime;][vc_column_text] Jolidon Men Collection fait partie de la sous-marque de Jolidon, Jolidon Essentials, qui comprend plus de 50 styles diff\u00e9rents de sous-v\u00eatements et de v\u00eatements de d\u00e9tente pour...\" \/>\n<meta property=\"og:url\" content=\"https:\/\/jolidon.com\/fr\/collections\/jolidon-men\/\" \/>\n<meta property=\"og:site_name\" content=\"Jolidon\" \/>\n<meta property=\"article:publisher\" content=\"https:\/\/www.facebook.com\/JolidonInternational\" \/>\n<meta property=\"article:modified_time\" content=\"2021-05-29T06:09:59+00:00\" \/>\n<meta property=\"og:image\" content=\"https:\/\/jolidon.com\/wp-content\/uploads\/2015\/12\/1res.jpg\" \/>\n\t<meta property=\"og:image:width\" content=\"1920\" \/>\n\t<meta property=\"og:image:height\" content=\"1100\" \/>\n\t<meta property=\"og:image:type\" content=\"image\/jpeg\" \/>\n<meta name=\"twitter:card\" content=\"summary_large_image\" \/>\n<meta name=\"twitter:label1\" content=\"Dur\u00e9e de lecture estim\u00e9e\" \/>\n\t<meta name=\"twitter:data1\" content=\"1 minute\" \/>\n<script type=\"application\/ld+json\" class=\"yoast-schema-graph\">{\"@context\":\"https:\/\/schema.org\",\"@graph\":[{\"@type\":\"WebPage\",\"@id\":\"https:\/\/jolidon.com\/fr\/collections\/jolidon-men\/\",\"url\":\"https:\/\/jolidon.com\/fr\/collections\/jolidon-men\/\",\"name\":\"Jolidon Men - Jolidon\",\"isPartOf\":{\"@id\":\"https:\/\/jolidon.com\/#website\"},\"datePublished\":\"2021-05-28T10:05:06+00:00\",\"dateModified\":\"2021-05-29T06:09:59+00:00\",\"breadcrumb\":{\"@id\":\"https:\/\/jolidon.com\/fr\/collections\/jolidon-men\/#breadcrumb\"},\"inLanguage\":\"fr-FR\",\"potentialAction\":[{\"@type\":\"ReadAction\",\"target\":[\"https:\/\/jolidon.com\/fr\/collections\/jolidon-men\/\"]}]},{\"@type\":\"BreadcrumbList\",\"@id\":\"https:\/\/jolidon.com\/fr\/collections\/jolidon-men\/#breadcrumb\",\"itemListElement\":[{\"@type\":\"ListItem\",\"position\":1,\"name\":\"Home\",\"item\":\"https:\/\/jolidon.com\/fr\/\"},{\"@type\":\"ListItem\",\"position\":2,\"name\":\"Collections\",\"item\":\"https:\/\/jolidon.com\/fr\/collections\/\"},{\"@type\":\"ListItem\",\"position\":3,\"name\":\"Jolidon Men\"}]},{\"@type\":\"WebSite\",\"@id\":\"https:\/\/jolidon.com\/#website\",\"url\":\"https:\/\/jolidon.com\/\",\"name\":\"Jolidon\",\"description\":\"European Fashion Lingerie\",\"publisher\":{\"@id\":\"https:\/\/jolidon.com\/#organization\"},\"potentialAction\":[{\"@type\":\"SearchAction\",\"target\":{\"@type\":\"EntryPoint\",\"urlTemplate\":\"https:\/\/jolidon.com\/?s={search_term_string}\"},\"query-input\":{\"@type\":\"PropertyValueSpecification\",\"valueRequired\":true,\"valueName\":\"search_term_string\"}}],\"inLanguage\":\"fr-FR\"},{\"@type\":\"Organization\",\"@id\":\"https:\/\/jolidon.com\/#organization\",\"name\":\"Jolidon\",\"url\":\"https:\/\/jolidon.com\/\",\"logo\":{\"@type\":\"ImageObject\",\"inLanguage\":\"fr-FR\",\"@id\":\"https:\/\/jolidon.com\/#\/schema\/logo\/image\/\",\"url\":\"https:\/\/jolidon.com\/wp-content\/uploads\/2021\/05\/jolidon-european-neg-pe-alb.png\",\"contentUrl\":\"https:\/\/jolidon.com\/wp-content\/uploads\/2021\/05\/jolidon-european-neg-pe-alb.png\",\"width\":600,\"height\":600,\"caption\":\"Jolidon\"},\"image\":{\"@id\":\"https:\/\/jolidon.com\/#\/schema\/logo\/image\/\"},\"sameAs\":[\"https:\/\/www.facebook.com\/JolidonInternational\",\"https:\/\/www.instagram.com\/jolidon\",\"https:\/\/www.pinterest.com\/jolidon\",\"https:\/\/www.youtube.com\/user\/JolidonInternational\"]}]}<\/script>\n","yoast_head_json":{"title":"Jolidon Men - Jolidon","robots":{"index":"index","follow":"follow","max-snippet":"max-snippet:-1","max-image-preview":"max-image-preview:large","max-video-preview":"max-video-preview:-1"},"canonical":"https:\/\/jolidon.com\/fr\/collections\/jolidon-men\/","og_locale":"fr_FR","og_type":"article","og_title":"Jolidon Men - Jolidon","og_description":"[vc_row content_width=\u00a0\u00bbgrid\u00a0\u00bb css=\u00a0\u00bb.vc_custom_1450101411491{padding-top: 69px !important;padding-bottom: 35px !important;}\u00a0\u00bb][vc_column width=\u00a0\u00bb1\/3&Prime;][vc_column_text] Qualit\u00e9 &amp; Confort [\/vc_column_text][vc_empty_space height=\u00a0\u00bb4px\u00a0\u00bb][vc_column_text] Jolidon Men [\/vc_column_text][vc_empty_space height=\u00a0\u00bb30px\u00a0\u00bb][\/vc_column][vc_column width=\u00a0\u00bb2\/3&Prime;][vc_column_text] Jolidon Men Collection fait partie de la sous-marque de Jolidon, Jolidon Essentials, qui comprend plus de 50 styles diff\u00e9rents de sous-v\u00eatements et de v\u00eatements de d\u00e9tente pour...","og_url":"https:\/\/jolidon.com\/fr\/collections\/jolidon-men\/","og_site_name":"Jolidon","article_publisher":"https:\/\/www.facebook.com\/JolidonInternational","article_modified_time":"2021-05-29T06:09:59+00:00","og_image":[{"width":1920,"height":1100,"url":"https:\/\/jolidon.com\/wp-content\/uploads\/2015\/12\/1res.jpg","type":"image\/jpeg"}],"twitter_card":"summary_large_image","twitter_misc":{"Dur\u00e9e de lecture estim\u00e9e":"1 minute"},"schema":{"@context":"https:\/\/schema.org","@graph":[{"@type":"WebPage","@id":"https:\/\/jolidon.com\/fr\/collections\/jolidon-men\/","url":"https:\/\/jolidon.com\/fr\/collections\/jolidon-men\/","name":"Jolidon Men - Jolidon","isPartOf":{"@id":"https:\/\/jolidon.com\/#website"},"datePublished":"2021-05-28T10:05:06+00:00","dateModified":"2021-05-29T06:09:59+00:00","breadcrumb":{"@id":"https:\/\/jolidon.com\/fr\/collections\/jolidon-men\/#breadcrumb"},"inLanguage":"fr-FR","potentialAction":[{"@type":"ReadAction","target":["https:\/\/jolidon.com\/fr\/collections\/jolidon-men\/"]}]},{"@type":"BreadcrumbList","@id":"https:\/\/jolidon.com\/fr\/collections\/jolidon-men\/#breadcrumb","itemListElement":[{"@type":"ListItem","position":1,"name":"Home","item":"https:\/\/jolidon.com\/fr\/"},{"@type":"ListItem","position":2,"name":"Collections","item":"https:\/\/jolidon.com\/fr\/collections\/"},{"@type":"ListItem","position":3,"name":"Jolidon Men"}]},{"@type":"WebSite","@id":"https:\/\/jolidon.com\/#website","url":"https:\/\/jolidon.com\/","name":"Jolidon","description":"European Fashion Lingerie","publisher":{"@id":"https:\/\/jolidon.com\/#organization"},"potentialAction":[{"@type":"SearchAction","target":{"@type":"EntryPoint","urlTemplate":"https:\/\/jolidon.com\/?s={search_term_string}"},"query-input":{"@type":"PropertyValueSpecification","valueRequired":true,"valueName":"search_term_string"}}],"inLanguage":"fr-FR"},{"@type":"Organization","@id":"https:\/\/jolidon.com\/#organization","name":"Jolidon","url":"https:\/\/jolidon.com\/","logo":{"@type":"ImageObject","inLanguage":"fr-FR","@id":"https:\/\/jolidon.com\/#\/schema\/logo\/image\/","url":"https:\/\/jolidon.com\/wp-content\/uploads\/2021\/05\/jolidon-european-neg-pe-alb.png","contentUrl":"https:\/\/jolidon.com\/wp-content\/uploads\/2021\/05\/jolidon-european-neg-pe-alb.png","width":600,"height":600,"caption":"Jolidon"},"image":{"@id":"https:\/\/jolidon.com\/#\/schema\/logo\/image\/"},"sameAs":["https:\/\/www.facebook.com\/JolidonInternational","https:\/\/www.instagram.com\/jolidon","https:\/\/www.pinterest.com\/jolidon","https:\/\/www.youtube.com\/user\/JolidonInternational"]}]}},"jetpack_sharing_enabled":true,"_links":{"self":[{"href":"https:\/\/jolidon.com\/fr\/wp-json\/wp\/v2\/pages\/5625","targetHints":{"allow":["GET"]}}],"collection":[{"href":"https:\/\/jolidon.com\/fr\/wp-json\/wp\/v2\/pages"}],"about":[{"href":"https:\/\/jolidon.com\/fr\/wp-json\/wp\/v2\/types\/page"}],"author":[{"embeddable":true,"href":"https:\/\/jolidon.com\/fr\/wp-json\/wp\/v2\/users\/1"}],"replies":[{"embeddable":true,"href":"https:\/\/jolidon.com\/fr\/wp-json\/wp\/v2\/comments?post=5625"}],"version-history":[{"count":3,"href":"https:\/\/jolidon.com\/fr\/wp-json\/wp\/v2\/pages\/5625\/revisions"}],"predecessor-version":[{"id":5842,"href":"https:\/\/jolidon.com\/fr\/wp-json\/wp\/v2\/pages\/5625\/revisions\/5842"}],"up":[{"embeddable":true,"href":"https:\/\/jolidon.com\/fr\/wp-json\/wp\/v2\/pages\/5599"}],"wp:attachment":[{"href":"https:\/\/jolidon.com\/fr\/wp-json\/wp\/v2\/media?parent=5625"}],"curies":[{"name":"wp","href":"https:\/\/api.w.org\/{rel}","templated":true}]}}