{"id":5650,"date":"2021-05-28T10:27:43","date_gmt":"2021-05-28T10:27:43","guid":{"rendered":"https:\/\/jol.markera.ro\/?page_id=5650"},"modified":"2023-01-19T16:41:19","modified_gmt":"2023-01-19T13:41:19","slug":"prelude","status":"publish","type":"page","link":"https:\/\/jolidon.com\/fr\/l-univers-jolidon\/prelude\/","title":{"rendered":"Prelude"},"content":{"rendered":"<div class=\"wpb-content-wrapper\"><p>[vc_row content_width=\u00a0\u00bbgrid\u00a0\u00bb css_animation=\u00a0\u00bbqodef-element-from-bottom\u00a0\u00bb css=\u00a0\u00bb.vc_custom_1621866283089{padding-top: 26px !important;padding-bottom: 30px !important;background-color: #ffffff !important;}\u00a0\u00bb][vc_column offset=\u00a0\u00bbvc_col-lg-4&Prime;][vc_empty_space height=\u00a0\u00bb16px\u00a0\u00bb][vc_column_text]<\/p>\n<h2>Prelude Milano<\/h2>\n<p>[\/vc_column_text][vc_empty_space height=\u00a0\u00bb30px\u00a0\u00bb][vc_column_text]<\/p>\n<div class=\"wpb_text_column wpb_content_element \">\n<div class=\"wpb_wrapper\">\n<p><strong>Prelude<\/strong>\u00a0est une marque de lingerie et de maillots de bain, con\u00e7ue en Europe, de cr\u00e9ation et manufacture purement europ\u00e9ennes, tous les tissus et accessoires de grande qualit\u00e9 provenant des plus appr\u00e9ci\u00e9s et connus fournisseurs europ\u00e9ens.<\/p>\n<\/div>\n<\/div>\n<p>[\/vc_column_text][vc_empty_space height=\u00a0\u00bb15px\u00a0\u00bb][vc_column_text]Prelude est une marque qui se m\u00e9tamorphose d\u00e9licatement dans une po\u00e9sie des sens, o\u00f9 la s\u00e9duction rencontre l\u2019innocence, o\u00f9 le drame s\u2019entrecroise artistiquement et originalement avec la passion et le romantisme. Tout cela refl\u00e8te une forme d\u2019art des textures les plus fines et pr\u00e9cieuses, telles que la soie, la dentelle, la broderie, en repr\u00e9sentant un univers incessant de beaut\u00e9 et d\u2019inspiration pour la femme moderne.[\/vc_column_text][vc_empty_space height=\u00a0\u00bb15px\u00a0\u00bb][vc_column_text]<\/p>\n<div class=\"wpb_text_column wpb_content_element \">\n<div class=\"wpb_wrapper\">\n<p>La femme Prelude est un personnage qui d\u00e9montre \u00e0 la fois ind\u00e9pendance et une \u00e9l\u00e9gance naturelle, un personnage qui ne refuse jamais de se g\u00e2ter avec des choses et des exp\u00e9riences de grande finesse.<\/p>\n<\/div>\n<\/div>\n<p>[\/vc_column_text][vc_empty_space height=\u00a0\u00bb15px\u00a0\u00bb][vc_column_text]Elle est une femme raffin\u00e9e, qui cr\u00e9e son individualit\u00e9 par une apparente candeur et qui surprend avec des d\u00e9tails subtils \u2013 ou moins subtils parfois \u2013 en d\u00e9voilant une confiance en soi extraordinaire et un sens de l\u2019ind\u00e9pendance admirable.[\/vc_column_text][vc_empty_space height=\u00a0\u00bb35px\u00a0\u00bb][\/vc_column][vc_column offset=\u00a0\u00bbvc_col-lg-4&Prime;][vc_single_image image=\u00a0\u00bb31891&Prime; img_size=\u00a0\u00bbfull\u00a0\u00bb onclick=\u00a0\u00bbcustom_link\u00a0\u00bb link=\u00a0\u00bbhttps:\/\/jolidon.com\/portfolio-item\/prelude-milano-fashion\/\u00a0\u00bb][vc_empty_space height=\u00a0\u00bb40px\u00a0\u00bb][vc_column_text]<\/p>\n<h3 style=\"text-align: left;\">Prelude Milano Fashion<\/h3>\n<p>[\/vc_column_text][vc_empty_space height=\u00a0\u00bb20px\u00a0\u00bb]<a href=\"https:\/\/jolidon.com\/fr\/portfolio-item\/prelude-milano-fashion\/\" target=\"_self\" class=\"qodef-btn qodef-btn-small qodef-btn-outline align=``center``\" >\n <span class=\"qodef-btn-text\">Voir la collection<\/span>\n <\/a>[vc_empty_space height=\u00a0\u00bb20px\u00a0\u00bb][\/vc_column][vc_column offset=\u00a0\u00bbvc_col-lg-4&Prime;][vc_single_image image=\u00a0\u00bb31895&Prime; img_size=\u00a0\u00bbfull\u00a0\u00bb onclick=\u00a0\u00bbcustom_link\u00a0\u00bb link=\u00a0\u00bbhttps:\/\/jolidon.com\/portfolio-item\/prelude-milano-swimwear\/\u00a0\u00bb][vc_empty_space height=\u00a0\u00bb40px\u00a0\u00bb][vc_column_text]<\/p>\n<h3 style=\"text-align: left;\">Prelude Milano Maillots de Bain<\/h3>\n<p>[\/vc_column_text][vc_empty_space height=\u00a0\u00bb20px\u00a0\u00bb]<a href=\"https:\/\/jolidon.com\/fr\/portfolio-item\/prelude-milano-swimwear\/\" target=\"_self\" class=\"qodef-btn qodef-btn-small qodef-btn-outline\" >\n <span class=\"qodef-btn-text\">Voir la collection<\/span>\n <\/a>[vc_empty_space height=\u00a0\u00bb20px\u00a0\u00bb][\/vc_column][\/vc_row]<\/p>\n<\/div>","protected":false},"excerpt":{"rendered":"<p>[vc_row content_width=\u00a0\u00bbgrid\u00a0\u00bb css_animation=\u00a0\u00bbqodef-element-from-bottom\u00a0\u00bb css=\u00a0\u00bb.vc_custom_1621866283089{padding-top: 26px !important;padding-bottom: 30px !important;background-color: #ffffff !important;}\u00a0\u00bb][vc_column offset=\u00a0\u00bbvc_col-lg-4&Prime;][vc_empty_space height=\u00a0\u00bb16px\u00a0\u00bb][vc_column_text] Prelude Milano [\/vc_column_text][vc_empty_space height=\u00a0\u00bb30px\u00a0\u00bb][vc_column_text] Prelude\u00a0est une marque de lingerie et de maillots de bain, con\u00e7ue en Europe, de cr\u00e9ation et manufacture purement europ\u00e9ennes, tous les tissus et accessoires de grande qualit\u00e9 provenant des&#8230;<\/p>\n","protected":false},"author":1,"featured_media":0,"parent":5688,"menu_order":0,"comment_status":"closed","ping_status":"closed","template":"","meta":{"_monsterinsights_skip_tracking":false,"_monsterinsights_sitenote_active":false,"_monsterinsights_sitenote_note":"","_monsterinsights_sitenote_category":0,"_uf_show_specific_survey":0,"_uf_disable_surveys":false,"footnotes":""},"class_list":["post-5650","page","type-page","status-publish","hentry"],"yoast_head":"\n<title>Prelude - Jolidon<\/title>\n<meta name=\"robots\" content=\"index, follow, max-snippet:-1, max-image-preview:large, max-video-preview:-1\" \/>\n<link rel=\"canonical\" href=\"https:\/\/jolidon.com\/fr\/l-univers-jolidon\/prelude\/\" \/>\n<meta property=\"og:locale\" content=\"fr_FR\" \/>\n<meta property=\"og:type\" content=\"article\" \/>\n<meta property=\"og:title\" content=\"Prelude - Jolidon\" \/>\n<meta property=\"og:description\" content=\"[vc_row content_width=\u00a0\u00bbgrid\u00a0\u00bb css_animation=\u00a0\u00bbqodef-element-from-bottom\u00a0\u00bb css=\u00a0\u00bb.vc_custom_1621866283089{padding-top: 26px !important;padding-bottom: 30px !important;background-color: #ffffff !important;}\u00a0\u00bb][vc_column offset=\u00a0\u00bbvc_col-lg-4&Prime;][vc_empty_space height=\u00a0\u00bb16px\u00a0\u00bb][vc_column_text] Prelude Milano [\/vc_column_text][vc_empty_space height=\u00a0\u00bb30px\u00a0\u00bb][vc_column_text] Prelude\u00a0est une marque de lingerie et de maillots de bain, con\u00e7ue en Europe, de cr\u00e9ation et manufacture purement europ\u00e9ennes, tous les tissus et accessoires de grande qualit\u00e9 provenant des...\" \/>\n<meta property=\"og:url\" content=\"https:\/\/jolidon.com\/fr\/l-univers-jolidon\/prelude\/\" \/>\n<meta property=\"og:site_name\" content=\"Jolidon\" \/>\n<meta property=\"article:publisher\" content=\"https:\/\/www.facebook.com\/JolidonInternational\" \/>\n<meta property=\"article:modified_time\" content=\"2023-01-19T13:41:19+00:00\" \/>\n<meta property=\"og:image\" content=\"https:\/\/jolidon.com\/wp-content\/uploads\/2015\/12\/1res.jpg\" \/>\n\t<meta property=\"og:image:width\" content=\"1920\" \/>\n\t<meta property=\"og:image:height\" content=\"1100\" \/>\n\t<meta property=\"og:image:type\" content=\"image\/jpeg\" \/>\n<meta name=\"twitter:card\" content=\"summary_large_image\" \/>\n<meta name=\"twitter:label1\" content=\"Dur\u00e9e de lecture estim\u00e9e\" \/>\n\t<meta name=\"twitter:data1\" content=\"2 minutes\" \/>\n<script type=\"application\/ld+json\" class=\"yoast-schema-graph\">{\"@context\":\"https:\/\/schema.org\",\"@graph\":[{\"@type\":\"WebPage\",\"@id\":\"https:\/\/jolidon.com\/fr\/l-univers-jolidon\/prelude\/\",\"url\":\"https:\/\/jolidon.com\/fr\/l-univers-jolidon\/prelude\/\",\"name\":\"Prelude - Jolidon\",\"isPartOf\":{\"@id\":\"https:\/\/jolidon.com\/#website\"},\"datePublished\":\"2021-05-28T10:27:43+00:00\",\"dateModified\":\"2023-01-19T13:41:19+00:00\",\"breadcrumb\":{\"@id\":\"https:\/\/jolidon.com\/fr\/l-univers-jolidon\/prelude\/#breadcrumb\"},\"inLanguage\":\"fr-FR\",\"potentialAction\":[{\"@type\":\"ReadAction\",\"target\":[\"https:\/\/jolidon.com\/fr\/l-univers-jolidon\/prelude\/\"]}]},{\"@type\":\"BreadcrumbList\",\"@id\":\"https:\/\/jolidon.com\/fr\/l-univers-jolidon\/prelude\/#breadcrumb\",\"itemListElement\":[{\"@type\":\"ListItem\",\"position\":1,\"name\":\"Home\",\"item\":\"https:\/\/jolidon.com\/fr\/\"},{\"@type\":\"ListItem\",\"position\":2,\"name\":\"L&#8217;Univers Jolidon\",\"item\":\"https:\/\/jolidon.com\/fr\/l-univers-jolidon\/\"},{\"@type\":\"ListItem\",\"position\":3,\"name\":\"Prelude\"}]},{\"@type\":\"WebSite\",\"@id\":\"https:\/\/jolidon.com\/#website\",\"url\":\"https:\/\/jolidon.com\/\",\"name\":\"Jolidon\",\"description\":\"European Fashion Lingerie\",\"publisher\":{\"@id\":\"https:\/\/jolidon.com\/#organization\"},\"potentialAction\":[{\"@type\":\"SearchAction\",\"target\":{\"@type\":\"EntryPoint\",\"urlTemplate\":\"https:\/\/jolidon.com\/?s={search_term_string}\"},\"query-input\":{\"@type\":\"PropertyValueSpecification\",\"valueRequired\":true,\"valueName\":\"search_term_string\"}}],\"inLanguage\":\"fr-FR\"},{\"@type\":\"Organization\",\"@id\":\"https:\/\/jolidon.com\/#organization\",\"name\":\"Jolidon\",\"url\":\"https:\/\/jolidon.com\/\",\"logo\":{\"@type\":\"ImageObject\",\"inLanguage\":\"fr-FR\",\"@id\":\"https:\/\/jolidon.com\/#\/schema\/logo\/image\/\",\"url\":\"https:\/\/jolidon.com\/wp-content\/uploads\/2021\/05\/jolidon-european-neg-pe-alb.png\",\"contentUrl\":\"https:\/\/jolidon.com\/wp-content\/uploads\/2021\/05\/jolidon-european-neg-pe-alb.png\",\"width\":600,\"height\":600,\"caption\":\"Jolidon\"},\"image\":{\"@id\":\"https:\/\/jolidon.com\/#\/schema\/logo\/image\/\"},\"sameAs\":[\"https:\/\/www.facebook.com\/JolidonInternational\",\"https:\/\/www.instagram.com\/jolidon\",\"https:\/\/www.pinterest.com\/jolidon\",\"https:\/\/www.youtube.com\/user\/JolidonInternational\"]}]}<\/script>\n","yoast_head_json":{"title":"Prelude - Jolidon","robots":{"index":"index","follow":"follow","max-snippet":"max-snippet:-1","max-image-preview":"max-image-preview:large","max-video-preview":"max-video-preview:-1"},"canonical":"https:\/\/jolidon.com\/fr\/l-univers-jolidon\/prelude\/","og_locale":"fr_FR","og_type":"article","og_title":"Prelude - Jolidon","og_description":"[vc_row content_width=\u00a0\u00bbgrid\u00a0\u00bb css_animation=\u00a0\u00bbqodef-element-from-bottom\u00a0\u00bb css=\u00a0\u00bb.vc_custom_1621866283089{padding-top: 26px !important;padding-bottom: 30px !important;background-color: #ffffff !important;}\u00a0\u00bb][vc_column offset=\u00a0\u00bbvc_col-lg-4&Prime;][vc_empty_space height=\u00a0\u00bb16px\u00a0\u00bb][vc_column_text] Prelude Milano [\/vc_column_text][vc_empty_space height=\u00a0\u00bb30px\u00a0\u00bb][vc_column_text] Prelude\u00a0est une marque de lingerie et de maillots de bain, con\u00e7ue en Europe, de cr\u00e9ation et manufacture purement europ\u00e9ennes, tous les tissus et accessoires de grande qualit\u00e9 provenant des...","og_url":"https:\/\/jolidon.com\/fr\/l-univers-jolidon\/prelude\/","og_site_name":"Jolidon","article_publisher":"https:\/\/www.facebook.com\/JolidonInternational","article_modified_time":"2023-01-19T13:41:19+00:00","og_image":[{"width":1920,"height":1100,"url":"https:\/\/jolidon.com\/wp-content\/uploads\/2015\/12\/1res.jpg","type":"image\/jpeg"}],"twitter_card":"summary_large_image","twitter_misc":{"Dur\u00e9e de lecture estim\u00e9e":"2 minutes"},"schema":{"@context":"https:\/\/schema.org","@graph":[{"@type":"WebPage","@id":"https:\/\/jolidon.com\/fr\/l-univers-jolidon\/prelude\/","url":"https:\/\/jolidon.com\/fr\/l-univers-jolidon\/prelude\/","name":"Prelude - Jolidon","isPartOf":{"@id":"https:\/\/jolidon.com\/#website"},"datePublished":"2021-05-28T10:27:43+00:00","dateModified":"2023-01-19T13:41:19+00:00","breadcrumb":{"@id":"https:\/\/jolidon.com\/fr\/l-univers-jolidon\/prelude\/#breadcrumb"},"inLanguage":"fr-FR","potentialAction":[{"@type":"ReadAction","target":["https:\/\/jolidon.com\/fr\/l-univers-jolidon\/prelude\/"]}]},{"@type":"BreadcrumbList","@id":"https:\/\/jolidon.com\/fr\/l-univers-jolidon\/prelude\/#breadcrumb","itemListElement":[{"@type":"ListItem","position":1,"name":"Home","item":"https:\/\/jolidon.com\/fr\/"},{"@type":"ListItem","position":2,"name":"L&#8217;Univers Jolidon","item":"https:\/\/jolidon.com\/fr\/l-univers-jolidon\/"},{"@type":"ListItem","position":3,"name":"Prelude"}]},{"@type":"WebSite","@id":"https:\/\/jolidon.com\/#website","url":"https:\/\/jolidon.com\/","name":"Jolidon","description":"European Fashion Lingerie","publisher":{"@id":"https:\/\/jolidon.com\/#organization"},"potentialAction":[{"@type":"SearchAction","target":{"@type":"EntryPoint","urlTemplate":"https:\/\/jolidon.com\/?s={search_term_string}"},"query-input":{"@type":"PropertyValueSpecification","valueRequired":true,"valueName":"search_term_string"}}],"inLanguage":"fr-FR"},{"@type":"Organization","@id":"https:\/\/jolidon.com\/#organization","name":"Jolidon","url":"https:\/\/jolidon.com\/","logo":{"@type":"ImageObject","inLanguage":"fr-FR","@id":"https:\/\/jolidon.com\/#\/schema\/logo\/image\/","url":"https:\/\/jolidon.com\/wp-content\/uploads\/2021\/05\/jolidon-european-neg-pe-alb.png","contentUrl":"https:\/\/jolidon.com\/wp-content\/uploads\/2021\/05\/jolidon-european-neg-pe-alb.png","width":600,"height":600,"caption":"Jolidon"},"image":{"@id":"https:\/\/jolidon.com\/#\/schema\/logo\/image\/"},"sameAs":["https:\/\/www.facebook.com\/JolidonInternational","https:\/\/www.instagram.com\/jolidon","https:\/\/www.pinterest.com\/jolidon","https:\/\/www.youtube.com\/user\/JolidonInternational"]}]}},"jetpack_sharing_enabled":true,"_links":{"self":[{"href":"https:\/\/jolidon.com\/fr\/wp-json\/wp\/v2\/pages\/5650","targetHints":{"allow":["GET"]}}],"collection":[{"href":"https:\/\/jolidon.com\/fr\/wp-json\/wp\/v2\/pages"}],"about":[{"href":"https:\/\/jolidon.com\/fr\/wp-json\/wp\/v2\/types\/page"}],"author":[{"embeddable":true,"href":"https:\/\/jolidon.com\/fr\/wp-json\/wp\/v2\/users\/1"}],"replies":[{"embeddable":true,"href":"https:\/\/jolidon.com\/fr\/wp-json\/wp\/v2\/comments?post=5650"}],"version-history":[{"count":5,"href":"https:\/\/jolidon.com\/fr\/wp-json\/wp\/v2\/pages\/5650\/revisions"}],"predecessor-version":[{"id":31900,"href":"https:\/\/jolidon.com\/fr\/wp-json\/wp\/v2\/pages\/5650\/revisions\/31900"}],"up":[{"embeddable":true,"href":"https:\/\/jolidon.com\/fr\/wp-json\/wp\/v2\/pages\/5688"}],"wp:attachment":[{"href":"https:\/\/jolidon.com\/fr\/wp-json\/wp\/v2\/media?parent=5650"}],"curies":[{"name":"wp","href":"https:\/\/api.w.org\/{rel}","templated":true}]}}