{"id":5659,"date":"2021-05-28T10:29:13","date_gmt":"2021-05-28T10:29:13","guid":{"rendered":"https:\/\/jol.markera.ro\/?page_id=5659"},"modified":"2021-05-29T11:33:45","modified_gmt":"2021-05-29T08:33:45","slug":"entreprise-a-entreprise","status":"publish","type":"page","link":"https:\/\/jolidon.com\/fr\/entreprise\/entreprise-a-entreprise\/","title":{"rendered":"Entreprise-\u00e0-Entreprise"},"content":{"rendered":"<div class=\"wpb-content-wrapper\"><p>[vc_row][vc_column offset=\u00a0\u00bbvc_hidden-sm vc_hidden-xs\u00a0\u00bb][vc_empty_space height=\u00a0\u00bb40px\u00a0\u00bb][\/vc_column][\/vc_row][vc_row content_width=\u00a0\u00bbgrid\u00a0\u00bb css=\u00a0\u00bb.vc_custom_1621866894034{padding-top: 30px !important;padding-bottom: 44px !important;}\u00a0\u00bb][vc_column offset=\u00a0\u00bbvc_col-md-4&Prime;][vc_column_text]<\/p>\n<h6>Envoyer un message<\/h6>\n<p>[\/vc_column_text][vc_empty_space height=\u00a0\u00bb6px\u00a0\u00bb][vc_column_text]<\/p>\n<h2>Contactez-nous<\/h2>\n<p>[\/vc_column_text][vc_empty_space height=\u00a0\u00bb19px\u00a0\u00bb][vc_column_text]Si vous \u00eates int\u00e9ress\u00e9 par la vente de produits Jolidon, veuillez nous \u00e9crire un message avec plus de d\u00e9tails et vous serez contact\u00e9 d\u00e8s que possible par l&rsquo;un des repr\u00e9sentants en gros de notre soci\u00e9t\u00e9.[\/vc_column_text][vc_empty_space height=\u00a0\u00bb34px\u00a0\u00bb][vc_empty_space height=\u00a0\u00bb40px\u00a0\u00bb][\/vc_column][vc_column offset=\u00a0\u00bbvc_col-md-8&Prime;][vc_empty_space height=\u00a0\u00bb1px\u00a0\u00bb][vc_row_inner content_aligment=\u00a0\u00bbright\u00a0\u00bb][vc_column_inner]\n<div class=\"wpcf7 no-js\" id=\"wpcf7-f5871-o1\" lang=\"en-US\" dir=\"ltr\" data-wpcf7-id=\"5871\">\n<div class=\"screen-reader-response\"><p role=\"status\" aria-live=\"polite\" aria-atomic=\"true\"><\/p> <ul><\/ul><\/div>\n<form action=\"\/fr\/wp-json\/wp\/v2\/pages\/5659#wpcf7-f5871-o1\" method=\"post\" class=\"wpcf7-form init\" aria-label=\"Contact form\" novalidate=\"novalidate\" data-status=\"init\">\n<div style=\"display: none;\">\n<input type=\"hidden\" name=\"_wpcf7\" value=\"5871\" \/>\n<input type=\"hidden\" name=\"_wpcf7_version\" value=\"6.0.5\" \/>\n<input type=\"hidden\" name=\"_wpcf7_locale\" value=\"en_US\" \/>\n<input type=\"hidden\" name=\"_wpcf7_unit_tag\" value=\"wpcf7-f5871-o1\" \/>\n<input type=\"hidden\" name=\"_wpcf7_container_post\" value=\"0\" \/>\n<input type=\"hidden\" name=\"_wpcf7_posted_data_hash\" value=\"\" \/>\n<\/div>\n<p><label>Nom<br \/>\n<span class=\"wpcf7-form-control-wrap\" data-name=\"your-name\"><input size=\"40\" maxlength=\"400\" class=\"wpcf7-form-control wpcf7-text wpcf7-validates-as-required\" aria-required=\"true\" aria-invalid=\"false\" value=\"\" type=\"text\" name=\"your-name\" \/><\/span> <\/label>\n<\/p>\n<p><label> E-mail<br \/>\n<span class=\"wpcf7-form-control-wrap\" data-name=\"your-email\"><input size=\"40\" maxlength=\"400\" class=\"wpcf7-form-control wpcf7-email wpcf7-validates-as-required wpcf7-text wpcf7-validates-as-email\" aria-required=\"true\" aria-invalid=\"false\" value=\"\" type=\"email\" name=\"your-email\" \/><\/span> <\/label>\n<\/p>\n<p><label> T\u00e9l\u00e9phone<br \/>\n<span class=\"wpcf7-form-control-wrap\" data-name=\"tel-975\"><input size=\"40\" maxlength=\"400\" class=\"wpcf7-form-control wpcf7-tel wpcf7-text wpcf7-validates-as-tel\" aria-invalid=\"false\" value=\"\" type=\"tel\" name=\"tel-975\" \/><\/span> <\/label>\n<\/p>\n<p><label> Objet du message<br \/>\n<span class=\"wpcf7-form-control-wrap\" data-name=\"your-subject\"><input size=\"40\" maxlength=\"400\" class=\"wpcf7-form-control wpcf7-text wpcf7-validates-as-required\" aria-required=\"true\" aria-invalid=\"false\" value=\"\" type=\"text\" name=\"your-subject\" \/><\/span> <\/label>\n<\/p>\n<p><label> Votre message (facultatif)<br \/>\n<span class=\"wpcf7-form-control-wrap\" data-name=\"your-message\"><textarea cols=\"40\" rows=\"10\" maxlength=\"2000\" class=\"wpcf7-form-control wpcf7-textarea\" aria-invalid=\"false\" name=\"your-message\"><\/textarea><\/span> <\/label>\n<\/p>\n<p><label> En utilisant ce formulaire, vous acceptez le stockage et le traitement de vos donn\u00e9es par ce site Web. <span class=\"wpcf7-form-control-wrap\" data-name=\"acceptance-272\"><span class=\"wpcf7-form-control wpcf7-acceptance\"><span class=\"wpcf7-list-item\"><input type=\"checkbox\" name=\"acceptance-272\" value=\"1\" aria-invalid=\"false\" \/><\/span><\/span><\/span> <\/label>\n<\/p>\n<p><input class=\"wpcf7-form-control wpcf7-submit has-spinner\" type=\"submit\" value=\"Envoyer\" \/>\n<\/p><input type=\"hidden\" id=\"ct_checkjs_cf7_9dcb88e0137649590b755372b040afad\" name=\"ct_checkjs_cf7\" value=\"0\" \/><script >setTimeout(function(){var ct_input_name = \"ct_checkjs_cf7_9dcb88e0137649590b755372b040afad\";if (document.getElementById(ct_input_name) !== null) {var ct_input_value = document.getElementById(ct_input_name).value;document.getElementById(ct_input_name).value = document.getElementById(ct_input_name).value.replace(ct_input_value, 'b705fc93c140dc2482e33993fb46093359da37d2524c51b2dcad7298190e4ac4');}}, 1000);<\/script><label id=\"apbct_label_id_50845\" class=\"apbct_special_field\"><input\n class=\"apbct_special_field apbct__email_id__wp_contact_form_7\"\n name=\"apbct_email_id__wp_contact_form_7\"\n type=\"text\" size=\"30\" maxlength=\"200\" autocomplete=\"off\"\n value=\"\"\n \/><\/label><p style=\"display: none !important;\" class=\"akismet-fields-container\" data-prefix=\"_wpcf7_ak_\"><label>&#916;<textarea name=\"_wpcf7_ak_hp_textarea\" cols=\"45\" rows=\"8\" maxlength=\"100\"><\/textarea><\/label><input type=\"hidden\" id=\"ak_js_1\" name=\"_wpcf7_ak_js\" value=\"60\"\/><script>document.getElementById( \"ak_js_1\" ).setAttribute( \"value\", ( new Date() ).getTime() );<\/script><\/p><div class=\"wpcf7-response-output\" aria-hidden=\"true\"><\/div>\n<\/form>\n<\/div>\n[vc_empty_space height=\u00a0\u00bb20px\u00a0\u00bb][\/vc_column_inner][\/vc_row_inner][\/vc_column][\/vc_row]<\/p>\n<\/div>","protected":false},"excerpt":{"rendered":"<p>[vc_row][vc_column offset=\u00a0\u00bbvc_hidden-sm vc_hidden-xs\u00a0\u00bb][vc_empty_space height=\u00a0\u00bb40px\u00a0\u00bb][\/vc_column][\/vc_row][vc_row content_width=\u00a0\u00bbgrid\u00a0\u00bb css=\u00a0\u00bb.vc_custom_1621866894034{padding-top: 30px !important;padding-bottom: 44px !important;}\u00a0\u00bb][vc_column offset=\u00a0\u00bbvc_col-md-4&Prime;][vc_column_text] Envoyer un message [\/vc_column_text][vc_empty_space height=\u00a0\u00bb6px\u00a0\u00bb][vc_column_text] Contactez-nous [\/vc_column_text][vc_empty_space height=\u00a0\u00bb19px\u00a0\u00bb][vc_column_text]Si vous \u00eates int\u00e9ress\u00e9 par la vente de produits Jolidon, veuillez nous \u00e9crire un message avec plus de d\u00e9tails et vous serez contact\u00e9 d\u00e8s que possible par&#8230;<\/p>\n","protected":false},"author":1,"featured_media":0,"parent":5641,"menu_order":0,"comment_status":"closed","ping_status":"closed","template":"full-width.php","meta":{"_monsterinsights_skip_tracking":false,"_monsterinsights_sitenote_active":false,"_monsterinsights_sitenote_note":"","_monsterinsights_sitenote_category":0,"_uf_show_specific_survey":0,"_uf_disable_surveys":false,"footnotes":""},"class_list":["post-5659","page","type-page","status-publish","hentry"],"yoast_head":"\n<title>Entreprise-\u00e0-Entreprise - Jolidon<\/title>\n<meta name=\"robots\" content=\"index, follow, max-snippet:-1, max-image-preview:large, max-video-preview:-1\" \/>\n<link rel=\"canonical\" href=\"https:\/\/jolidon.com\/fr\/entreprise\/entreprise-a-entreprise\/\" \/>\n<meta property=\"og:locale\" content=\"fr_FR\" \/>\n<meta property=\"og:type\" content=\"article\" \/>\n<meta property=\"og:title\" content=\"Entreprise-\u00e0-Entreprise - Jolidon\" \/>\n<meta property=\"og:description\" content=\"[vc_row][vc_column offset=\u00a0\u00bbvc_hidden-sm vc_hidden-xs\u00a0\u00bb][vc_empty_space height=\u00a0\u00bb40px\u00a0\u00bb][\/vc_column][\/vc_row][vc_row content_width=\u00a0\u00bbgrid\u00a0\u00bb css=\u00a0\u00bb.vc_custom_1621866894034{padding-top: 30px !important;padding-bottom: 44px !important;}\u00a0\u00bb][vc_column offset=\u00a0\u00bbvc_col-md-4&Prime;][vc_column_text] Envoyer un message [\/vc_column_text][vc_empty_space height=\u00a0\u00bb6px\u00a0\u00bb][vc_column_text] Contactez-nous [\/vc_column_text][vc_empty_space height=\u00a0\u00bb19px\u00a0\u00bb][vc_column_text]Si vous \u00eates int\u00e9ress\u00e9 par la vente de produits Jolidon, veuillez nous \u00e9crire un message avec plus de d\u00e9tails et vous serez contact\u00e9 d\u00e8s que possible par...\" \/>\n<meta property=\"og:url\" content=\"https:\/\/jolidon.com\/fr\/entreprise\/entreprise-a-entreprise\/\" \/>\n<meta property=\"og:site_name\" content=\"Jolidon\" \/>\n<meta property=\"article:publisher\" content=\"https:\/\/www.facebook.com\/JolidonInternational\" \/>\n<meta property=\"article:modified_time\" content=\"2021-05-29T08:33:45+00:00\" \/>\n<meta property=\"og:image\" content=\"https:\/\/jolidon.com\/wp-content\/uploads\/2015\/12\/1res.jpg\" \/>\n\t<meta property=\"og:image:width\" content=\"1920\" \/>\n\t<meta property=\"og:image:height\" content=\"1100\" \/>\n\t<meta property=\"og:image:type\" content=\"image\/jpeg\" \/>\n<meta name=\"twitter:card\" content=\"summary_large_image\" \/>\n<meta name=\"twitter:label1\" content=\"Dur\u00e9e de lecture estim\u00e9e\" \/>\n\t<meta name=\"twitter:data1\" content=\"1 minute\" \/>\n<script type=\"application\/ld+json\" class=\"yoast-schema-graph\">{\"@context\":\"https:\/\/schema.org\",\"@graph\":[{\"@type\":\"WebPage\",\"@id\":\"https:\/\/jolidon.com\/fr\/entreprise\/entreprise-a-entreprise\/\",\"url\":\"https:\/\/jolidon.com\/fr\/entreprise\/entreprise-a-entreprise\/\",\"name\":\"Entreprise-\u00e0-Entreprise - Jolidon\",\"isPartOf\":{\"@id\":\"https:\/\/jolidon.com\/#website\"},\"datePublished\":\"2021-05-28T10:29:13+00:00\",\"dateModified\":\"2021-05-29T08:33:45+00:00\",\"breadcrumb\":{\"@id\":\"https:\/\/jolidon.com\/fr\/entreprise\/entreprise-a-entreprise\/#breadcrumb\"},\"inLanguage\":\"fr-FR\",\"potentialAction\":[{\"@type\":\"ReadAction\",\"target\":[\"https:\/\/jolidon.com\/fr\/entreprise\/entreprise-a-entreprise\/\"]}]},{\"@type\":\"BreadcrumbList\",\"@id\":\"https:\/\/jolidon.com\/fr\/entreprise\/entreprise-a-entreprise\/#breadcrumb\",\"itemListElement\":[{\"@type\":\"ListItem\",\"position\":1,\"name\":\"Home\",\"item\":\"https:\/\/jolidon.com\/fr\/\"},{\"@type\":\"ListItem\",\"position\":2,\"name\":\"Entreprise\",\"item\":\"https:\/\/jolidon.com\/fr\/entreprise\/\"},{\"@type\":\"ListItem\",\"position\":3,\"name\":\"Entreprise-\u00e0-Entreprise\"}]},{\"@type\":\"WebSite\",\"@id\":\"https:\/\/jolidon.com\/#website\",\"url\":\"https:\/\/jolidon.com\/\",\"name\":\"Jolidon\",\"description\":\"European Fashion Lingerie\",\"publisher\":{\"@id\":\"https:\/\/jolidon.com\/#organization\"},\"potentialAction\":[{\"@type\":\"SearchAction\",\"target\":{\"@type\":\"EntryPoint\",\"urlTemplate\":\"https:\/\/jolidon.com\/?s={search_term_string}\"},\"query-input\":{\"@type\":\"PropertyValueSpecification\",\"valueRequired\":true,\"valueName\":\"search_term_string\"}}],\"inLanguage\":\"fr-FR\"},{\"@type\":\"Organization\",\"@id\":\"https:\/\/jolidon.com\/#organization\",\"name\":\"Jolidon\",\"url\":\"https:\/\/jolidon.com\/\",\"logo\":{\"@type\":\"ImageObject\",\"inLanguage\":\"fr-FR\",\"@id\":\"https:\/\/jolidon.com\/#\/schema\/logo\/image\/\",\"url\":\"https:\/\/jolidon.com\/wp-content\/uploads\/2021\/05\/jolidon-european-neg-pe-alb.png\",\"contentUrl\":\"https:\/\/jolidon.com\/wp-content\/uploads\/2021\/05\/jolidon-european-neg-pe-alb.png\",\"width\":600,\"height\":600,\"caption\":\"Jolidon\"},\"image\":{\"@id\":\"https:\/\/jolidon.com\/#\/schema\/logo\/image\/\"},\"sameAs\":[\"https:\/\/www.facebook.com\/JolidonInternational\",\"https:\/\/www.instagram.com\/jolidon\",\"https:\/\/www.pinterest.com\/jolidon\",\"https:\/\/www.youtube.com\/user\/JolidonInternational\"]}]}<\/script>\n","yoast_head_json":{"title":"Entreprise-\u00e0-Entreprise - Jolidon","robots":{"index":"index","follow":"follow","max-snippet":"max-snippet:-1","max-image-preview":"max-image-preview:large","max-video-preview":"max-video-preview:-1"},"canonical":"https:\/\/jolidon.com\/fr\/entreprise\/entreprise-a-entreprise\/","og_locale":"fr_FR","og_type":"article","og_title":"Entreprise-\u00e0-Entreprise - Jolidon","og_description":"[vc_row][vc_column offset=\u00a0\u00bbvc_hidden-sm vc_hidden-xs\u00a0\u00bb][vc_empty_space height=\u00a0\u00bb40px\u00a0\u00bb][\/vc_column][\/vc_row][vc_row content_width=\u00a0\u00bbgrid\u00a0\u00bb css=\u00a0\u00bb.vc_custom_1621866894034{padding-top: 30px !important;padding-bottom: 44px !important;}\u00a0\u00bb][vc_column offset=\u00a0\u00bbvc_col-md-4&Prime;][vc_column_text] Envoyer un message [\/vc_column_text][vc_empty_space height=\u00a0\u00bb6px\u00a0\u00bb][vc_column_text] Contactez-nous [\/vc_column_text][vc_empty_space height=\u00a0\u00bb19px\u00a0\u00bb][vc_column_text]Si vous \u00eates int\u00e9ress\u00e9 par la vente de produits Jolidon, veuillez nous \u00e9crire un message avec plus de d\u00e9tails et vous serez contact\u00e9 d\u00e8s que possible par...","og_url":"https:\/\/jolidon.com\/fr\/entreprise\/entreprise-a-entreprise\/","og_site_name":"Jolidon","article_publisher":"https:\/\/www.facebook.com\/JolidonInternational","article_modified_time":"2021-05-29T08:33:45+00:00","og_image":[{"width":1920,"height":1100,"url":"https:\/\/jolidon.com\/wp-content\/uploads\/2015\/12\/1res.jpg","type":"image\/jpeg"}],"twitter_card":"summary_large_image","twitter_misc":{"Dur\u00e9e de lecture estim\u00e9e":"1 minute"},"schema":{"@context":"https:\/\/schema.org","@graph":[{"@type":"WebPage","@id":"https:\/\/jolidon.com\/fr\/entreprise\/entreprise-a-entreprise\/","url":"https:\/\/jolidon.com\/fr\/entreprise\/entreprise-a-entreprise\/","name":"Entreprise-\u00e0-Entreprise - Jolidon","isPartOf":{"@id":"https:\/\/jolidon.com\/#website"},"datePublished":"2021-05-28T10:29:13+00:00","dateModified":"2021-05-29T08:33:45+00:00","breadcrumb":{"@id":"https:\/\/jolidon.com\/fr\/entreprise\/entreprise-a-entreprise\/#breadcrumb"},"inLanguage":"fr-FR","potentialAction":[{"@type":"ReadAction","target":["https:\/\/jolidon.com\/fr\/entreprise\/entreprise-a-entreprise\/"]}]},{"@type":"BreadcrumbList","@id":"https:\/\/jolidon.com\/fr\/entreprise\/entreprise-a-entreprise\/#breadcrumb","itemListElement":[{"@type":"ListItem","position":1,"name":"Home","item":"https:\/\/jolidon.com\/fr\/"},{"@type":"ListItem","position":2,"name":"Entreprise","item":"https:\/\/jolidon.com\/fr\/entreprise\/"},{"@type":"ListItem","position":3,"name":"Entreprise-\u00e0-Entreprise"}]},{"@type":"WebSite","@id":"https:\/\/jolidon.com\/#website","url":"https:\/\/jolidon.com\/","name":"Jolidon","description":"European Fashion Lingerie","publisher":{"@id":"https:\/\/jolidon.com\/#organization"},"potentialAction":[{"@type":"SearchAction","target":{"@type":"EntryPoint","urlTemplate":"https:\/\/jolidon.com\/?s={search_term_string}"},"query-input":{"@type":"PropertyValueSpecification","valueRequired":true,"valueName":"search_term_string"}}],"inLanguage":"fr-FR"},{"@type":"Organization","@id":"https:\/\/jolidon.com\/#organization","name":"Jolidon","url":"https:\/\/jolidon.com\/","logo":{"@type":"ImageObject","inLanguage":"fr-FR","@id":"https:\/\/jolidon.com\/#\/schema\/logo\/image\/","url":"https:\/\/jolidon.com\/wp-content\/uploads\/2021\/05\/jolidon-european-neg-pe-alb.png","contentUrl":"https:\/\/jolidon.com\/wp-content\/uploads\/2021\/05\/jolidon-european-neg-pe-alb.png","width":600,"height":600,"caption":"Jolidon"},"image":{"@id":"https:\/\/jolidon.com\/#\/schema\/logo\/image\/"},"sameAs":["https:\/\/www.facebook.com\/JolidonInternational","https:\/\/www.instagram.com\/jolidon","https:\/\/www.pinterest.com\/jolidon","https:\/\/www.youtube.com\/user\/JolidonInternational"]}]}},"jetpack_sharing_enabled":true,"_links":{"self":[{"href":"https:\/\/jolidon.com\/fr\/wp-json\/wp\/v2\/pages\/5659","targetHints":{"allow":["GET"]}}],"collection":[{"href":"https:\/\/jolidon.com\/fr\/wp-json\/wp\/v2\/pages"}],"about":[{"href":"https:\/\/jolidon.com\/fr\/wp-json\/wp\/v2\/types\/page"}],"author":[{"embeddable":true,"href":"https:\/\/jolidon.com\/fr\/wp-json\/wp\/v2\/users\/1"}],"replies":[{"embeddable":true,"href":"https:\/\/jolidon.com\/fr\/wp-json\/wp\/v2\/comments?post=5659"}],"version-history":[{"count":4,"href":"https:\/\/jolidon.com\/fr\/wp-json\/wp\/v2\/pages\/5659\/revisions"}],"predecessor-version":[{"id":5874,"href":"https:\/\/jolidon.com\/fr\/wp-json\/wp\/v2\/pages\/5659\/revisions\/5874"}],"up":[{"embeddable":true,"href":"https:\/\/jolidon.com\/fr\/wp-json\/wp\/v2\/pages\/5641"}],"wp:attachment":[{"href":"https:\/\/jolidon.com\/fr\/wp-json\/wp\/v2\/media?parent=5659"}],"curies":[{"name":"wp","href":"https:\/\/api.w.org\/{rel}","templated":true}]}}