{"id":5688,"date":"2021-05-28T10:38:35","date_gmt":"2021-05-28T10:38:35","guid":{"rendered":"https:\/\/jol.markera.ro\/?page_id=5688"},"modified":"2023-01-20T12:44:15","modified_gmt":"2023-01-20T09:44:15","slug":"l-univers-jolidon","status":"publish","type":"page","link":"https:\/\/jolidon.com\/fr\/l-univers-jolidon\/","title":{"rendered":"L&rsquo;Univers Jolidon"},"content":{"rendered":"<div class=\"wpb-content-wrapper\"><p>[vc_row][vc_column offset=\u00a0\u00bbvc_hidden-sm vc_hidden-xs\u00a0\u00bb][vc_empty_space height=\u00a0\u00bb50px\u00a0\u00bb][\/vc_column][\/vc_row][vc_row content_width=\u00a0\u00bbgrid\u00a0\u00bb css=\u00a0\u00bb.vc_custom_1621498291237{padding-top: 30px !important;padding-bottom: 10px !important;background-color: #ffffff !important;}\u00a0\u00bb][vc_column width=\u00a0\u00bb2\/3&Prime; offset=\u00a0\u00bbvc_hidden-sm vc_hidden-xs\u00a0\u00bb][vc_column_text]<\/p>\n<h3><span style=\"font-weight: 400;\">LE JOLIDON GROUPE<\/span><\/h3>\n<p>[\/vc_column_text][vc_empty_space height=\u00a0\u00bb30px\u00a0\u00bb][vc_column_text]Jolidon est une marque europ\u00e9enne de lingerie et de maillots de bain, qui allie la qualit\u00e9 technologique de ses produits \u00e0 la cr\u00e9ativit\u00e9 du design, s&rsquo;inspirant des derni\u00e8res tendances de l&rsquo;industrie dans le monde entier.[\/vc_column_text][vc_empty_space height=\u00a0\u00bb15px\u00a0\u00bb][vc_column_text]L&rsquo;excellence a toujours \u00e9t\u00e9 un facteur de motivation cl\u00e9 pour Jolidon, \u00e0 commencer par sa cr\u00e9ation, en 1993, cherchant ainsi toujours \u00e0 aborder les technologies modernes et les id\u00e9es cr\u00e9atives en termes de design, pour cr\u00e9er des produits pour une grande vari\u00e9t\u00e9 de consommateurs, femmes et hommes de tous \u00e2ges. &#8211; les femmes \u00e9tant le groupe cible majoritaire.[\/vc_column_text][vc_empty_space height=\u00a0\u00bb15px\u00a0\u00bb][vc_column_text]Le design des collections Jolidon a \u00e9t\u00e9 inspir\u00e9, au fil des ans, par les derni\u00e8res tendances sugg\u00e9r\u00e9es par les plus importantes agences de style d&rsquo;Europe, compl\u00e9t\u00e9es par des \u00e9l\u00e9ments symboliques classiques, qui offrent une sensation plus intemporelle.[\/vc_column_text][vc_empty_space height=\u00a0\u00bb15px\u00a0\u00bb][vc_column_text]L&rsquo;esth\u00e9tique, ainsi que la fonctionnalit\u00e9, repr\u00e9sentent les aspects fondamentaux sur lesquels Jolidon se concentre lors de la cr\u00e9ation et de la fabrication de ses produits, d\u00e9finissant compl\u00e8tement la marque.[\/vc_column_text][vc_empty_space height=\u00a0\u00bb35px\u00a0\u00bb][\/vc_column][vc_column width=\u00a0\u00bb1\/3&Prime; offset=\u00a0\u00bbvc_hidden-sm vc_hidden-xs\u00a0\u00bb][vc_single_image image=\u00a0\u00bb4533&Prime; img_size=\u00a0\u00bbfull\u00a0\u00bb][vc_empty_space height=\u00a0\u00bb40px\u00a0\u00bb][\/vc_column][\/vc_row][vc_row content_width=\u00a0\u00bbgrid\u00a0\u00bb css=\u00a0\u00bb.vc_custom_1621861807273{padding-top: 10px !important;padding-bottom: 10px !important;background-color: #ffffff !important;}\u00a0\u00bb][vc_column width=\u00a0\u00bb2\/3&Prime; offset=\u00a0\u00bbvc_hidden-lg vc_hidden-md\u00a0\u00bb][vc_single_image image=\u00a0\u00bb4533&Prime; img_size=\u00a0\u00bbfull\u00a0\u00bb][vc_empty_space height=\u00a0\u00bb40px\u00a0\u00bb][vc_column_text]<\/p>\n<h3><span style=\"font-weight: 400;\">LE JOLIDON GROUPE<\/span><\/h3>\n<p>[\/vc_column_text][vc_empty_space height=\u00a0\u00bb30px\u00a0\u00bb][vc_column_text]Jolidon est une marque europ\u00e9enne de lingerie et de maillots de bain, qui allie la qualit\u00e9 technologique de ses produits \u00e0 la cr\u00e9ativit\u00e9 du design, s&rsquo;inspirant des derni\u00e8res tendances de l&rsquo;industrie dans le monde entier.[\/vc_column_text][vc_empty_space height=\u00a0\u00bb15px\u00a0\u00bb][vc_column_text]L&rsquo;excellence a toujours \u00e9t\u00e9 un facteur de motivation cl\u00e9 pour Jolidon, \u00e0 commencer par sa cr\u00e9ation, en 1993, cherchant ainsi toujours \u00e0 aborder les technologies modernes et les id\u00e9es cr\u00e9atives en termes de design, pour cr\u00e9er des produits pour une grande vari\u00e9t\u00e9 de consommateurs, femmes et hommes de tous \u00e2ges. &#8211; les femmes \u00e9tant le groupe cible majoritaire.[\/vc_column_text][vc_empty_space height=\u00a0\u00bb15px\u00a0\u00bb][vc_column_text]Le design des collections Jolidon a \u00e9t\u00e9 inspir\u00e9, au fil des ans, par les derni\u00e8res tendances sugg\u00e9r\u00e9es par les plus importantes agences de style d&rsquo;Europe, compl\u00e9t\u00e9es par des \u00e9l\u00e9ments symboliques classiques, qui offrent une sensation plus intemporelle.[\/vc_column_text][vc_empty_space height=\u00a0\u00bb15px\u00a0\u00bb][vc_column_text]L&rsquo;esth\u00e9tique, ainsi que la fonctionnalit\u00e9, repr\u00e9sentent les aspects fondamentaux sur lesquels Jolidon se concentre lors de la cr\u00e9ation et de la fabrication de ses produits, d\u00e9finissant compl\u00e8tement la marque.[\/vc_column_text][vc_empty_space height=\u00a0\u00bb35px\u00a0\u00bb][\/vc_column][\/vc_row][vc_row content_width=\u00a0\u00bbgrid\u00a0\u00bb css_animation=\u00a0\u00bbqodef-element-from-bottom\u00a0\u00bb css=\u00a0\u00bb.vc_custom_1452612656842{padding-top: 69px !important;padding-bottom: 58px !important;background-color: #f7f7f7 !important;}\u00a0\u00bb][vc_column offset=\u00a0\u00bbvc_col-lg-4&Prime;][vc_empty_space height=\u00a0\u00bb10px\u00a0\u00bb][vc_single_image image=\u00a0\u00bb4986&Prime; img_size=\u00a0\u00bbfull\u00a0\u00bb onclick=\u00a0\u00bbcustom_link\u00a0\u00bb link=\u00a0\u00bbhttps:\/\/jolidon.com\/fr\/jolidon-universe\/savoir-faire\/\u00a0\u00bb][\/vc_column][vc_column offset=\u00a0\u00bbvc_col-lg-4&Prime;][vc_empty_space height=\u00a0\u00bb10px\u00a0\u00bb][vc_single_image image=\u00a0\u00bb4497&Prime; img_size=\u00a0\u00bbfull\u00a0\u00bb onclick=\u00a0\u00bbcustom_link\u00a0\u00bb link=\u00a0\u00bbhttps:\/\/jolidon.com\/fr\/jolidon-universe\/savoir-faire\/\u00a0\u00bb][\/vc_column][vc_column offset=\u00a0\u00bbvc_col-lg-4&Prime;][vc_empty_space height=\u00a0\u00bb10px\u00a0\u00bb][vc_empty_space][vc_column_text]<\/p>\n<h2>Savoir Faire<\/h2>\n<p>[\/vc_column_text][vc_empty_space][vc_column_text]Au fil du temps, le design des collections Jolidon a \u00e9t\u00e9 inspir\u00e9 par les derni\u00e8res tendances, sugg\u00e9r\u00e9es par les bureaux de tendance et de style de haut niveau en Europe, compl\u00e9t\u00e9s par des \u00e9l\u00e9ments symboliques classiques, cr\u00e9ant ensemble une sensation intemporelle.[\/vc_column_text][vc_empty_space height=\u00a0\u00bb38px\u00a0\u00bb]<a href=\"https:\/\/jolidon.com\/fr\/jolidon-universe\/savoir-faire\/\" target=\"_self\" class=\"qodef-btn qodef-btn-medium qodef-btn-solid\" >\n <span class=\"qodef-btn-text\">D\u00e9couvrir plus<\/span>\n <\/a>[vc_empty_space height=\u00a0\u00bb20px\u00a0\u00bb][\/vc_column][\/vc_row][vc_row][vc_column offset=\u00a0\u00bbvc_hidden-sm vc_hidden-xs\u00a0\u00bb][vc_empty_space height=\u00a0\u00bb40px\u00a0\u00bb][\/vc_column][\/vc_row][vc_row content_width=\u00a0\u00bbgrid\u00a0\u00bb css_animation=\u00a0\u00bbqodef-element-from-bottom\u00a0\u00bb css=\u00a0\u00bb.vc_custom_1621497601967{padding-top: 69px !important;padding-bottom: 58px !important;}\u00a0\u00bb][vc_column offset=\u00a0\u00bbvc_col-lg-4&Prime;][\/vc_column][\/vc_row][vc_row content_width=\u00a0\u00bbgrid\u00a0\u00bb css=\u00a0\u00bb.vc_custom_1451045816986{padding-top: 69px !important;padding-bottom: 35px !important;background-color: #f4f4f4 !important;}\u00a0\u00bb][vc_column width=\u00a0\u00bb1\/4&Prime;][vc_column_text]<\/p>\n<h6>Le Groupe Jolidon<\/h6>\n<p>[\/vc_column_text][vc_empty_space height=\u00a0\u00bb4px\u00a0\u00bb][vc_column_text]<\/p>\n<h2>Marques<\/h2>\n<p>[\/vc_column_text][vc_empty_space height=\u00a0\u00bb30px\u00a0\u00bb][\/vc_column][vc_column width=\u00a0\u00bb3\/4&Prime;][vc_column_text]Le<strong> groupe Jolidon<\/strong> comprend une gamme de marques de lingerie, de maillots de bain et de d&rsquo;accessoires de plage &#8211; <strong>Jolidon, Prelude, Lilly<\/strong>\u00a0ainsi que <strong>Jolidon MedCare &#8211; M\u00e9dical &amp; Protection<\/strong> &#8211; fabricant et distributeur de mat\u00e9riel m\u00e9dical. Jolidon est la principale marque du Groupe.[\/vc_column_text][vc_empty_space height=\u00a0\u00bb15px\u00a0\u00bb][vc_column_text]Trois de ses sous-marques &#8211; <strong>Jolidon Fashion, Jolidon Clandestine et Joliform<\/strong> &#8211; viennent \u00e0 chaque saison de printemps \/ \u00e9t\u00e9 et automne \/ hiver avec de nouvelles collections, inspir\u00e9es des derni\u00e8res tendances, suivant \u00e0 la fois l&rsquo;id\u00e9e de base de la qualit\u00e9, du confort et de la haute fonctionnalit\u00e9.[\/vc_column_text][\/vc_column][\/vc_row][vc_row content_width=\u00a0\u00bbgrid\u00a0\u00bb css=\u00a0\u00bb.vc_custom_1451045853897{padding-bottom: 80px !important;background-color: #f4f4f4 !important;}\u00a0\u00bb][vc_column]<div class=\"qodef-service-tables clearfix qodef-five-columns\"><div class=\"qodef-service-table with_image\" style=\"background-color: #ffffff\">\n <div class=\"qodef-service-table-inner\">\n <div class=\"qodef-service-table-image\">\n <img loading=\"lazy\" decoding=\"async\" width=\"600\" height=\"600\" src=\"https:\/\/jolidon.com\/wp-content\/uploads\/2023\/01\/Logo-Jolidon-Createur-600-x-600.png\" class=\"attachment-full size-full\" alt=\"\" srcset=\"https:\/\/jolidon.com\/wp-content\/uploads\/2023\/01\/Logo-Jolidon-Createur-600-x-600.png 600w, https:\/\/jolidon.com\/wp-content\/uploads\/2023\/01\/Logo-Jolidon-Createur-600-x-600-300x300.png 300w, https:\/\/jolidon.com\/wp-content\/uploads\/2023\/01\/Logo-Jolidon-Createur-600-x-600-150x150.png 150w, https:\/\/jolidon.com\/wp-content\/uploads\/2023\/01\/Logo-Jolidon-Createur-600-x-600-550x550.png 550w\" sizes=\"auto, (max-width: 600px) 100vw, 600px\" \/> <\/div>\n <div class=\"qodef-service-table-text\">\n <div class=\"qodef-service-table-title\">\n <h5>\n Jolidon <\/h5>\n <\/div>\n <\/div>\n <div class=\"qodef-service-table-button\">\n <a href=\"https:\/\/jolidon.com\/fr\/l-univers-jolidon\/jolidon\/\" target=\"_self\" class=\"qodef-btn qodef-btn-small qodef-btn-solid\" > <span class=\"qodef-btn-text\">D\u00e9couvrir plus<\/span> <\/a> <\/div>\n <\/div>\n<\/div>\n<div class=\"qodef-service-table with_image\" style=\"background-color: #ffffff\">\n <div class=\"qodef-service-table-inner\">\n <div class=\"qodef-service-table-image\">\n <img loading=\"lazy\" decoding=\"async\" width=\"600\" height=\"600\" src=\"https:\/\/jolidon.com\/wp-content\/uploads\/2021\/05\/joliform-neg-pe-alb.png\" class=\"attachment-full size-full\" alt=\"\" srcset=\"https:\/\/jolidon.com\/wp-content\/uploads\/2021\/05\/joliform-neg-pe-alb.png 600w, https:\/\/jolidon.com\/wp-content\/uploads\/2021\/05\/joliform-neg-pe-alb-300x300.png 300w, https:\/\/jolidon.com\/wp-content\/uploads\/2021\/05\/joliform-neg-pe-alb-150x150.png 150w, https:\/\/jolidon.com\/wp-content\/uploads\/2021\/05\/joliform-neg-pe-alb-550x550.png 550w\" sizes=\"auto, (max-width: 600px) 100vw, 600px\" \/> <\/div>\n <div class=\"qodef-service-table-text\">\n <div class=\"qodef-service-table-title\">\n <h5>\n Joliform <\/h5>\n <\/div>\n <\/div>\n <div class=\"qodef-service-table-button\">\n <a href=\"https:\/\/jolidon.com\/fr\/collections\/joliform\/\" target=\"_self\" class=\"qodef-btn qodef-btn-small qodef-btn-solid\" > <span class=\"qodef-btn-text\">D\u00e9couvrir plus<\/span> <\/a> <\/div>\n <\/div>\n<\/div>\n<div class=\"qodef-service-table with_image\" style=\"background-color: #ffffff\">\n <div class=\"qodef-service-table-inner\">\n <div class=\"qodef-service-table-image\">\n <img loading=\"lazy\" decoding=\"async\" width=\"600\" height=\"600\" src=\"https:\/\/jolidon.com\/wp-content\/uploads\/2021\/05\/prelude-neg-pe-alb.png\" class=\"attachment-full size-full\" alt=\"\" srcset=\"https:\/\/jolidon.com\/wp-content\/uploads\/2021\/05\/prelude-neg-pe-alb.png 600w, https:\/\/jolidon.com\/wp-content\/uploads\/2021\/05\/prelude-neg-pe-alb-300x300.png 300w, https:\/\/jolidon.com\/wp-content\/uploads\/2021\/05\/prelude-neg-pe-alb-150x150.png 150w, https:\/\/jolidon.com\/wp-content\/uploads\/2021\/05\/prelude-neg-pe-alb-550x550.png 550w\" sizes=\"auto, (max-width: 600px) 100vw, 600px\" \/> <\/div>\n <div class=\"qodef-service-table-text\">\n <div class=\"qodef-service-table-title\">\n <h5>\n Prelude <\/h5>\n <\/div>\n <\/div>\n <div class=\"qodef-service-table-button\">\n <a href=\"https:\/\/jolidon.com\/fr\/jolidon-universe\/prelude\/\" target=\"_self\" class=\"qodef-btn qodef-btn-small qodef-btn-solid\" > <span class=\"qodef-btn-text\">D\u00e9couvrir plus<\/span> <\/a> <\/div>\n <\/div>\n<\/div>\n<div class=\"qodef-service-table with_image\" style=\"background-color: #ffffff\">\n <div class=\"qodef-service-table-inner\">\n <div class=\"qodef-service-table-image\">\n <img loading=\"lazy\" decoding=\"async\" width=\"600\" height=\"600\" src=\"https:\/\/jolidon.com\/wp-content\/uploads\/2021\/05\/lilly-neg-pe-alb.png\" class=\"attachment-full size-full\" alt=\"\" srcset=\"https:\/\/jolidon.com\/wp-content\/uploads\/2021\/05\/lilly-neg-pe-alb.png 600w, https:\/\/jolidon.com\/wp-content\/uploads\/2021\/05\/lilly-neg-pe-alb-300x300.png 300w, https:\/\/jolidon.com\/wp-content\/uploads\/2021\/05\/lilly-neg-pe-alb-150x150.png 150w, https:\/\/jolidon.com\/wp-content\/uploads\/2021\/05\/lilly-neg-pe-alb-550x550.png 550w\" sizes=\"auto, (max-width: 600px) 100vw, 600px\" \/> <\/div>\n <div class=\"qodef-service-table-text\">\n <div class=\"qodef-service-table-title\">\n <h5>\n Lilly <\/h5>\n <\/div>\n <\/div>\n <div class=\"qodef-service-table-button\">\n <a href=\"https:\/\/jolidon.com\/fr\/portfolio-item\/lilly\/\" target=\"_self\" class=\"qodef-btn qodef-btn-small qodef-btn-solid\" > <span class=\"qodef-btn-text\">D\u00e9couvrir plus<\/span> <\/a> <\/div>\n <\/div>\n<\/div>\n<div class=\"qodef-service-table with_image\" style=\"background-color: #ffffff\">\n <div class=\"qodef-service-table-inner\">\n <div class=\"qodef-service-table-image\">\n <img loading=\"lazy\" decoding=\"async\" width=\"600\" height=\"600\" src=\"https:\/\/jolidon.com\/wp-content\/uploads\/2021\/05\/medcare-neg-pe-alb.png\" class=\"attachment-full size-full\" alt=\"\" srcset=\"https:\/\/jolidon.com\/wp-content\/uploads\/2021\/05\/medcare-neg-pe-alb.png 600w, https:\/\/jolidon.com\/wp-content\/uploads\/2021\/05\/medcare-neg-pe-alb-300x300.png 300w, https:\/\/jolidon.com\/wp-content\/uploads\/2021\/05\/medcare-neg-pe-alb-150x150.png 150w, https:\/\/jolidon.com\/wp-content\/uploads\/2021\/05\/medcare-neg-pe-alb-550x550.png 550w\" sizes=\"auto, (max-width: 600px) 100vw, 600px\" \/> <\/div>\n <div class=\"qodef-service-table-text\">\n <div class=\"qodef-service-table-title\">\n <h5>\n MedCare <\/h5>\n <\/div>\n <\/div>\n <div class=\"qodef-service-table-button\">\n <a href=\"https:\/\/jolidon.com\/fr\/portfolio-item\/jolidon-medcare\/\" target=\"_self\" class=\"qodef-btn qodef-btn-small qodef-btn-solid\" > <span class=\"qodef-btn-text\">D\u00e9couvrir plus<\/span> <\/a> <\/div>\n <\/div>\n<\/div>\n<\/div>[\/vc_column][\/vc_row]<\/p>\n<\/div>","protected":false},"excerpt":{"rendered":"<p>[vc_row][vc_column offset=\u00a0\u00bbvc_hidden-sm vc_hidden-xs\u00a0\u00bb][vc_empty_space height=\u00a0\u00bb50px\u00a0\u00bb][\/vc_column][\/vc_row][vc_row content_width=\u00a0\u00bbgrid\u00a0\u00bb css=\u00a0\u00bb.vc_custom_1621498291237{padding-top: 30px !important;padding-bottom: 10px !important;background-color: #ffffff !important;}\u00a0\u00bb][vc_column width=\u00a0\u00bb2\/3&Prime; offset=\u00a0\u00bbvc_hidden-sm vc_hidden-xs\u00a0\u00bb][vc_column_text] LE JOLIDON GROUPE [\/vc_column_text][vc_empty_space height=\u00a0\u00bb30px\u00a0\u00bb][vc_column_text]Jolidon est une marque europ\u00e9enne de lingerie et de maillots de bain, qui allie la qualit\u00e9 technologique de ses produits \u00e0 la cr\u00e9ativit\u00e9 du design, s&rsquo;inspirant&#8230;<\/p>\n","protected":false},"author":1,"featured_media":0,"parent":0,"menu_order":0,"comment_status":"closed","ping_status":"closed","template":"","meta":{"_monsterinsights_skip_tracking":false,"_monsterinsights_sitenote_active":false,"_monsterinsights_sitenote_note":"","_monsterinsights_sitenote_category":0,"_uf_show_specific_survey":0,"_uf_disable_surveys":false,"footnotes":""},"class_list":["post-5688","page","type-page","status-publish","hentry"],"yoast_head":"\n<title>L&#039;Univers Jolidon - Jolidon<\/title>\n<meta name=\"robots\" content=\"index, follow, max-snippet:-1, max-image-preview:large, max-video-preview:-1\" \/>\n<link rel=\"canonical\" href=\"https:\/\/jolidon.com\/fr\/l-univers-jolidon\/\" \/>\n<meta property=\"og:locale\" content=\"fr_FR\" \/>\n<meta property=\"og:type\" content=\"article\" \/>\n<meta property=\"og:title\" content=\"L&#039;Univers Jolidon - Jolidon\" \/>\n<meta property=\"og:description\" content=\"[vc_row][vc_column offset=\u00a0\u00bbvc_hidden-sm vc_hidden-xs\u00a0\u00bb][vc_empty_space height=\u00a0\u00bb50px\u00a0\u00bb][\/vc_column][\/vc_row][vc_row content_width=\u00a0\u00bbgrid\u00a0\u00bb css=\u00a0\u00bb.vc_custom_1621498291237{padding-top: 30px !important;padding-bottom: 10px !important;background-color: #ffffff !important;}\u00a0\u00bb][vc_column width=\u00a0\u00bb2\/3&Prime; offset=\u00a0\u00bbvc_hidden-sm vc_hidden-xs\u00a0\u00bb][vc_column_text] LE JOLIDON GROUPE [\/vc_column_text][vc_empty_space height=\u00a0\u00bb30px\u00a0\u00bb][vc_column_text]Jolidon est une marque europ\u00e9enne de lingerie et de maillots de bain, qui allie la qualit\u00e9 technologique de ses produits \u00e0 la cr\u00e9ativit\u00e9 du design, s&rsquo;inspirant...\" \/>\n<meta property=\"og:url\" content=\"https:\/\/jolidon.com\/fr\/l-univers-jolidon\/\" \/>\n<meta property=\"og:site_name\" content=\"Jolidon\" \/>\n<meta property=\"article:publisher\" content=\"https:\/\/www.facebook.com\/JolidonInternational\" \/>\n<meta property=\"article:modified_time\" content=\"2023-01-20T09:44:15+00:00\" \/>\n<meta property=\"og:image\" content=\"https:\/\/jolidon.com\/wp-content\/uploads\/2015\/12\/1res.jpg\" \/>\n\t<meta property=\"og:image:width\" content=\"1920\" \/>\n\t<meta property=\"og:image:height\" content=\"1100\" \/>\n\t<meta property=\"og:image:type\" content=\"image\/jpeg\" \/>\n<meta name=\"twitter:card\" content=\"summary_large_image\" \/>\n<meta name=\"twitter:label1\" content=\"Dur\u00e9e de lecture estim\u00e9e\" \/>\n\t<meta name=\"twitter:data1\" content=\"4 minutes\" \/>\n<script type=\"application\/ld+json\" class=\"yoast-schema-graph\">{\"@context\":\"https:\/\/schema.org\",\"@graph\":[{\"@type\":\"WebPage\",\"@id\":\"https:\/\/jolidon.com\/fr\/l-univers-jolidon\/\",\"url\":\"https:\/\/jolidon.com\/fr\/l-univers-jolidon\/\",\"name\":\"L'Univers Jolidon - Jolidon\",\"isPartOf\":{\"@id\":\"https:\/\/jolidon.com\/#website\"},\"datePublished\":\"2021-05-28T10:38:35+00:00\",\"dateModified\":\"2023-01-20T09:44:15+00:00\",\"breadcrumb\":{\"@id\":\"https:\/\/jolidon.com\/fr\/l-univers-jolidon\/#breadcrumb\"},\"inLanguage\":\"fr-FR\",\"potentialAction\":[{\"@type\":\"ReadAction\",\"target\":[\"https:\/\/jolidon.com\/fr\/l-univers-jolidon\/\"]}]},{\"@type\":\"BreadcrumbList\",\"@id\":\"https:\/\/jolidon.com\/fr\/l-univers-jolidon\/#breadcrumb\",\"itemListElement\":[{\"@type\":\"ListItem\",\"position\":1,\"name\":\"Home\",\"item\":\"https:\/\/jolidon.com\/fr\/\"},{\"@type\":\"ListItem\",\"position\":2,\"name\":\"L&#8217;Univers Jolidon\"}]},{\"@type\":\"WebSite\",\"@id\":\"https:\/\/jolidon.com\/#website\",\"url\":\"https:\/\/jolidon.com\/\",\"name\":\"Jolidon\",\"description\":\"European Fashion Lingerie\",\"publisher\":{\"@id\":\"https:\/\/jolidon.com\/#organization\"},\"potentialAction\":[{\"@type\":\"SearchAction\",\"target\":{\"@type\":\"EntryPoint\",\"urlTemplate\":\"https:\/\/jolidon.com\/?s={search_term_string}\"},\"query-input\":{\"@type\":\"PropertyValueSpecification\",\"valueRequired\":true,\"valueName\":\"search_term_string\"}}],\"inLanguage\":\"fr-FR\"},{\"@type\":\"Organization\",\"@id\":\"https:\/\/jolidon.com\/#organization\",\"name\":\"Jolidon\",\"url\":\"https:\/\/jolidon.com\/\",\"logo\":{\"@type\":\"ImageObject\",\"inLanguage\":\"fr-FR\",\"@id\":\"https:\/\/jolidon.com\/#\/schema\/logo\/image\/\",\"url\":\"https:\/\/jolidon.com\/wp-content\/uploads\/2021\/05\/jolidon-european-neg-pe-alb.png\",\"contentUrl\":\"https:\/\/jolidon.com\/wp-content\/uploads\/2021\/05\/jolidon-european-neg-pe-alb.png\",\"width\":600,\"height\":600,\"caption\":\"Jolidon\"},\"image\":{\"@id\":\"https:\/\/jolidon.com\/#\/schema\/logo\/image\/\"},\"sameAs\":[\"https:\/\/www.facebook.com\/JolidonInternational\",\"https:\/\/www.instagram.com\/jolidon\",\"https:\/\/www.pinterest.com\/jolidon\",\"https:\/\/www.youtube.com\/user\/JolidonInternational\"]}]}<\/script>\n","yoast_head_json":{"title":"L'Univers Jolidon - Jolidon","robots":{"index":"index","follow":"follow","max-snippet":"max-snippet:-1","max-image-preview":"max-image-preview:large","max-video-preview":"max-video-preview:-1"},"canonical":"https:\/\/jolidon.com\/fr\/l-univers-jolidon\/","og_locale":"fr_FR","og_type":"article","og_title":"L'Univers Jolidon - Jolidon","og_description":"[vc_row][vc_column offset=\u00a0\u00bbvc_hidden-sm vc_hidden-xs\u00a0\u00bb][vc_empty_space height=\u00a0\u00bb50px\u00a0\u00bb][\/vc_column][\/vc_row][vc_row content_width=\u00a0\u00bbgrid\u00a0\u00bb css=\u00a0\u00bb.vc_custom_1621498291237{padding-top: 30px !important;padding-bottom: 10px !important;background-color: #ffffff !important;}\u00a0\u00bb][vc_column width=\u00a0\u00bb2\/3&Prime; offset=\u00a0\u00bbvc_hidden-sm vc_hidden-xs\u00a0\u00bb][vc_column_text] LE JOLIDON GROUPE [\/vc_column_text][vc_empty_space height=\u00a0\u00bb30px\u00a0\u00bb][vc_column_text]Jolidon est une marque europ\u00e9enne de lingerie et de maillots de bain, qui allie la qualit\u00e9 technologique de ses produits \u00e0 la cr\u00e9ativit\u00e9 du design, s&rsquo;inspirant...","og_url":"https:\/\/jolidon.com\/fr\/l-univers-jolidon\/","og_site_name":"Jolidon","article_publisher":"https:\/\/www.facebook.com\/JolidonInternational","article_modified_time":"2023-01-20T09:44:15+00:00","og_image":[{"width":1920,"height":1100,"url":"https:\/\/jolidon.com\/wp-content\/uploads\/2015\/12\/1res.jpg","type":"image\/jpeg"}],"twitter_card":"summary_large_image","twitter_misc":{"Dur\u00e9e de lecture estim\u00e9e":"4 minutes"},"schema":{"@context":"https:\/\/schema.org","@graph":[{"@type":"WebPage","@id":"https:\/\/jolidon.com\/fr\/l-univers-jolidon\/","url":"https:\/\/jolidon.com\/fr\/l-univers-jolidon\/","name":"L'Univers Jolidon - Jolidon","isPartOf":{"@id":"https:\/\/jolidon.com\/#website"},"datePublished":"2021-05-28T10:38:35+00:00","dateModified":"2023-01-20T09:44:15+00:00","breadcrumb":{"@id":"https:\/\/jolidon.com\/fr\/l-univers-jolidon\/#breadcrumb"},"inLanguage":"fr-FR","potentialAction":[{"@type":"ReadAction","target":["https:\/\/jolidon.com\/fr\/l-univers-jolidon\/"]}]},{"@type":"BreadcrumbList","@id":"https:\/\/jolidon.com\/fr\/l-univers-jolidon\/#breadcrumb","itemListElement":[{"@type":"ListItem","position":1,"name":"Home","item":"https:\/\/jolidon.com\/fr\/"},{"@type":"ListItem","position":2,"name":"L&#8217;Univers Jolidon"}]},{"@type":"WebSite","@id":"https:\/\/jolidon.com\/#website","url":"https:\/\/jolidon.com\/","name":"Jolidon","description":"European Fashion Lingerie","publisher":{"@id":"https:\/\/jolidon.com\/#organization"},"potentialAction":[{"@type":"SearchAction","target":{"@type":"EntryPoint","urlTemplate":"https:\/\/jolidon.com\/?s={search_term_string}"},"query-input":{"@type":"PropertyValueSpecification","valueRequired":true,"valueName":"search_term_string"}}],"inLanguage":"fr-FR"},{"@type":"Organization","@id":"https:\/\/jolidon.com\/#organization","name":"Jolidon","url":"https:\/\/jolidon.com\/","logo":{"@type":"ImageObject","inLanguage":"fr-FR","@id":"https:\/\/jolidon.com\/#\/schema\/logo\/image\/","url":"https:\/\/jolidon.com\/wp-content\/uploads\/2021\/05\/jolidon-european-neg-pe-alb.png","contentUrl":"https:\/\/jolidon.com\/wp-content\/uploads\/2021\/05\/jolidon-european-neg-pe-alb.png","width":600,"height":600,"caption":"Jolidon"},"image":{"@id":"https:\/\/jolidon.com\/#\/schema\/logo\/image\/"},"sameAs":["https:\/\/www.facebook.com\/JolidonInternational","https:\/\/www.instagram.com\/jolidon","https:\/\/www.pinterest.com\/jolidon","https:\/\/www.youtube.com\/user\/JolidonInternational"]}]}},"jetpack_sharing_enabled":true,"_links":{"self":[{"href":"https:\/\/jolidon.com\/fr\/wp-json\/wp\/v2\/pages\/5688","targetHints":{"allow":["GET"]}}],"collection":[{"href":"https:\/\/jolidon.com\/fr\/wp-json\/wp\/v2\/pages"}],"about":[{"href":"https:\/\/jolidon.com\/fr\/wp-json\/wp\/v2\/types\/page"}],"author":[{"embeddable":true,"href":"https:\/\/jolidon.com\/fr\/wp-json\/wp\/v2\/users\/1"}],"replies":[{"embeddable":true,"href":"https:\/\/jolidon.com\/fr\/wp-json\/wp\/v2\/comments?post=5688"}],"version-history":[{"count":8,"href":"https:\/\/jolidon.com\/fr\/wp-json\/wp\/v2\/pages\/5688\/revisions"}],"predecessor-version":[{"id":31951,"href":"https:\/\/jolidon.com\/fr\/wp-json\/wp\/v2\/pages\/5688\/revisions\/31951"}],"wp:attachment":[{"href":"https:\/\/jolidon.com\/fr\/wp-json\/wp\/v2\/media?parent=5688"}],"curies":[{"name":"wp","href":"https:\/\/api.w.org\/{rel}","templated":true}]}}