{"id":5730,"date":"2021-05-28T10:50:40","date_gmt":"2021-05-28T10:50:40","guid":{"rendered":"https:\/\/jol.markera.ro\/?page_id=5730"},"modified":"2021-05-28T20:28:25","modified_gmt":"2021-05-28T20:28:25","slug":"gdpr-demander-des-donnees-personnelles","status":"publish","type":"page","link":"https:\/\/jolidon.com\/fr\/gdpr-demander-des-donnees-personnelles\/","title":{"rendered":"GDPR &#8211; Demander des donn\u00e9es personnelles"},"content":{"rendered":"<form class=\"gdpr-request-form gdpr-export-data-form confirmed\" method=\"post\">\n\t<input type=\"hidden\" id=\"gdpr_request_nonce\" name=\"gdpr_request_nonce\" value=\"3122e592c6\" \/><input type=\"hidden\" name=\"_wp_http_referer\" value=\"\/fr\/wp-json\/wp\/v2\/pages\/5730\" \/>\t<input type=\"hidden\" name=\"action\" value=\"gdpr_send_request_email\">\n\t<input type=\"hidden\" name=\"type\" value=\"export-data\">\n\t\t\t<input type=\"email\" name=\"user_email\" placeholder=\"courriel@domaine.fr\" required>\n\t\t\t\t<input type=\"submit\" value=\"T\u00e9l\u00e9charger mes donn\u00e9es\">\n<\/form>\n\n","protected":false},"excerpt":{"rendered":"","protected":false},"author":1,"featured_media":0,"parent":0,"menu_order":0,"comment_status":"closed","ping_status":"closed","template":"","meta":{"_monsterinsights_skip_tracking":false,"_monsterinsights_sitenote_active":false,"_monsterinsights_sitenote_note":"","_monsterinsights_sitenote_category":0,"_uf_show_specific_survey":0,"_uf_disable_surveys":false,"footnotes":""},"class_list":["post-5730","page","type-page","status-publish","hentry"],"yoast_head":"\n<title>GDPR - Demander des donn\u00e9es personnelles - Jolidon<\/title>\n<meta name=\"robots\" content=\"index, follow, max-snippet:-1, max-image-preview:large, max-video-preview:-1\" \/>\n<link rel=\"canonical\" href=\"https:\/\/jolidon.com\/fr\/gdpr-demander-des-donnees-personnelles\/\" \/>\n<meta property=\"og:locale\" content=\"fr_FR\" \/>\n<meta property=\"og:type\" content=\"article\" \/>\n<meta property=\"og:title\" content=\"GDPR - Demander des donn\u00e9es personnelles - Jolidon\" \/>\n<meta property=\"og:url\" content=\"https:\/\/jolidon.com\/fr\/gdpr-demander-des-donnees-personnelles\/\" \/>\n<meta property=\"og:site_name\" content=\"Jolidon\" \/>\n<meta property=\"article:publisher\" content=\"https:\/\/www.facebook.com\/JolidonInternational\" \/>\n<meta property=\"article:modified_time\" content=\"2021-05-28T20:28:25+00:00\" \/>\n<meta property=\"og:image\" content=\"https:\/\/jolidon.com\/wp-content\/uploads\/2015\/12\/1res.jpg\" \/>\n\t<meta property=\"og:image:width\" content=\"1920\" \/>\n\t<meta property=\"og:image:height\" content=\"1100\" \/>\n\t<meta property=\"og:image:type\" content=\"image\/jpeg\" \/>\n<meta name=\"twitter:card\" content=\"summary_large_image\" \/>\n<meta name=\"twitter:label1\" content=\"Dur\u00e9e de lecture estim\u00e9e\" \/>\n\t<meta name=\"twitter:data1\" content=\"1 minute\" \/>\n<script type=\"application\/ld+json\" class=\"yoast-schema-graph\">{\"@context\":\"https:\/\/schema.org\",\"@graph\":[{\"@type\":\"WebPage\",\"@id\":\"https:\/\/jolidon.com\/fr\/gdpr-demander-des-donnees-personnelles\/\",\"url\":\"https:\/\/jolidon.com\/fr\/gdpr-demander-des-donnees-personnelles\/\",\"name\":\"GDPR - Demander des donn\u00e9es personnelles - Jolidon\",\"isPartOf\":{\"@id\":\"https:\/\/jolidon.com\/#website\"},\"datePublished\":\"2021-05-28T10:50:40+00:00\",\"dateModified\":\"2021-05-28T20:28:25+00:00\",\"breadcrumb\":{\"@id\":\"https:\/\/jolidon.com\/fr\/gdpr-demander-des-donnees-personnelles\/#breadcrumb\"},\"inLanguage\":\"fr-FR\",\"potentialAction\":[{\"@type\":\"ReadAction\",\"target\":[\"https:\/\/jolidon.com\/fr\/gdpr-demander-des-donnees-personnelles\/\"]}]},{\"@type\":\"BreadcrumbList\",\"@id\":\"https:\/\/jolidon.com\/fr\/gdpr-demander-des-donnees-personnelles\/#breadcrumb\",\"itemListElement\":[{\"@type\":\"ListItem\",\"position\":1,\"name\":\"Home\",\"item\":\"https:\/\/jolidon.com\/fr\/\"},{\"@type\":\"ListItem\",\"position\":2,\"name\":\"GDPR &#8211; Demander des donn\u00e9es personnelles\"}]},{\"@type\":\"WebSite\",\"@id\":\"https:\/\/jolidon.com\/#website\",\"url\":\"https:\/\/jolidon.com\/\",\"name\":\"Jolidon\",\"description\":\"European Fashion Lingerie\",\"publisher\":{\"@id\":\"https:\/\/jolidon.com\/#organization\"},\"potentialAction\":[{\"@type\":\"SearchAction\",\"target\":{\"@type\":\"EntryPoint\",\"urlTemplate\":\"https:\/\/jolidon.com\/?s={search_term_string}\"},\"query-input\":{\"@type\":\"PropertyValueSpecification\",\"valueRequired\":true,\"valueName\":\"search_term_string\"}}],\"inLanguage\":\"fr-FR\"},{\"@type\":\"Organization\",\"@id\":\"https:\/\/jolidon.com\/#organization\",\"name\":\"Jolidon\",\"url\":\"https:\/\/jolidon.com\/\",\"logo\":{\"@type\":\"ImageObject\",\"inLanguage\":\"fr-FR\",\"@id\":\"https:\/\/jolidon.com\/#\/schema\/logo\/image\/\",\"url\":\"https:\/\/jolidon.com\/wp-content\/uploads\/2021\/05\/jolidon-european-neg-pe-alb.png\",\"contentUrl\":\"https:\/\/jolidon.com\/wp-content\/uploads\/2021\/05\/jolidon-european-neg-pe-alb.png\",\"width\":600,\"height\":600,\"caption\":\"Jolidon\"},\"image\":{\"@id\":\"https:\/\/jolidon.com\/#\/schema\/logo\/image\/\"},\"sameAs\":[\"https:\/\/www.facebook.com\/JolidonInternational\",\"https:\/\/www.instagram.com\/jolidon\",\"https:\/\/www.pinterest.com\/jolidon\",\"https:\/\/www.youtube.com\/user\/JolidonInternational\"]}]}<\/script>\n","yoast_head_json":{"title":"GDPR - Demander des donn\u00e9es personnelles - Jolidon","robots":{"index":"index","follow":"follow","max-snippet":"max-snippet:-1","max-image-preview":"max-image-preview:large","max-video-preview":"max-video-preview:-1"},"canonical":"https:\/\/jolidon.com\/fr\/gdpr-demander-des-donnees-personnelles\/","og_locale":"fr_FR","og_type":"article","og_title":"GDPR - Demander des donn\u00e9es personnelles - Jolidon","og_url":"https:\/\/jolidon.com\/fr\/gdpr-demander-des-donnees-personnelles\/","og_site_name":"Jolidon","article_publisher":"https:\/\/www.facebook.com\/JolidonInternational","article_modified_time":"2021-05-28T20:28:25+00:00","og_image":[{"width":1920,"height":1100,"url":"https:\/\/jolidon.com\/wp-content\/uploads\/2015\/12\/1res.jpg","type":"image\/jpeg"}],"twitter_card":"summary_large_image","twitter_misc":{"Dur\u00e9e de lecture estim\u00e9e":"1 minute"},"schema":{"@context":"https:\/\/schema.org","@graph":[{"@type":"WebPage","@id":"https:\/\/jolidon.com\/fr\/gdpr-demander-des-donnees-personnelles\/","url":"https:\/\/jolidon.com\/fr\/gdpr-demander-des-donnees-personnelles\/","name":"GDPR - Demander des donn\u00e9es personnelles - Jolidon","isPartOf":{"@id":"https:\/\/jolidon.com\/#website"},"datePublished":"2021-05-28T10:50:40+00:00","dateModified":"2021-05-28T20:28:25+00:00","breadcrumb":{"@id":"https:\/\/jolidon.com\/fr\/gdpr-demander-des-donnees-personnelles\/#breadcrumb"},"inLanguage":"fr-FR","potentialAction":[{"@type":"ReadAction","target":["https:\/\/jolidon.com\/fr\/gdpr-demander-des-donnees-personnelles\/"]}]},{"@type":"BreadcrumbList","@id":"https:\/\/jolidon.com\/fr\/gdpr-demander-des-donnees-personnelles\/#breadcrumb","itemListElement":[{"@type":"ListItem","position":1,"name":"Home","item":"https:\/\/jolidon.com\/fr\/"},{"@type":"ListItem","position":2,"name":"GDPR &#8211; Demander des donn\u00e9es personnelles"}]},{"@type":"WebSite","@id":"https:\/\/jolidon.com\/#website","url":"https:\/\/jolidon.com\/","name":"Jolidon","description":"European Fashion Lingerie","publisher":{"@id":"https:\/\/jolidon.com\/#organization"},"potentialAction":[{"@type":"SearchAction","target":{"@type":"EntryPoint","urlTemplate":"https:\/\/jolidon.com\/?s={search_term_string}"},"query-input":{"@type":"PropertyValueSpecification","valueRequired":true,"valueName":"search_term_string"}}],"inLanguage":"fr-FR"},{"@type":"Organization","@id":"https:\/\/jolidon.com\/#organization","name":"Jolidon","url":"https:\/\/jolidon.com\/","logo":{"@type":"ImageObject","inLanguage":"fr-FR","@id":"https:\/\/jolidon.com\/#\/schema\/logo\/image\/","url":"https:\/\/jolidon.com\/wp-content\/uploads\/2021\/05\/jolidon-european-neg-pe-alb.png","contentUrl":"https:\/\/jolidon.com\/wp-content\/uploads\/2021\/05\/jolidon-european-neg-pe-alb.png","width":600,"height":600,"caption":"Jolidon"},"image":{"@id":"https:\/\/jolidon.com\/#\/schema\/logo\/image\/"},"sameAs":["https:\/\/www.facebook.com\/JolidonInternational","https:\/\/www.instagram.com\/jolidon","https:\/\/www.pinterest.com\/jolidon","https:\/\/www.youtube.com\/user\/JolidonInternational"]}]}},"jetpack_sharing_enabled":true,"_links":{"self":[{"href":"https:\/\/jolidon.com\/fr\/wp-json\/wp\/v2\/pages\/5730","targetHints":{"allow":["GET"]}}],"collection":[{"href":"https:\/\/jolidon.com\/fr\/wp-json\/wp\/v2\/pages"}],"about":[{"href":"https:\/\/jolidon.com\/fr\/wp-json\/wp\/v2\/types\/page"}],"author":[{"embeddable":true,"href":"https:\/\/jolidon.com\/fr\/wp-json\/wp\/v2\/users\/1"}],"replies":[{"embeddable":true,"href":"https:\/\/jolidon.com\/fr\/wp-json\/wp\/v2\/comments?post=5730"}],"version-history":[{"count":2,"href":"https:\/\/jolidon.com\/fr\/wp-json\/wp\/v2\/pages\/5730\/revisions"}],"predecessor-version":[{"id":5800,"href":"https:\/\/jolidon.com\/fr\/wp-json\/wp\/v2\/pages\/5730\/revisions\/5800"}],"wp:attachment":[{"href":"https:\/\/jolidon.com\/fr\/wp-json\/wp\/v2\/media?parent=5730"}],"curies":[{"name":"wp","href":"https:\/\/api.w.org\/{rel}","templated":true}]}}