{"id":5691,"date":"2021-05-28T10:39:16","date_gmt":"2021-05-28T07:39:16","guid":{"rendered":"https:\/\/jol.markera.ro\/?page_id=5691"},"modified":"2023-01-20T12:45:07","modified_gmt":"2023-01-20T09:45:07","slug":"l-universo-jolidon","status":"publish","type":"page","link":"https:\/\/jolidon.com\/it\/l-universo-jolidon\/","title":{"rendered":"L&#8217;universo Jolidon"},"content":{"rendered":"<div class=\"wpb-content-wrapper\"><p>[vc_row][vc_column offset=&#8221;vc_hidden-sm vc_hidden-xs&#8221;][vc_empty_space height=&#8221;50px&#8221;][\/vc_column][\/vc_row][vc_row content_width=&#8221;grid&#8221; css=&#8221;.vc_custom_1621498291237{padding-top: 30px !important;padding-bottom: 10px !important;background-color: #ffffff !important;}&#8221;][vc_column width=&#8221;2\/3&#8243; offset=&#8221;vc_hidden-sm vc_hidden-xs&#8221;][vc_column_text]<\/p>\n<h3><span style=\"font-weight: 400;\">GRUPPO JOLIDON<\/span><\/h3>\n<p>[\/vc_column_text][vc_empty_space height=&#8221;30px&#8221;][vc_column_text]Jolidon \u00e8 un marchio europeo di intimo e mare che combina la qualit\u00e0 del prodotto con il design creativo ispirato dagli ultimi trends internazionali.[\/vc_column_text][vc_empty_space height=&#8221;15px&#8221;][vc_column_text]L&#8217;eccellenza \u00e8 sempre stata forte motivazione per la Jolidon a partire dalla sua fondazione nel 1993. Nel corso degli anni ha sempre migliorato le tecnologie produttive e il processo creativo creando articoli per la pi\u00f9 ampia gamma di consumatori &#8211; uomini e donne di qualsiasi et\u00e0 con maggiore variet\u00e0 di articoli per le donne.[\/vc_column_text][vc_empty_space height=&#8221;15px&#8221;][vc_column_text]Il design delle collezioni Jolidon ha preso ispirazione, attraverso gli anni, dagli ultimi trends suggeriti dalle agenzie di style&amp;trend europee mantenendo la classicit\u00e0 e gli elementi simbolici che offrono continuit\u00e0 al prodotto.[\/vc_column_text][vc_empty_space height=&#8221;15px&#8221;][vc_column_text]L&#8217;estetica insieme alla funzionalit\u00e0 del prodotto rappresentano gli aspetti pi\u00f9 importanti sui quali Jolidon si sta concentrando sia in fase creativa che produttiva.[\/vc_column_text][vc_empty_space height=&#8221;35px&#8221;][\/vc_column][vc_column width=&#8221;1\/3&#8243; offset=&#8221;vc_hidden-sm vc_hidden-xs&#8221;][vc_single_image image=&#8221;4534&#8243; img_size=&#8221;full&#8221;][vc_empty_space height=&#8221;40px&#8221;][\/vc_column][\/vc_row][vc_row content_width=&#8221;grid&#8221; css=&#8221;.vc_custom_1621861807273{padding-top: 10px !important;padding-bottom: 10px !important;background-color: #ffffff !important;}&#8221;][vc_column width=&#8221;2\/3&#8243; offset=&#8221;vc_hidden-lg vc_hidden-md&#8221;][vc_single_image image=&#8221;4534&#8243; img_size=&#8221;full&#8221;][vc_empty_space height=&#8221;40px&#8221;][vc_column_text]<\/p>\n<h3><span style=\"font-weight: 400;\">GRUPPO JOLIDON<\/span><\/h3>\n<p>[\/vc_column_text][vc_empty_space height=&#8221;30px&#8221;][vc_column_text]Jolidon \u00e8 un marchio europeo di intimo e mare che combina la qualit\u00e0 del prodottocon il design creativo ispirato dagli ultimi trends internazionali.[\/vc_column_text][vc_empty_space height=&#8221;15px&#8221;][vc_column_text]L&#8217;eccellenza \u00e8 sempre stata forte motivazione per la Jolidon a partire dalla sua fondazione nel 1993. Nel corso degli anni ha sempre migliorato le tecnologie produttive e il processo creativo creando articoli per la pi\u00f9 ampia gamma di consumatori &#8211; uomini e donne di qualsiasi et\u00e0 con maggiore variet\u00e0 di articoli per le donne.[\/vc_column_text][vc_empty_space height=&#8221;15px&#8221;][vc_column_text]Il design delle collezioni Jolidon ha preso ispirazione, attraverso gli anni, dagli ultimi trends suggeriti dalle agenzie di style&amp;trend europee mantenendo la classicit\u00e0 e gli elementi simbolici che offrono continuit\u00e0 al prodotto.[\/vc_column_text][vc_empty_space height=&#8221;15px&#8221;][vc_column_text]L&#8217;estetica insieme alla funzionalit\u00e0 del prodotto rappresentano gli aspetti pi\u00f9 importanti sui quali Jolidon si sta concentrando sia in fase creativa che produttiva.[\/vc_column_text][vc_empty_space height=&#8221;35px&#8221;][\/vc_column][\/vc_row][vc_row content_width=&#8221;grid&#8221; css_animation=&#8221;qodef-element-from-bottom&#8221; css=&#8221;.vc_custom_1452612656842{padding-top: 69px !important;padding-bottom: 58px !important;background-color: #f7f7f7 !important;}&#8221;][vc_column offset=&#8221;vc_col-lg-4&#8243;][vc_empty_space height=&#8221;10px&#8221;][vc_single_image image=&#8221;4987&#8243; img_size=&#8221;full&#8221; onclick=&#8221;custom_link&#8221; link=&#8221;https:\/\/jolidon.com\/it\/universo-jolidon\/savoir-faire\/&#8221;][\/vc_column][vc_column offset=&#8221;vc_col-lg-4&#8243;][vc_empty_space height=&#8221;10px&#8221;][vc_single_image image=&#8221;4498&#8243; img_size=&#8221;full&#8221; onclick=&#8221;custom_link&#8221; link=&#8221;https:\/\/jolidon.com\/it\/universo-jolidon\/savoir-faire\/&#8221;][\/vc_column][vc_column offset=&#8221;vc_col-lg-4&#8243;][vc_empty_space height=&#8221;10px&#8221;][vc_empty_space][vc_column_text]<\/p>\n<h2>Savoir Faire<\/h2>\n<p>[\/vc_column_text][vc_empty_space][vc_column_text]Attraverso gli anni le collezioni Jolidon sono state ispirate dagli ultimi trends suggeriti dai migliori uffici stile in Europa, mantenendo anche elementi classici e simobolici che ne caratterizzano l&#8217;intramortabilit\u00e0 del prodotto.[\/vc_column_text][vc_empty_space height=&#8221;38px&#8221;]<a href=\"https:\/\/jolidon.com\/it\/universo-jolidon\/savoir-faire\/\" target=\"_self\" class=\"qodef-btn qodef-btn-medium qodef-btn-solid\" >\n <span class=\"qodef-btn-text\">SCOPRI DI PI\u00d9<\/span>\n <\/a>[vc_empty_space height=&#8221;20px&#8221;][\/vc_column][\/vc_row][vc_row][vc_column offset=&#8221;vc_hidden-sm vc_hidden-xs&#8221;][vc_empty_space height=&#8221;40px&#8221;][\/vc_column][\/vc_row][vc_row content_width=&#8221;grid&#8221; css_animation=&#8221;qodef-element-from-bottom&#8221; css=&#8221;.vc_custom_1621497601967{padding-top: 69px !important;padding-bottom: 58px !important;}&#8221;][vc_column offset=&#8221;vc_col-lg-4&#8243;][\/vc_column][vc_column offset=&#8221;vc_col-lg-4&#8243;][vc_empty_space height=&#8221;10px&#8221;][vc_single_image image=&#8221;4984&#8243; img_size=&#8221;full&#8221; onclick=&#8221;custom_link&#8221; link=&#8221;https:\/\/jolidon.com\/it\/universo-jolidon\/momenti-nel-tempo\/&#8221;][\/vc_column][\/vc_row][vc_row content_width=&#8221;grid&#8221; css=&#8221;.vc_custom_1451045816986{padding-top: 69px !important;padding-bottom: 35px !important;background-color: #f4f4f4 !important;}&#8221;][vc_column width=&#8221;1\/4&#8243;][vc_column_text]<\/p>\n<h6>Gruppo Jolidon<\/h6>\n<p>[\/vc_column_text][vc_empty_space height=&#8221;4px&#8221;][vc_column_text]<\/p>\n<h2>I nostri marchi<\/h2>\n<p>[\/vc_column_text][vc_empty_space height=&#8221;30px&#8221;][\/vc_column][vc_column width=&#8221;3\/4&#8243;][vc_column_text]Il gruppo Jolidon include una serie di marchi di intimo e moda mare &#8211; <strong>Jolidon, Joliform, Prelude Milano <\/strong>e <strong>Lilly<\/strong> aggiungendo anche <strong>Jolidon Medcare &amp; Protection<\/strong> &#8211; produttore e distributore di indumenti sanitari.[\/vc_column_text][vc_empty_space height=&#8221;15px&#8221;][vc_column_text]Jolidon \u00e8 il marchio principale del Gruppo diviso in tre sotto marchi <strong>Jolidon Fashion, Jolidon Clandestine<\/strong> e <strong>Joliform<\/strong> che presentano in ogni stagione Primavera\/Estate-Autunno\/Inverno nuove collezioni che puntano sulla funzionalit\u00e0, qualit\u00e0, comfort e design.[\/vc_column_text][\/vc_column][\/vc_row][vc_row content_width=&#8221;grid&#8221; css=&#8221;.vc_custom_1451045853897{padding-bottom: 80px !important;background-color: #f4f4f4 !important;}&#8221;][vc_column]<div class=\"qodef-service-tables clearfix qodef-five-columns\"><div class=\"qodef-service-table with_image\" style=\"background-color: #ffffff\">\n <div class=\"qodef-service-table-inner\">\n <div class=\"qodef-service-table-image\">\n <img loading=\"lazy\" decoding=\"async\" width=\"600\" height=\"600\" src=\"https:\/\/jolidon.com\/wp-content\/uploads\/2023\/01\/Logo-Jolidon-Createur-600-x-600.png\" class=\"attachment-full size-full\" alt=\"\" srcset=\"https:\/\/jolidon.com\/wp-content\/uploads\/2023\/01\/Logo-Jolidon-Createur-600-x-600.png 600w, https:\/\/jolidon.com\/wp-content\/uploads\/2023\/01\/Logo-Jolidon-Createur-600-x-600-300x300.png 300w, https:\/\/jolidon.com\/wp-content\/uploads\/2023\/01\/Logo-Jolidon-Createur-600-x-600-150x150.png 150w, https:\/\/jolidon.com\/wp-content\/uploads\/2023\/01\/Logo-Jolidon-Createur-600-x-600-550x550.png 550w\" sizes=\"auto, (max-width: 600px) 100vw, 600px\" \/> <\/div>\n <div class=\"qodef-service-table-text\">\n <div class=\"qodef-service-table-title\">\n <h5>\n Jolidon <\/h5>\n <\/div>\n <\/div>\n <div class=\"qodef-service-table-button\">\n <a href=\"https:\/\/jolidon.com\/it\/universo-jolidon\/jolidon\/\" target=\"_self\" class=\"qodef-btn qodef-btn-small qodef-btn-solid\" > <span class=\"qodef-btn-text\">SCOPRI DI PI\u00d9<\/span> <\/a> <\/div>\n <\/div>\n<\/div>\n<div class=\"qodef-service-table with_image\" style=\"background-color: #ffffff\">\n <div class=\"qodef-service-table-inner\">\n <div class=\"qodef-service-table-image\">\n <img loading=\"lazy\" decoding=\"async\" width=\"600\" height=\"600\" src=\"https:\/\/jolidon.com\/wp-content\/uploads\/2021\/05\/joliform-neg-pe-alb.png\" class=\"attachment-full size-full\" alt=\"\" srcset=\"https:\/\/jolidon.com\/wp-content\/uploads\/2021\/05\/joliform-neg-pe-alb.png 600w, https:\/\/jolidon.com\/wp-content\/uploads\/2021\/05\/joliform-neg-pe-alb-300x300.png 300w, https:\/\/jolidon.com\/wp-content\/uploads\/2021\/05\/joliform-neg-pe-alb-150x150.png 150w, https:\/\/jolidon.com\/wp-content\/uploads\/2021\/05\/joliform-neg-pe-alb-550x550.png 550w\" sizes=\"auto, (max-width: 600px) 100vw, 600px\" \/> <\/div>\n <div class=\"qodef-service-table-text\">\n <div class=\"qodef-service-table-title\">\n <h5>\n Joliform <\/h5>\n <\/div>\n <\/div>\n <div class=\"qodef-service-table-button\">\n <a href=\"https:\/\/jolidon.com\/it\/collezioni\/joliform\/\" target=\"_self\" class=\"qodef-btn qodef-btn-small qodef-btn-solid\" > <span class=\"qodef-btn-text\">SCOPRI DI PI\u00d9<\/span> <\/a> <\/div>\n <\/div>\n<\/div>\n<div class=\"qodef-service-table with_image\" style=\"background-color: #ffffff\">\n <div class=\"qodef-service-table-inner\">\n <div class=\"qodef-service-table-image\">\n <img loading=\"lazy\" decoding=\"async\" width=\"600\" height=\"600\" src=\"https:\/\/jolidon.com\/wp-content\/uploads\/2021\/05\/prelude-neg-pe-alb.png\" class=\"attachment-full size-full\" alt=\"\" srcset=\"https:\/\/jolidon.com\/wp-content\/uploads\/2021\/05\/prelude-neg-pe-alb.png 600w, https:\/\/jolidon.com\/wp-content\/uploads\/2021\/05\/prelude-neg-pe-alb-300x300.png 300w, https:\/\/jolidon.com\/wp-content\/uploads\/2021\/05\/prelude-neg-pe-alb-150x150.png 150w, https:\/\/jolidon.com\/wp-content\/uploads\/2021\/05\/prelude-neg-pe-alb-550x550.png 550w\" sizes=\"auto, (max-width: 600px) 100vw, 600px\" \/> <\/div>\n <div class=\"qodef-service-table-text\">\n <div class=\"qodef-service-table-title\">\n <h5>\n Prelude <\/h5>\n <\/div>\n <\/div>\n <div class=\"qodef-service-table-button\">\n <a href=\"https:\/\/jolidon.com\/it\/universo-jolidon\/prelude\/\" target=\"_self\" class=\"qodef-btn qodef-btn-small qodef-btn-solid\" > <span class=\"qodef-btn-text\">SCOPRI DI PI\u00d9<\/span> <\/a> <\/div>\n <\/div>\n<\/div>\n<div class=\"qodef-service-table with_image\" style=\"background-color: #ffffff\">\n <div class=\"qodef-service-table-inner\">\n <div class=\"qodef-service-table-image\">\n <img loading=\"lazy\" decoding=\"async\" width=\"600\" height=\"600\" src=\"https:\/\/jolidon.com\/wp-content\/uploads\/2021\/05\/lilly-neg-pe-alb.png\" class=\"attachment-full size-full\" alt=\"\" srcset=\"https:\/\/jolidon.com\/wp-content\/uploads\/2021\/05\/lilly-neg-pe-alb.png 600w, https:\/\/jolidon.com\/wp-content\/uploads\/2021\/05\/lilly-neg-pe-alb-300x300.png 300w, https:\/\/jolidon.com\/wp-content\/uploads\/2021\/05\/lilly-neg-pe-alb-150x150.png 150w, https:\/\/jolidon.com\/wp-content\/uploads\/2021\/05\/lilly-neg-pe-alb-550x550.png 550w\" sizes=\"auto, (max-width: 600px) 100vw, 600px\" \/> <\/div>\n <div class=\"qodef-service-table-text\">\n <div class=\"qodef-service-table-title\">\n <h5>\n Lilly <\/h5>\n <\/div>\n <\/div>\n <div class=\"qodef-service-table-button\">\n <a href=\"https:\/\/jolidon.com\/it\/portfolio-item\/lilly\/\" target=\"_self\" class=\"qodef-btn qodef-btn-small qodef-btn-solid\" > <span class=\"qodef-btn-text\">SCOPRI DI PI\u00d9<\/span> <\/a> <\/div>\n <\/div>\n<\/div>\n<div class=\"qodef-service-table with_image\" style=\"background-color: #ffffff\">\n <div class=\"qodef-service-table-inner\">\n <div class=\"qodef-service-table-image\">\n <img loading=\"lazy\" decoding=\"async\" width=\"600\" height=\"600\" src=\"https:\/\/jolidon.com\/wp-content\/uploads\/2021\/05\/medcare-neg-pe-alb.png\" class=\"attachment-full size-full\" alt=\"\" srcset=\"https:\/\/jolidon.com\/wp-content\/uploads\/2021\/05\/medcare-neg-pe-alb.png 600w, https:\/\/jolidon.com\/wp-content\/uploads\/2021\/05\/medcare-neg-pe-alb-300x300.png 300w, https:\/\/jolidon.com\/wp-content\/uploads\/2021\/05\/medcare-neg-pe-alb-150x150.png 150w, https:\/\/jolidon.com\/wp-content\/uploads\/2021\/05\/medcare-neg-pe-alb-550x550.png 550w\" sizes=\"auto, (max-width: 600px) 100vw, 600px\" \/> <\/div>\n <div class=\"qodef-service-table-text\">\n <div class=\"qodef-service-table-title\">\n <h5>\n MedCare <\/h5>\n <\/div>\n <\/div>\n <div class=\"qodef-service-table-button\">\n <a href=\"https:\/\/jolidon.com\/it\/portfolio-item\/jolidon-medcare\/\" target=\"_self\" class=\"qodef-btn qodef-btn-small qodef-btn-solid\" > <span class=\"qodef-btn-text\">SCOPRI DI PI\u00d9<\/span> <\/a> <\/div>\n <\/div>\n<\/div>\n<\/div>[\/vc_column][\/vc_row]<\/p>\n<\/div>","protected":false},"excerpt":{"rendered":"<p>[vc_row][vc_column offset=&#8221;vc_hidden-sm vc_hidden-xs&#8221;][vc_empty_space height=&#8221;50px&#8221;][\/vc_column][\/vc_row][vc_row content_width=&#8221;grid&#8221; css=&#8221;.vc_custom_1621498291237{padding-top: 30px !important;padding-bottom: 10px !important;background-color: #ffffff !important;}&#8221;][vc_column width=&#8221;2\/3&#8243; offset=&#8221;vc_hidden-sm vc_hidden-xs&#8221;][vc_column_text] GRUPPO JOLIDON [\/vc_column_text][vc_empty_space height=&#8221;30px&#8221;][vc_column_text]Jolidon \u00e8 un marchio europeo di intimo e mare che combina la qualit\u00e0 del prodotto con il design creativo ispirato dagli ultimi trends internazionali.[\/vc_column_text][vc_empty_space height=&#8221;15px&#8221;][vc_column_text]L&#8217;eccellenza \u00e8 sempre&#8230;<\/p>\n","protected":false},"author":1,"featured_media":0,"parent":0,"menu_order":0,"comment_status":"closed","ping_status":"closed","template":"","meta":{"_monsterinsights_skip_tracking":false,"_monsterinsights_sitenote_active":false,"_monsterinsights_sitenote_note":"","_monsterinsights_sitenote_category":0,"_uf_show_specific_survey":0,"_uf_disable_surveys":false,"footnotes":""},"class_list":["post-5691","page","type-page","status-publish","hentry"],"yoast_head":"\n<title>L&#039;universo Jolidon - Jolidon<\/title>\n<meta name=\"robots\" content=\"index, follow, max-snippet:-1, max-image-preview:large, max-video-preview:-1\" \/>\n<link rel=\"canonical\" href=\"https:\/\/jolidon.com\/it\/l-universo-jolidon\/\" \/>\n<meta property=\"og:locale\" content=\"it_IT\" \/>\n<meta property=\"og:type\" content=\"article\" \/>\n<meta property=\"og:title\" content=\"L&#039;universo Jolidon - Jolidon\" \/>\n<meta property=\"og:description\" content=\"[vc_row][vc_column offset=&#8221;vc_hidden-sm vc_hidden-xs&#8221;][vc_empty_space height=&#8221;50px&#8221;][\/vc_column][\/vc_row][vc_row content_width=&#8221;grid&#8221; css=&#8221;.vc_custom_1621498291237{padding-top: 30px !important;padding-bottom: 10px !important;background-color: #ffffff !important;}&#8221;][vc_column width=&#8221;2\/3&#8243; offset=&#8221;vc_hidden-sm vc_hidden-xs&#8221;][vc_column_text] GRUPPO JOLIDON [\/vc_column_text][vc_empty_space height=&#8221;30px&#8221;][vc_column_text]Jolidon \u00e8 un marchio europeo di intimo e mare che combina la qualit\u00e0 del prodotto con il design creativo ispirato dagli ultimi trends internazionali.[\/vc_column_text][vc_empty_space height=&#8221;15px&#8221;][vc_column_text]L&#8217;eccellenza \u00e8 sempre...\" \/>\n<meta property=\"og:url\" content=\"https:\/\/jolidon.com\/it\/l-universo-jolidon\/\" \/>\n<meta property=\"og:site_name\" content=\"Jolidon\" \/>\n<meta property=\"article:publisher\" content=\"https:\/\/www.facebook.com\/JolidonInternational\" \/>\n<meta property=\"article:modified_time\" content=\"2023-01-20T09:45:07+00:00\" \/>\n<meta property=\"og:image\" content=\"https:\/\/jolidon.com\/wp-content\/uploads\/2015\/12\/1res.jpg\" \/>\n\t<meta property=\"og:image:width\" content=\"1920\" \/>\n\t<meta property=\"og:image:height\" content=\"1100\" \/>\n\t<meta property=\"og:image:type\" content=\"image\/jpeg\" \/>\n<meta name=\"twitter:card\" content=\"summary_large_image\" \/>\n<meta name=\"twitter:label1\" content=\"Tempo di lettura stimato\" \/>\n\t<meta name=\"twitter:data1\" content=\"3 minuti\" \/>\n<script type=\"application\/ld+json\" class=\"yoast-schema-graph\">{\"@context\":\"https:\/\/schema.org\",\"@graph\":[{\"@type\":\"WebPage\",\"@id\":\"https:\/\/jolidon.com\/it\/l-universo-jolidon\/\",\"url\":\"https:\/\/jolidon.com\/it\/l-universo-jolidon\/\",\"name\":\"L'universo Jolidon - Jolidon\",\"isPartOf\":{\"@id\":\"https:\/\/jolidon.com\/#website\"},\"datePublished\":\"2021-05-28T07:39:16+00:00\",\"dateModified\":\"2023-01-20T09:45:07+00:00\",\"breadcrumb\":{\"@id\":\"https:\/\/jolidon.com\/it\/l-universo-jolidon\/#breadcrumb\"},\"inLanguage\":\"it-IT\",\"potentialAction\":[{\"@type\":\"ReadAction\",\"target\":[\"https:\/\/jolidon.com\/it\/l-universo-jolidon\/\"]}]},{\"@type\":\"BreadcrumbList\",\"@id\":\"https:\/\/jolidon.com\/it\/l-universo-jolidon\/#breadcrumb\",\"itemListElement\":[{\"@type\":\"ListItem\",\"position\":1,\"name\":\"Home\",\"item\":\"https:\/\/jolidon.com\/it\/\"},{\"@type\":\"ListItem\",\"position\":2,\"name\":\"L&#8217;universo Jolidon\"}]},{\"@type\":\"WebSite\",\"@id\":\"https:\/\/jolidon.com\/#website\",\"url\":\"https:\/\/jolidon.com\/\",\"name\":\"Jolidon\",\"description\":\"European Fashion Lingerie\",\"publisher\":{\"@id\":\"https:\/\/jolidon.com\/#organization\"},\"potentialAction\":[{\"@type\":\"SearchAction\",\"target\":{\"@type\":\"EntryPoint\",\"urlTemplate\":\"https:\/\/jolidon.com\/?s={search_term_string}\"},\"query-input\":{\"@type\":\"PropertyValueSpecification\",\"valueRequired\":true,\"valueName\":\"search_term_string\"}}],\"inLanguage\":\"it-IT\"},{\"@type\":\"Organization\",\"@id\":\"https:\/\/jolidon.com\/#organization\",\"name\":\"Jolidon\",\"url\":\"https:\/\/jolidon.com\/\",\"logo\":{\"@type\":\"ImageObject\",\"inLanguage\":\"it-IT\",\"@id\":\"https:\/\/jolidon.com\/#\/schema\/logo\/image\/\",\"url\":\"https:\/\/jolidon.com\/wp-content\/uploads\/2021\/05\/jolidon-european-neg-pe-alb.png\",\"contentUrl\":\"https:\/\/jolidon.com\/wp-content\/uploads\/2021\/05\/jolidon-european-neg-pe-alb.png\",\"width\":600,\"height\":600,\"caption\":\"Jolidon\"},\"image\":{\"@id\":\"https:\/\/jolidon.com\/#\/schema\/logo\/image\/\"},\"sameAs\":[\"https:\/\/www.facebook.com\/JolidonInternational\",\"https:\/\/www.instagram.com\/jolidon\",\"https:\/\/www.pinterest.com\/jolidon\",\"https:\/\/www.youtube.com\/user\/JolidonInternational\"]}]}<\/script>\n","yoast_head_json":{"title":"L'universo Jolidon - Jolidon","robots":{"index":"index","follow":"follow","max-snippet":"max-snippet:-1","max-image-preview":"max-image-preview:large","max-video-preview":"max-video-preview:-1"},"canonical":"https:\/\/jolidon.com\/it\/l-universo-jolidon\/","og_locale":"it_IT","og_type":"article","og_title":"L'universo Jolidon - Jolidon","og_description":"[vc_row][vc_column offset=&#8221;vc_hidden-sm vc_hidden-xs&#8221;][vc_empty_space height=&#8221;50px&#8221;][\/vc_column][\/vc_row][vc_row content_width=&#8221;grid&#8221; css=&#8221;.vc_custom_1621498291237{padding-top: 30px !important;padding-bottom: 10px !important;background-color: #ffffff !important;}&#8221;][vc_column width=&#8221;2\/3&#8243; offset=&#8221;vc_hidden-sm vc_hidden-xs&#8221;][vc_column_text] GRUPPO JOLIDON [\/vc_column_text][vc_empty_space height=&#8221;30px&#8221;][vc_column_text]Jolidon \u00e8 un marchio europeo di intimo e mare che combina la qualit\u00e0 del prodotto con il design creativo ispirato dagli ultimi trends internazionali.[\/vc_column_text][vc_empty_space height=&#8221;15px&#8221;][vc_column_text]L&#8217;eccellenza \u00e8 sempre...","og_url":"https:\/\/jolidon.com\/it\/l-universo-jolidon\/","og_site_name":"Jolidon","article_publisher":"https:\/\/www.facebook.com\/JolidonInternational","article_modified_time":"2023-01-20T09:45:07+00:00","og_image":[{"width":1920,"height":1100,"url":"https:\/\/jolidon.com\/wp-content\/uploads\/2015\/12\/1res.jpg","type":"image\/jpeg"}],"twitter_card":"summary_large_image","twitter_misc":{"Tempo di lettura stimato":"3 minuti"},"schema":{"@context":"https:\/\/schema.org","@graph":[{"@type":"WebPage","@id":"https:\/\/jolidon.com\/it\/l-universo-jolidon\/","url":"https:\/\/jolidon.com\/it\/l-universo-jolidon\/","name":"L'universo Jolidon - Jolidon","isPartOf":{"@id":"https:\/\/jolidon.com\/#website"},"datePublished":"2021-05-28T07:39:16+00:00","dateModified":"2023-01-20T09:45:07+00:00","breadcrumb":{"@id":"https:\/\/jolidon.com\/it\/l-universo-jolidon\/#breadcrumb"},"inLanguage":"it-IT","potentialAction":[{"@type":"ReadAction","target":["https:\/\/jolidon.com\/it\/l-universo-jolidon\/"]}]},{"@type":"BreadcrumbList","@id":"https:\/\/jolidon.com\/it\/l-universo-jolidon\/#breadcrumb","itemListElement":[{"@type":"ListItem","position":1,"name":"Home","item":"https:\/\/jolidon.com\/it\/"},{"@type":"ListItem","position":2,"name":"L&#8217;universo Jolidon"}]},{"@type":"WebSite","@id":"https:\/\/jolidon.com\/#website","url":"https:\/\/jolidon.com\/","name":"Jolidon","description":"European Fashion Lingerie","publisher":{"@id":"https:\/\/jolidon.com\/#organization"},"potentialAction":[{"@type":"SearchAction","target":{"@type":"EntryPoint","urlTemplate":"https:\/\/jolidon.com\/?s={search_term_string}"},"query-input":{"@type":"PropertyValueSpecification","valueRequired":true,"valueName":"search_term_string"}}],"inLanguage":"it-IT"},{"@type":"Organization","@id":"https:\/\/jolidon.com\/#organization","name":"Jolidon","url":"https:\/\/jolidon.com\/","logo":{"@type":"ImageObject","inLanguage":"it-IT","@id":"https:\/\/jolidon.com\/#\/schema\/logo\/image\/","url":"https:\/\/jolidon.com\/wp-content\/uploads\/2021\/05\/jolidon-european-neg-pe-alb.png","contentUrl":"https:\/\/jolidon.com\/wp-content\/uploads\/2021\/05\/jolidon-european-neg-pe-alb.png","width":600,"height":600,"caption":"Jolidon"},"image":{"@id":"https:\/\/jolidon.com\/#\/schema\/logo\/image\/"},"sameAs":["https:\/\/www.facebook.com\/JolidonInternational","https:\/\/www.instagram.com\/jolidon","https:\/\/www.pinterest.com\/jolidon","https:\/\/www.youtube.com\/user\/JolidonInternational"]}]}},"jetpack_sharing_enabled":true,"_links":{"self":[{"href":"https:\/\/jolidon.com\/it\/wp-json\/wp\/v2\/pages\/5691","targetHints":{"allow":["GET"]}}],"collection":[{"href":"https:\/\/jolidon.com\/it\/wp-json\/wp\/v2\/pages"}],"about":[{"href":"https:\/\/jolidon.com\/it\/wp-json\/wp\/v2\/types\/page"}],"author":[{"embeddable":true,"href":"https:\/\/jolidon.com\/it\/wp-json\/wp\/v2\/users\/1"}],"replies":[{"embeddable":true,"href":"https:\/\/jolidon.com\/it\/wp-json\/wp\/v2\/comments?post=5691"}],"version-history":[{"count":11,"href":"https:\/\/jolidon.com\/it\/wp-json\/wp\/v2\/pages\/5691\/revisions"}],"predecessor-version":[{"id":31952,"href":"https:\/\/jolidon.com\/it\/wp-json\/wp\/v2\/pages\/5691\/revisions\/31952"}],"wp:attachment":[{"href":"https:\/\/jolidon.com\/it\/wp-json\/wp\/v2\/media?parent=5691"}],"curies":[{"name":"wp","href":"https:\/\/api.w.org\/{rel}","templated":true}]}}