{"id":5376,"date":"2015-12-30T13:33:02","date_gmt":"2015-12-30T13:33:02","guid":{"rendered":"https:\/\/jol.markera.ro\/?page_id=5376"},"modified":"2023-11-06T11:58:12","modified_gmt":"2023-11-06T08:58:12","slug":"modelling-agency","status":"publish","type":"page","link":"https:\/\/jolidon.com\/ro\/","title":{"rendered":"Jolidon &#8211; Cr\u00e9ateur de d\u00e9sir"},"content":{"rendered":"<div class=\"wpb-content-wrapper\"><p>[vc_row content_width=&#8221;grid&#8221; content_aligment=&#8221;center&#8221;][vc_column width=&#8221;1\/3&#8243; offset=&#8221;vc_hidden-sm vc_hidden-xs&#8221;][vc_empty_space height=&#8221;52px&#8221;][vc_column_text]<\/p>\n<h2>ALEGE PRODUSELE PREFERATE<\/h2>\n<p>[\/vc_column_text][vc_empty_space height=&#8221;22px&#8221;][vc_column_text]<\/p>\n<p style=\"text-align: center;\">Indiferent dac\u0103 alegi s\u0103 ne vizitezi \u00eentr-unul dintre magazinele noastre din \u021bar\u0103 sau preferi s\u0103 comanzi online, \u00ee\u021bi promitem c\u0103 facem tot posibilul s\u0103 te bucuri de o experien\u021b\u0103 memorabil\u0103.<\/p>\n<p>[\/vc_column_text][vc_empty_space height=&#8221;35px&#8221;][vc_empty_space height=&#8221;40px&#8221;][\/vc_column][vc_column width=&#8221;1\/3&#8243; offset=&#8221;vc_hidden-sm vc_hidden-xs&#8221;][vc_empty_space height=&#8221;52px&#8221;][vc_column_text]<\/p>\n<h1 style=\"text-align: center;\">MAGAZIN ONLINE<\/h1>\n<p>[\/vc_column_text][vc_empty_space height=&#8221;20px&#8221;]<a href=\"https:\/\/shop.jolidon.ro\/\" target=\"_self\" class=\"qodef-btn qodef-btn-medium qodef-btn-solid\" >\n <span class=\"qodef-btn-text\">Descoper\u0103 produsele<\/span>\n <\/a>[vc_empty_space height=&#8221;40px&#8221;][\/vc_column][vc_column width=&#8221;1\/3&#8243; offset=&#8221;vc_hidden-sm vc_hidden-xs&#8221;][vc_empty_space height=&#8221;52px&#8221;][vc_column_text]<\/p>\n<h1 style=\"text-align: center;\">RE\u021aEA MAGAZINE<\/h1>\n<p>[\/vc_column_text][vc_empty_space height=&#8221;20px&#8221;]<a href=\"https:\/\/jolidon.com\/ro\/companie\/retea-magazine\/\" target=\"_self\" class=\"qodef-btn qodef-btn-medium qodef-btn-solid\" >\n <span class=\"qodef-btn-text\">Descoper\u0103 cel mai apropiat magazin<\/span>\n <\/a>[vc_empty_space height=&#8221;40px&#8221;][\/vc_column][\/vc_row][vc_row content_width=&#8221;grid&#8221; css_animation=&#8221;qodef-element-from-bottom&#8221; css=&#8221;.vc_custom_1622627967233{background-color: #ffffff !important;}&#8221;][vc_column offset=&#8221;vc_col-lg-4 vc_hidden-sm vc_hidden-xs&#8221; css=&#8221;.vc_custom_1622628053314{border-bottom-width: 80px !important;padding-top: 80px !important;}&#8221;][vc_empty_space height=&#8221;40px&#8221;][vc_column_text]<\/p>\n<h2>Jolidon<\/h2>\n<p>[\/vc_column_text][vc_empty_space height=&#8221;30px&#8221;][vc_column_text]<strong>Jolidon<\/strong> este un brand interna\u021bional de lenjerie \u0219i costume de baie, care combin\u0103 calitatea tehnologic\u0103 a produselor cu creativitatea designului, inspir\u00e2ndu-se din cele mai noi trenduri din industrie la nivel global.<\/p>\n<p>&nbsp;<\/p>\n<p>Excelen\u021ba este un motivator constant pentru Jolidon, \u00eenc\u0103 de la fondarea brandului, \u00een 1993, astfel c\u0103 mereu am c\u0103utat s\u0103 abord\u0103m tehnologii moderne \u0219i idei creative \u00een ceea ce prive\u0219te designul, s\u0103 cre\u0103m produse pentru o varietate larg\u0103 de consumatori, femei \u0219i b\u0103rba\u021bi de orice v\u00e2rst\u0103 \u2013 femeile reprezent\u00e2nd publicul \u021bint\u0103 majoritar.[\/vc_column_text][vc_empty_space height=&#8221;35px&#8221;]<a href=\"https:\/\/jolidon.com\/ro\/universul-jolidon\/savoir-faire\/\" target=\"_self\" class=\"qodef-btn qodef-btn-medium qodef-btn-solid\" >\n <span class=\"qodef-btn-text\">AFL\u0102 MAI MULTE<\/span>\n <\/a>[vc_empty_space height=&#8221;40px&#8221;][\/vc_column][vc_column offset=&#8221;vc_col-lg-4 vc_hidden-sm vc_hidden-xs&#8221; css=&#8221;.vc_custom_1622628060480{padding-top: 80px !important;padding-bottom: 80px !important;}&#8221;][vc_empty_space height=&#8221;40px&#8221;][vc_single_image image=&#8221;31884&#8243; img_size=&#8221;full&#8221; onclick=&#8221;custom_link&#8221; link=&#8221;https:\/\/jolidon.com\/ro\/universul-jolidon\/savoir-faire\/&#8221;][vc_empty_space height=&#8221;40px&#8221;][\/vc_column][vc_column offset=&#8221;vc_col-lg-4 vc_hidden-sm vc_hidden-xs&#8221; css=&#8221;.vc_custom_1622628066421{padding-top: 80px !important;padding-bottom: 80px !important;}&#8221;][vc_empty_space height=&#8221;40px&#8221;][vc_single_image image=&#8221;31888&#8243; img_size=&#8221;full&#8221; onclick=&#8221;custom_link&#8221; link=&#8221;https:\/\/jolidon.com\/ro\/universul-jolidon\/savoir-faire\/&#8221;][vc_empty_space height=&#8221;40px&#8221;][\/vc_column][\/vc_row][vc_row content_width=&#8221;grid&#8221; css_animation=&#8221;qodef-element-from-bottom&#8221; css=&#8221;.vc_custom_1622629114594{background-color: #f7f7f7 !important;}&#8221;][vc_column offset=&#8221;vc_col-lg-4 vc_hidden-sm vc_hidden-xs&#8221;][vc_empty_space height=&#8221;52px&#8221;][vc_single_image image=&#8221;31535&#8243; img_size=&#8221;full&#8221; onclick=&#8221;custom_link&#8221; link=&#8221;https:\/\/jolidon.com\/ro\/universul-jolidon\/prelude\/&#8221; css=&#8221;.vc_custom_1674199318121{padding-top: 10px !important;padding-bottom: 10px !important;}&#8221;][vc_empty_space height=&#8221;52px&#8221;][\/vc_column][vc_column offset=&#8221;vc_col-lg-4 vc_hidden-sm vc_hidden-xs&#8221;][vc_empty_space height=&#8221;52px&#8221;][vc_single_image image=&#8221;31543&#8243; img_size=&#8221;full&#8221; onclick=&#8221;custom_link&#8221; link=&#8221;https:\/\/jolidon.com\/ro\/universul-jolidon\/prelude\/&#8221; css=&#8221;.vc_custom_1674199354000{padding-top: 10px !important;padding-bottom: 10px !important;}&#8221;][vc_empty_space height=&#8221;52px&#8221;][\/vc_column][vc_column offset=&#8221;vc_col-lg-4 vc_hidden-sm vc_hidden-xs&#8221;][vc_empty_space height=&#8221;52px&#8221;][vc_empty_space][vc_column_text]<\/p>\n<h2>Prelude Milano<\/h2>\n<p>[\/vc_column_text][vc_empty_space][vc_column_text]Prelude este un brand de lenjerie \u0219i costume de baie conceput \u00een Europa, cu design \u0219i manufactur\u0103 pur european\u0103, toate materialele \u0219i accesoriile de \u00eenalt\u0103 calitate provenind de la cei mai aprecia\u021bi \u0219i cunoscu\u021bi furnizori din Europa.[\/vc_column_text][vc_empty_space height=&#8221;38px&#8221;]<a href=\"https:\/\/jolidon.com\/ro\/universul-jolidon\/prelude\/\" target=\"_self\" class=\"qodef-btn qodef-btn-medium qodef-btn-solid\" >\n <span class=\"qodef-btn-text\">Descoper\u0103 brandul<\/span>\n <\/a>[vc_empty_space height=&#8221;40px&#8221;][vc_empty_space height=&#8221;52px&#8221;][\/vc_column][\/vc_row][vc_row content_width=&#8221;grid&#8221; css_animation=&#8221;qodef-element-from-bottom&#8221; css=&#8221;.vc_custom_1622628311902{background-color: #ffffff !important;}&#8221;][vc_column offset=&#8221;vc_col-lg-4 vc_hidden-lg vc_hidden-md&#8221; css=&#8221;.vc_custom_1622628289889{background-color: #ffffff !important;}&#8221;][vc_column_text]<\/p>\n<h2>ALEGE PRODUSELE PREFERATE<\/h2>\n<p>[\/vc_column_text][vc_empty_space height=&#8221;22px&#8221;][vc_column_text]<\/p>\n<p style=\"text-align: left;\">Indiferent dac\u0103 alegi s\u0103 ne vizitezi \u00eentr-unul dintre magazinele noastre din \u021bar\u0103 sau preferi s\u0103 comanzi online, \u00ee\u021bi promitem c\u0103 facem tot posibilul s\u0103 te bucuri de o experien\u021b\u0103 memorabil\u0103.<\/p>\n<p>[\/vc_column_text][vc_empty_space height=&#8221;35px&#8221;][vc_column_text]<\/p>\n<h1 style=\"text-align: left;\">MAGAZIN ONLINE<\/h1>\n<p>[\/vc_column_text][vc_empty_space height=&#8221;20px&#8221;]<a href=\"https:\/\/shop.jolidon.ro\/\" target=\"_self\" class=\"qodef-btn qodef-btn-medium qodef-btn-solid\" >\n <span class=\"qodef-btn-text\">Descoper\u0103 produsele<\/span>\n <\/a>[vc_empty_space height=&#8221;30px&#8221;][vc_column_text]<\/p>\n<h1 style=\"text-align: left;\">RE\u021aEA MAGAZINE<\/h1>\n<p>[\/vc_column_text][vc_empty_space height=&#8221;20px&#8221;]<a href=\"https:\/\/jolidon.com\/ro\/companie\/retea-magazine\/\" target=\"_self\" class=\"qodef-btn qodef-btn-medium qodef-btn-solid\" >\n <span class=\"qodef-btn-text\">G\u0103se\u0219te magazin<\/span>\n <\/a>[vc_empty_space height=&#8221;30px&#8221;][vc_single_image image=&#8221;4967&#8243; img_size=&#8221;full&#8221; onclick=&#8221;custom_link&#8221; link=&#8221;https:\/\/jolidon.com\/ro\/universul-jolidon\/savoir-faire\/&#8221; css=&#8221;.vc_custom_1622633363669{background-color: #ffffff !important;}&#8221;][vc_empty_space height=&#8221;20px&#8221;][vc_column_text]<\/p>\n<h2>Jolidon<\/h2>\n<p>[\/vc_column_text][vc_empty_space height=&#8221;30px&#8221;][vc_column_text]<strong>Jolidon<\/strong> este un brand interna\u021bional de lenjerie \u0219i costume de baie, care combin\u0103 calitatea tehnologic\u0103 a produselor cu creativitatea designului, inspir\u00e2ndu-se din cele mai noi trenduri din industrie la nivel global.<\/p>\n<p>&nbsp;<\/p>\n<p>Excelen\u021ba este un motivator constant pentru Jolidon, \u00eenc\u0103 de la fondarea brandului, \u00een 1993, astfel c\u0103 mereu am c\u0103utat s\u0103 abord\u0103m tehnologii moderne \u0219i idei creative \u00een ceea ce prive\u0219te designul, s\u0103 cre\u0103m produse pentru o varietate larg\u0103 de consumatori, femei \u0219i b\u0103rba\u021bi de orice v\u00e2rst\u0103 \u2013 femeile reprezent\u00e2nd publicul \u021bint\u0103 majoritar.[\/vc_column_text][vc_empty_space height=&#8221;35px&#8221;]<a href=\"https:\/\/jolidon.com\/ro\/universul-jolidon\/savoir-faire\/\" target=\"_self\" class=\"qodef-btn qodef-btn-medium qodef-btn-solid\" >\n <span class=\"qodef-btn-text\">Afl\u0103 mai multe<\/span>\n <\/a>[vc_empty_space height=&#8221;40px&#8221;][vc_single_image image=&#8221;30852&#8243; img_size=&#8221;full&#8221; onclick=&#8221;custom_link&#8221; link=&#8221;https:\/\/jolidon.com\/ro\/universul-jolidon\/savoir-faire\/&#8221;][vc_empty_space height=&#8221;40px&#8221;][vc_column_text]<\/p>\n<h2>Prelude Milano<\/h2>\n<p>[\/vc_column_text][vc_empty_space][vc_single_image image=&#8221;30831&#8243; img_size=&#8221;full&#8221; onclick=&#8221;custom_link&#8221; link=&#8221;https:\/\/jolidon.com\/ro\/universul-jolidon\/prelude\/&#8221; css=&#8221;.vc_custom_1651658508684{padding-top: 10px !important;padding-bottom: 10px !important;}&#8221;][vc_empty_space][vc_column_text]Prelude este un brand de lenjerie \u0219i costume de baie conceput \u00een Europa, cu design \u0219i manufactur\u0103 pur european\u0103, toate materialele \u0219i accesoriile de \u00eenalt\u0103 calitate provenind de la cei mai aprecia\u021bi \u0219i cunoscu\u021bi furnizori din Europa.[\/vc_column_text][vc_empty_space height=&#8221;38px&#8221;]<a href=\"https:\/\/jolidon.com\/ro\/universul-jolidon\/prelude\/\" target=\"_self\" class=\"qodef-btn qodef-btn-medium qodef-btn-solid\" >\n <span class=\"qodef-btn-text\">Descoper\u0103 brandul<\/span>\n <\/a>[vc_empty_space height=&#8221;40px&#8221;][vc_single_image image=&#8221;30833&#8243; img_size=&#8221;full&#8221; onclick=&#8221;custom_link&#8221; link=&#8221;https:\/\/jolidon.com\/ro\/universul-jolidon\/prelude\/&#8221;][vc_empty_space height=&#8221;20px&#8221;][\/vc_column][\/vc_row]<\/p>\n<\/div>","protected":false},"excerpt":{"rendered":"<p>[vc_row content_width=&#8221;grid&#8221; content_aligment=&#8221;center&#8221;][vc_column width=&#8221;1\/3&#8243; offset=&#8221;vc_hidden-sm vc_hidden-xs&#8221;][vc_empty_space height=&#8221;52px&#8221;][vc_column_text] ALEGE PRODUSELE PREFERATE [\/vc_column_text][vc_empty_space height=&#8221;22px&#8221;][vc_column_text] Indiferent dac\u0103 alegi s\u0103 ne vizitezi \u00eentr-unul dintre magazinele noastre din \u021bar\u0103 sau preferi s\u0103 comanzi online, \u00ee\u021bi promitem c\u0103 facem tot posibilul s\u0103 te bucuri de o experien\u021b\u0103 memorabil\u0103. [\/vc_column_text][vc_empty_space height=&#8221;35px&#8221;][vc_empty_space height=&#8221;40px&#8221;][\/vc_column][vc_column&#8230;<\/p>\n","protected":false},"author":1,"featured_media":0,"parent":0,"menu_order":0,"comment_status":"closed","ping_status":"closed","template":"full-width.php","meta":{"_monsterinsights_skip_tracking":false,"_monsterinsights_sitenote_active":false,"_monsterinsights_sitenote_note":"","_monsterinsights_sitenote_category":0,"_uf_show_specific_survey":0,"_uf_disable_surveys":false,"footnotes":""},"class_list":["post-5376","page","type-page","status-publish","hentry"],"yoast_head":"\n<title>Jolidon - Cr\u00e9ateur de d\u00e9sir - Jolidon<\/title>\n<meta name=\"robots\" content=\"index, follow, max-snippet:-1, max-image-preview:large, max-video-preview:-1\" \/>\n<link rel=\"canonical\" href=\"https:\/\/jolidon.com\/ro\/\" \/>\n<meta property=\"og:locale\" content=\"ro_RO\" \/>\n<meta property=\"og:type\" content=\"article\" \/>\n<meta property=\"og:title\" content=\"Jolidon - Cr\u00e9ateur de d\u00e9sir - Jolidon\" \/>\n<meta property=\"og:description\" content=\"[vc_row content_width=&#8221;grid&#8221; content_aligment=&#8221;center&#8221;][vc_column width=&#8221;1\/3&#8243; offset=&#8221;vc_hidden-sm vc_hidden-xs&#8221;][vc_empty_space height=&#8221;52px&#8221;][vc_column_text] ALEGE PRODUSELE PREFERATE [\/vc_column_text][vc_empty_space height=&#8221;22px&#8221;][vc_column_text] Indiferent dac\u0103 alegi s\u0103 ne vizitezi \u00eentr-unul dintre magazinele noastre din \u021bar\u0103 sau preferi s\u0103 comanzi online, \u00ee\u021bi promitem c\u0103 facem tot posibilul s\u0103 te bucuri de o experien\u021b\u0103 memorabil\u0103. [\/vc_column_text][vc_empty_space height=&#8221;35px&#8221;][vc_empty_space height=&#8221;40px&#8221;][\/vc_column][vc_column...\" \/>\n<meta property=\"og:url\" content=\"https:\/\/jolidon.com\/ro\/\" \/>\n<meta property=\"og:site_name\" content=\"Jolidon\" \/>\n<meta property=\"article:publisher\" content=\"https:\/\/www.facebook.com\/JolidonInternational\" \/>\n<meta property=\"article:modified_time\" content=\"2023-11-06T08:58:12+00:00\" \/>\n<meta property=\"og:image\" content=\"https:\/\/jolidon.com\/wp-content\/uploads\/2015\/12\/1res.jpg\" \/>\n\t<meta property=\"og:image:width\" content=\"1920\" \/>\n\t<meta property=\"og:image:height\" content=\"1100\" \/>\n\t<meta property=\"og:image:type\" content=\"image\/jpeg\" \/>\n<meta name=\"twitter:card\" content=\"summary_large_image\" \/>\n<meta name=\"twitter:label1\" content=\"Timp estimat pentru citire\" \/>\n\t<meta name=\"twitter:data1\" content=\"3 minute\" \/>\n<script type=\"application\/ld+json\" class=\"yoast-schema-graph\">{\"@context\":\"https:\/\/schema.org\",\"@graph\":[{\"@type\":\"WebPage\",\"@id\":\"https:\/\/jolidon.com\/ro\/\",\"url\":\"https:\/\/jolidon.com\/ro\/\",\"name\":\"Jolidon - Cr\u00e9ateur de d\u00e9sir - Jolidon\",\"isPartOf\":{\"@id\":\"https:\/\/jolidon.com\/#website\"},\"datePublished\":\"2015-12-30T13:33:02+00:00\",\"dateModified\":\"2023-11-06T08:58:12+00:00\",\"breadcrumb\":{\"@id\":\"https:\/\/jolidon.com\/ro\/#breadcrumb\"},\"inLanguage\":\"ro-RO\",\"potentialAction\":[{\"@type\":\"ReadAction\",\"target\":[\"https:\/\/jolidon.com\/ro\/\"]}]},{\"@type\":\"BreadcrumbList\",\"@id\":\"https:\/\/jolidon.com\/ro\/#breadcrumb\",\"itemListElement\":[{\"@type\":\"ListItem\",\"position\":1,\"name\":\"Home\",\"item\":\"https:\/\/jolidon.com\/ro\/\"},{\"@type\":\"ListItem\",\"position\":2,\"name\":\"Jolidon &#8211; Cr\u00e9ateur de d\u00e9sir\"}]},{\"@type\":\"WebSite\",\"@id\":\"https:\/\/jolidon.com\/#website\",\"url\":\"https:\/\/jolidon.com\/\",\"name\":\"Jolidon\",\"description\":\"Cr\u00e9ateur de d\u00e9sir\",\"publisher\":{\"@id\":\"https:\/\/jolidon.com\/#organization\"},\"potentialAction\":[{\"@type\":\"SearchAction\",\"target\":{\"@type\":\"EntryPoint\",\"urlTemplate\":\"https:\/\/jolidon.com\/?s={search_term_string}\"},\"query-input\":{\"@type\":\"PropertyValueSpecification\",\"valueRequired\":true,\"valueName\":\"search_term_string\"}}],\"inLanguage\":\"ro-RO\"},{\"@type\":\"Organization\",\"@id\":\"https:\/\/jolidon.com\/#organization\",\"name\":\"Jolidon\",\"url\":\"https:\/\/jolidon.com\/\",\"logo\":{\"@type\":\"ImageObject\",\"inLanguage\":\"ro-RO\",\"@id\":\"https:\/\/jolidon.com\/#\/schema\/logo\/image\/\",\"url\":\"https:\/\/jolidon.com\/wp-content\/uploads\/2021\/05\/jolidon-european-neg-pe-alb.png\",\"contentUrl\":\"https:\/\/jolidon.com\/wp-content\/uploads\/2021\/05\/jolidon-european-neg-pe-alb.png\",\"width\":600,\"height\":600,\"caption\":\"Jolidon\"},\"image\":{\"@id\":\"https:\/\/jolidon.com\/#\/schema\/logo\/image\/\"},\"sameAs\":[\"https:\/\/www.facebook.com\/JolidonInternational\",\"https:\/\/www.instagram.com\/jolidon\",\"https:\/\/www.pinterest.com\/jolidon\",\"https:\/\/www.youtube.com\/user\/JolidonInternational\"]}]}<\/script>\n","yoast_head_json":{"title":"Jolidon - Cr\u00e9ateur de d\u00e9sir - Jolidon","robots":{"index":"index","follow":"follow","max-snippet":"max-snippet:-1","max-image-preview":"max-image-preview:large","max-video-preview":"max-video-preview:-1"},"canonical":"https:\/\/jolidon.com\/ro\/","og_locale":"ro_RO","og_type":"article","og_title":"Jolidon - Cr\u00e9ateur de d\u00e9sir - Jolidon","og_description":"[vc_row content_width=&#8221;grid&#8221; content_aligment=&#8221;center&#8221;][vc_column width=&#8221;1\/3&#8243; offset=&#8221;vc_hidden-sm vc_hidden-xs&#8221;][vc_empty_space height=&#8221;52px&#8221;][vc_column_text] ALEGE PRODUSELE PREFERATE [\/vc_column_text][vc_empty_space height=&#8221;22px&#8221;][vc_column_text] Indiferent dac\u0103 alegi s\u0103 ne vizitezi \u00eentr-unul dintre magazinele noastre din \u021bar\u0103 sau preferi s\u0103 comanzi online, \u00ee\u021bi promitem c\u0103 facem tot posibilul s\u0103 te bucuri de o experien\u021b\u0103 memorabil\u0103. [\/vc_column_text][vc_empty_space height=&#8221;35px&#8221;][vc_empty_space height=&#8221;40px&#8221;][\/vc_column][vc_column...","og_url":"https:\/\/jolidon.com\/ro\/","og_site_name":"Jolidon","article_publisher":"https:\/\/www.facebook.com\/JolidonInternational","article_modified_time":"2023-11-06T08:58:12+00:00","og_image":[{"width":1920,"height":1100,"url":"https:\/\/jolidon.com\/wp-content\/uploads\/2015\/12\/1res.jpg","type":"image\/jpeg"}],"twitter_card":"summary_large_image","twitter_misc":{"Timp estimat pentru citire":"3 minute"},"schema":{"@context":"https:\/\/schema.org","@graph":[{"@type":"WebPage","@id":"https:\/\/jolidon.com\/ro\/","url":"https:\/\/jolidon.com\/ro\/","name":"Jolidon - Cr\u00e9ateur de d\u00e9sir - Jolidon","isPartOf":{"@id":"https:\/\/jolidon.com\/#website"},"datePublished":"2015-12-30T13:33:02+00:00","dateModified":"2023-11-06T08:58:12+00:00","breadcrumb":{"@id":"https:\/\/jolidon.com\/ro\/#breadcrumb"},"inLanguage":"ro-RO","potentialAction":[{"@type":"ReadAction","target":["https:\/\/jolidon.com\/ro\/"]}]},{"@type":"BreadcrumbList","@id":"https:\/\/jolidon.com\/ro\/#breadcrumb","itemListElement":[{"@type":"ListItem","position":1,"name":"Home","item":"https:\/\/jolidon.com\/ro\/"},{"@type":"ListItem","position":2,"name":"Jolidon &#8211; Cr\u00e9ateur de d\u00e9sir"}]},{"@type":"WebSite","@id":"https:\/\/jolidon.com\/#website","url":"https:\/\/jolidon.com\/","name":"Jolidon","description":"Cr\u00e9ateur de d\u00e9sir","publisher":{"@id":"https:\/\/jolidon.com\/#organization"},"potentialAction":[{"@type":"SearchAction","target":{"@type":"EntryPoint","urlTemplate":"https:\/\/jolidon.com\/?s={search_term_string}"},"query-input":{"@type":"PropertyValueSpecification","valueRequired":true,"valueName":"search_term_string"}}],"inLanguage":"ro-RO"},{"@type":"Organization","@id":"https:\/\/jolidon.com\/#organization","name":"Jolidon","url":"https:\/\/jolidon.com\/","logo":{"@type":"ImageObject","inLanguage":"ro-RO","@id":"https:\/\/jolidon.com\/#\/schema\/logo\/image\/","url":"https:\/\/jolidon.com\/wp-content\/uploads\/2021\/05\/jolidon-european-neg-pe-alb.png","contentUrl":"https:\/\/jolidon.com\/wp-content\/uploads\/2021\/05\/jolidon-european-neg-pe-alb.png","width":600,"height":600,"caption":"Jolidon"},"image":{"@id":"https:\/\/jolidon.com\/#\/schema\/logo\/image\/"},"sameAs":["https:\/\/www.facebook.com\/JolidonInternational","https:\/\/www.instagram.com\/jolidon","https:\/\/www.pinterest.com\/jolidon","https:\/\/www.youtube.com\/user\/JolidonInternational"]}]}},"jetpack_sharing_enabled":true,"_links":{"self":[{"href":"https:\/\/jolidon.com\/ro\/wp-json\/wp\/v2\/pages\/5376","targetHints":{"allow":["GET"]}}],"collection":[{"href":"https:\/\/jolidon.com\/ro\/wp-json\/wp\/v2\/pages"}],"about":[{"href":"https:\/\/jolidon.com\/ro\/wp-json\/wp\/v2\/types\/page"}],"author":[{"embeddable":true,"href":"https:\/\/jolidon.com\/ro\/wp-json\/wp\/v2\/users\/1"}],"replies":[{"embeddable":true,"href":"https:\/\/jolidon.com\/ro\/wp-json\/wp\/v2\/comments?post=5376"}],"version-history":[{"count":23,"href":"https:\/\/jolidon.com\/ro\/wp-json\/wp\/v2\/pages\/5376\/revisions"}],"predecessor-version":[{"id":32027,"href":"https:\/\/jolidon.com\/ro\/wp-json\/wp\/v2\/pages\/5376\/revisions\/32027"}],"wp:attachment":[{"href":"https:\/\/jolidon.com\/ro\/wp-json\/wp\/v2\/media?parent=5376"}],"curies":[{"name":"wp","href":"https:\/\/api.w.org\/{rel}","templated":true}]}}