{"id":5630,"date":"2021-05-28T10:11:45","date_gmt":"2021-05-28T10:11:45","guid":{"rendered":"https:\/\/jol.markera.ro\/?page_id=5630"},"modified":"2021-05-28T18:56:59","modified_gmt":"2021-05-28T18:56:59","slug":"jolidon-men","status":"publish","type":"page","link":"https:\/\/jolidon.com\/ro\/colectii\/jolidon-men\/","title":{"rendered":"Jolidon Men"},"content":{"rendered":"<div class=\"wpb-content-wrapper\"><p>[vc_row content_width=&#8221;grid&#8221; css=&#8221;.vc_custom_1450101411491{padding-top: 69px !important;padding-bottom: 35px !important;}&#8221;][vc_column width=&#8221;1\/3&#8243;][vc_column_text]<\/p>\n<h6>Calitate &amp; confort<\/h6>\n<p>[\/vc_column_text][vc_empty_space height=&#8221;4px&#8221;][vc_column_text]<\/p>\n<h2>Jolidon Men<\/h2>\n<p>[\/vc_column_text][vc_empty_space height=&#8221;30px&#8221;][\/vc_column][vc_column width=&#8221;2\/3&#8243;][vc_column_text]<\/p>\n<div class=\"wpb_text_column wpb_content_element \">\n<div class=\"wpb_wrapper\">\n<h4>Colectia Jolidon Men detine peste 50 de stiluri diferite de lenjerie intim\u0103 \u0219i \u00eembr\u0103c\u0103minte de casa pentru barbati. Intreaga colectie este proiectata \u0219i creata \u00een fabrica proprie din Europa, cu \u021bes\u0103turi \u0219i elastice exclusiv europene, de la furnizori consacrati din domeniu.<\/h4>\n<\/div>\n<\/div>\n<p>[\/vc_column_text][vc_empty_space height=&#8221;15px&#8221;][vc_column_text]<\/p>\n<div class=\"wpb_text_column wpb_content_element \">\n<div class=\"wpb_wrapper\">\n<div class=\"wpb_text_column wpb_content_element \">\n<div class=\"wpb_wrapper\">\n<div class=\"wpb_text_column wpb_content_element \">\n<div class=\"wpb_wrapper\">\n<h4>Unul dintre atuurile brandului Jolidon este calitatea oferita, care se regaseste atat in design cat si in procesul de fabricatie, pentru fiecare produs din colectia noastra.<\/h4>\n<\/div>\n<\/div>\n<\/div>\n<\/div>\n<\/div>\n<\/div>\n<p>[\/vc_column_text][vc_empty_space height=&#8221;15px&#8221;][vc_column_text]<\/p>\n<div class=\"wpb_text_column wpb_content_element \">\n<div class=\"wpb_wrapper\"><\/div>\n<\/div>\n<div class=\"wpb_text_column wpb_content_element \">\n<div class=\"wpb_wrapper\">\n<h4>Misiunea colec\u021biei noastre de lenjerie pentru b\u0103rba\u021bi a fost \u00eentotdeauna s\u0103 ofere un confort \u0219i un stil deosebit pentru o gama variat\u0103 de clien\u021bi.<\/h4>\n<\/div>\n<\/div>\n<p>[\/vc_column_text][vc_empty_space height=&#8221;15px&#8221;][vc_column_text]<\/p>\n<div class=\"wpb_text_column wpb_content_element \">\n<div class=\"wpb_wrapper\"><\/div>\n<\/div>\n<div class=\"wpb_text_column wpb_content_element \">\n<div class=\"wpb_wrapper\">\n<h4>\u021aes\u0103turile calitative, execu\u021bia impecabil\u0103 \u0219i stilurile pe care le proiect\u0103m \u0219i le fabric\u0103m, au acaparat de-a lungul anilor aten\u021bia clien\u021bilor no\u0219tri, construind o rela\u021bie bazat\u0103 pe \u00eencredere, inspir\u00e2ndu-ne astfel s\u0103 cre\u0103m \u00een continuare pentru interesele \u0219i nevoile lor.<\/h4>\n<\/div>\n<\/div>\n<p>[\/vc_column_text][vc_empty_space height=&#8221;15px&#8221;][\/vc_column][\/vc_row][vc_row][vc_column offset=&#8221;vc_hidden-sm vc_hidden-xs&#8221;][vc_empty_space height=&#8221;33px&#8221;]<div class = \"qodef-portfolio-list-holder-outer qodef-ptf-gallery qodef-portfolio-slider-holder\" data-next-page= 2 data-type= gallery data-columns= three data-grid-size= three data-order-by= date data-order= ASC data-number= 3 data-image-size= full data-filter= no data-filter-order-by= name data-category= jolidon-men-collections data-show-load-more= no data-title-tag= h3 data-items= 3 data-max-num-pages = 1><div class = \"qodef-portfolio-list-holder clearfix \" ><article class=\"qodef-portfolio-item mix portfolio_category_361 portfolio_category_352\" >\n\t<a class =\"qodef-portfolio-link\" href=\"https:\/\/jolidon.com\/ro\/portfolio-item\/jolidon-men-essentials\/\" target=\"_self\">\n\t<div class = \"qodef-item-image-holder\">\n\t\t<span class=\"qodef-item-image-overlay\"><\/span>\n\t<img loading=\"lazy\" decoding=\"async\" width=\"1080\" height=\"1080\" src=\"https:\/\/jolidon.com\/wp-content\/uploads\/2021\/05\/5-essentials-men-1.jpg\" class=\"attachment-full size-full wp-post-image\" alt=\"\" srcset=\"https:\/\/jolidon.com\/wp-content\/uploads\/2021\/05\/5-essentials-men-1.jpg 1080w, https:\/\/jolidon.com\/wp-content\/uploads\/2021\/05\/5-essentials-men-1-300x300.jpg 300w, https:\/\/jolidon.com\/wp-content\/uploads\/2021\/05\/5-essentials-men-1-1024x1024.jpg 1024w, https:\/\/jolidon.com\/wp-content\/uploads\/2021\/05\/5-essentials-men-1-150x150.jpg 150w, https:\/\/jolidon.com\/wp-content\/uploads\/2021\/05\/5-essentials-men-1-768x768.jpg 768w, https:\/\/jolidon.com\/wp-content\/uploads\/2021\/05\/5-essentials-men-1-550x550.jpg 550w, https:\/\/jolidon.com\/wp-content\/uploads\/2021\/05\/5-essentials-men-1-1000x1000.jpg 1000w\" sizes=\"auto, (max-width: 1080px) 100vw, 1080px\" \/>\t\t\t\t\n\t<\/div>\n\t<div class=\"qodef-item-text-overlay\">\n\t\t<div class=\"qodef-item-text-overlay-inner\">\n\t\t\t<div class=\"qodef-item-text-holder\">\n\t\t\t\t<div class=\"qodef-ptf-category-holder\"><span>Jolidon Men Essentials<\/span> \/ <span>Jolidon Men<\/span><\/div>\t\t\t\t<h3 class=\"qodef-item-title\">\n\t\t\t\t\tJolidon Men Essentials\t\t\t\t<\/h3>\t\n\n\t\t\t<\/div>\n\t\t<\/div>\t\n\t<\/div>\n\t<\/a>\n<\/article>\n<article class=\"qodef-portfolio-item mix portfolio_category_362 portfolio_category_352\" >\n\t<a class =\"qodef-portfolio-link\" href=\"https:\/\/jolidon.com\/ro\/portfolio-item\/jolidon-men-swimwear\/\" target=\"_self\">\n\t<div class = \"qodef-item-image-holder\">\n\t\t<span class=\"qodef-item-image-overlay\"><\/span>\n\t<img loading=\"lazy\" decoding=\"async\" width=\"1080\" height=\"1080\" src=\"https:\/\/jolidon.com\/wp-content\/uploads\/2021\/05\/2.-sort-de-baie-barbati.jpg\" class=\"attachment-full size-full wp-post-image\" alt=\"\" srcset=\"https:\/\/jolidon.com\/wp-content\/uploads\/2021\/05\/2.-sort-de-baie-barbati.jpg 1080w, https:\/\/jolidon.com\/wp-content\/uploads\/2021\/05\/2.-sort-de-baie-barbati-300x300.jpg 300w, https:\/\/jolidon.com\/wp-content\/uploads\/2021\/05\/2.-sort-de-baie-barbati-1024x1024.jpg 1024w, https:\/\/jolidon.com\/wp-content\/uploads\/2021\/05\/2.-sort-de-baie-barbati-150x150.jpg 150w, https:\/\/jolidon.com\/wp-content\/uploads\/2021\/05\/2.-sort-de-baie-barbati-768x768.jpg 768w, https:\/\/jolidon.com\/wp-content\/uploads\/2021\/05\/2.-sort-de-baie-barbati-550x550.jpg 550w, https:\/\/jolidon.com\/wp-content\/uploads\/2021\/05\/2.-sort-de-baie-barbati-1000x1000.jpg 1000w\" sizes=\"auto, (max-width: 1080px) 100vw, 1080px\" \/>\t\t\t\t\n\t<\/div>\n\t<div class=\"qodef-item-text-overlay\">\n\t\t<div class=\"qodef-item-text-overlay-inner\">\n\t\t\t<div class=\"qodef-item-text-holder\">\n\t\t\t\t<div class=\"qodef-ptf-category-holder\"><span>Jolidon Men Swimwear<\/span> \/ <span>Jolidon Men<\/span><\/div>\t\t\t\t<h3 class=\"qodef-item-title\">\n\t\t\t\t\tJolidon Men Swimwear\t\t\t\t<\/h3>\t\n\n\t\t\t<\/div>\n\t\t<\/div>\t\n\t<\/div>\n\t<\/a>\n<\/article>\n<article class=\"qodef-portfolio-item mix portfolio_category_363 portfolio_category_352\" >\n\t<a class =\"qodef-portfolio-link\" href=\"https:\/\/jolidon.com\/ro\/portfolio-item\/jolidon-men-polo\/\" target=\"_self\">\n\t<div class = \"qodef-item-image-holder\">\n\t\t<span class=\"qodef-item-image-overlay\"><\/span>\n\t<img loading=\"lazy\" decoding=\"async\" width=\"1425\" height=\"1426\" src=\"https:\/\/jolidon.com\/wp-content\/uploads\/2021\/05\/2-polo-barabti-4.jpg\" class=\"attachment-full size-full wp-post-image\" alt=\"\" srcset=\"https:\/\/jolidon.com\/wp-content\/uploads\/2021\/05\/2-polo-barabti-4.jpg 1425w, https:\/\/jolidon.com\/wp-content\/uploads\/2021\/05\/2-polo-barabti-4-300x300.jpg 300w, https:\/\/jolidon.com\/wp-content\/uploads\/2021\/05\/2-polo-barabti-4-1024x1024.jpg 1024w, https:\/\/jolidon.com\/wp-content\/uploads\/2021\/05\/2-polo-barabti-4-150x150.jpg 150w, https:\/\/jolidon.com\/wp-content\/uploads\/2021\/05\/2-polo-barabti-4-768x769.jpg 768w, https:\/\/jolidon.com\/wp-content\/uploads\/2021\/05\/2-polo-barabti-4-550x550.jpg 550w, https:\/\/jolidon.com\/wp-content\/uploads\/2021\/05\/2-polo-barabti-4-1000x1000.jpg 1000w\" sizes=\"auto, (max-width: 1425px) 100vw, 1425px\" \/>\t\t\t\t\n\t<\/div>\n\t<div class=\"qodef-item-text-overlay\">\n\t\t<div class=\"qodef-item-text-overlay-inner\">\n\t\t\t<div class=\"qodef-item-text-holder\">\n\t\t\t\t<div class=\"qodef-ptf-category-holder\"><span>Jolidon Men Polo<\/span> \/ <span>Jolidon Men<\/span><\/div>\t\t\t\t<h3 class=\"qodef-item-title\">\n\t\t\t\t\tJolidon Men Polo\t\t\t\t<\/h3>\t\n\n\t\t\t<\/div>\n\t\t<\/div>\t\n\t<\/div>\n\t<\/a>\n<\/article>\n<\/div><\/div>[vc_empty_space height=&#8221;33px&#8221;][\/vc_column][\/vc_row][vc_row][vc_column offset=&#8221;vc_hidden-lg vc_hidden-md&#8221;][vc_empty_space height=&#8221;33px&#8221;][vc_empty_space height=&#8221;33px&#8221;]<div class = \"qodef-portfolio-list-holder-outer qodef-ptf-standard qodef-ptf-three-columns\" data-next-page= 2 data-type= standard data-columns= three data-grid-size= three data-order-by= date data-order= ASC data-number= 3 data-image-size= square data-filter= no data-filter-order-by= name data-category= jolidon-men-collections data-show-load-more= no data-title-tag= h3 data-max-num-pages = 1><div class = \"qodef-portfolio-list-holder clearfix \" >\n<article class=\"qodef-portfolio-item mix portfolio_category_361 portfolio_category_352\">\n\t<div class = \"qodef-item-image-holder\">\t\t\n\t\t<a href=\"https:\/\/jolidon.com\/ro\/portfolio-item\/jolidon-men-essentials\/\" target=\"_self\">\n\t\t\t<img loading=\"lazy\" decoding=\"async\" width=\"550\" height=\"550\" src=\"https:\/\/jolidon.com\/wp-content\/uploads\/2021\/05\/5-essentials-men-1-550x550.jpg\" class=\"attachment-kloe_qodef_square size-kloe_qodef_square wp-post-image\" alt=\"\" srcset=\"https:\/\/jolidon.com\/wp-content\/uploads\/2021\/05\/5-essentials-men-1-550x550.jpg 550w, https:\/\/jolidon.com\/wp-content\/uploads\/2021\/05\/5-essentials-men-1-300x300.jpg 300w, https:\/\/jolidon.com\/wp-content\/uploads\/2021\/05\/5-essentials-men-1-1024x1024.jpg 1024w, https:\/\/jolidon.com\/wp-content\/uploads\/2021\/05\/5-essentials-men-1-150x150.jpg 150w, https:\/\/jolidon.com\/wp-content\/uploads\/2021\/05\/5-essentials-men-1-768x768.jpg 768w, https:\/\/jolidon.com\/wp-content\/uploads\/2021\/05\/5-essentials-men-1-1000x1000.jpg 1000w, https:\/\/jolidon.com\/wp-content\/uploads\/2021\/05\/5-essentials-men-1.jpg 1080w\" sizes=\"auto, (max-width: 550px) 100vw, 550px\" \/>\t\t\t<span class=\"qodef-item-image-overlay\"><\/span>\n\t\t<\/a>\n\t\t<div class=\"qodef-item-icons-holder\"><a class=\"qodef-portfolio-lightbox\" title=\"Jolidon Men Essentials\" href=\"https:\/\/jolidon.com\/wp-content\/uploads\/2021\/05\/5-essentials-men-1.jpg\" data-rel=\"prettyPhoto[pretty_photo_gallery]\"><\/a><a class=\"qodef-like\" data-type=\"portfolio_list\" id=\"qodef-like-5578-136\" title=\"Like this\"><\/a><a class=\"qodef-preview\" title=\"Go to Project\" href=\"https:\/\/jolidon.com\/ro\/portfolio-item\/jolidon-men-essentials\/\" data-type=\"portfolio_list\"><\/a><\/div>\t<\/div>\n\t<div class=\"qodef-item-text-holder\">\n\t\t<h3 class=\"qodef-item-title\">\n\t\t\t<a href=\"https:\/\/jolidon.com\/ro\/portfolio-item\/jolidon-men-essentials\/\" target=\"_self\">\n\t\t\t\tJolidon Men Essentials\t\t\t<\/a>\t\n\t\t<\/h3>\t\n\t\t<div class=\"qodef-ptf-category-holder\"><span>Jolidon Men Essentials<\/span> \/ <span>Jolidon Men<\/span><\/div>\t<\/div>\n<\/article>\n\n\n<article class=\"qodef-portfolio-item mix portfolio_category_362 portfolio_category_352\">\n\t<div class = \"qodef-item-image-holder\">\t\t\n\t\t<a href=\"https:\/\/jolidon.com\/ro\/portfolio-item\/jolidon-men-swimwear\/\" target=\"_self\">\n\t\t\t<img loading=\"lazy\" decoding=\"async\" width=\"550\" height=\"550\" src=\"https:\/\/jolidon.com\/wp-content\/uploads\/2021\/05\/2.-sort-de-baie-barbati-550x550.jpg\" class=\"attachment-kloe_qodef_square size-kloe_qodef_square wp-post-image\" alt=\"\" srcset=\"https:\/\/jolidon.com\/wp-content\/uploads\/2021\/05\/2.-sort-de-baie-barbati-550x550.jpg 550w, https:\/\/jolidon.com\/wp-content\/uploads\/2021\/05\/2.-sort-de-baie-barbati-300x300.jpg 300w, https:\/\/jolidon.com\/wp-content\/uploads\/2021\/05\/2.-sort-de-baie-barbati-1024x1024.jpg 1024w, https:\/\/jolidon.com\/wp-content\/uploads\/2021\/05\/2.-sort-de-baie-barbati-150x150.jpg 150w, https:\/\/jolidon.com\/wp-content\/uploads\/2021\/05\/2.-sort-de-baie-barbati-768x768.jpg 768w, https:\/\/jolidon.com\/wp-content\/uploads\/2021\/05\/2.-sort-de-baie-barbati-1000x1000.jpg 1000w, https:\/\/jolidon.com\/wp-content\/uploads\/2021\/05\/2.-sort-de-baie-barbati.jpg 1080w\" sizes=\"auto, (max-width: 550px) 100vw, 550px\" \/>\t\t\t<span class=\"qodef-item-image-overlay\"><\/span>\n\t\t<\/a>\n\t\t<div class=\"qodef-item-icons-holder\"><a class=\"qodef-portfolio-lightbox\" title=\"Jolidon Men Swimwear\" href=\"https:\/\/jolidon.com\/wp-content\/uploads\/2021\/05\/2.-sort-de-baie-barbati.jpg\" data-rel=\"prettyPhoto[pretty_photo_gallery]\"><\/a><a class=\"qodef-like\" data-type=\"portfolio_list\" id=\"qodef-like-5526-359\" title=\"Like this\"><\/a><a class=\"qodef-preview\" title=\"Go to Project\" href=\"https:\/\/jolidon.com\/ro\/portfolio-item\/jolidon-men-swimwear\/\" data-type=\"portfolio_list\"><\/a><\/div>\t<\/div>\n\t<div class=\"qodef-item-text-holder\">\n\t\t<h3 class=\"qodef-item-title\">\n\t\t\t<a href=\"https:\/\/jolidon.com\/ro\/portfolio-item\/jolidon-men-swimwear\/\" target=\"_self\">\n\t\t\t\tJolidon Men Swimwear\t\t\t<\/a>\t\n\t\t<\/h3>\t\n\t\t<div class=\"qodef-ptf-category-holder\"><span>Jolidon Men Swimwear<\/span> \/ <span>Jolidon Men<\/span><\/div>\t<\/div>\n<\/article>\n\n\n<article class=\"qodef-portfolio-item mix portfolio_category_363 portfolio_category_352\">\n\t<div class = \"qodef-item-image-holder\">\t\t\n\t\t<a href=\"https:\/\/jolidon.com\/ro\/portfolio-item\/jolidon-men-polo\/\" target=\"_self\">\n\t\t\t<img loading=\"lazy\" decoding=\"async\" width=\"550\" height=\"550\" src=\"https:\/\/jolidon.com\/wp-content\/uploads\/2021\/05\/2-polo-barabti-4-550x550.jpg\" class=\"attachment-kloe_qodef_square size-kloe_qodef_square wp-post-image\" alt=\"\" srcset=\"https:\/\/jolidon.com\/wp-content\/uploads\/2021\/05\/2-polo-barabti-4-550x550.jpg 550w, https:\/\/jolidon.com\/wp-content\/uploads\/2021\/05\/2-polo-barabti-4-300x300.jpg 300w, https:\/\/jolidon.com\/wp-content\/uploads\/2021\/05\/2-polo-barabti-4-1024x1024.jpg 1024w, https:\/\/jolidon.com\/wp-content\/uploads\/2021\/05\/2-polo-barabti-4-150x150.jpg 150w, https:\/\/jolidon.com\/wp-content\/uploads\/2021\/05\/2-polo-barabti-4-768x769.jpg 768w, https:\/\/jolidon.com\/wp-content\/uploads\/2021\/05\/2-polo-barabti-4-1000x1000.jpg 1000w, https:\/\/jolidon.com\/wp-content\/uploads\/2021\/05\/2-polo-barabti-4.jpg 1425w\" sizes=\"auto, (max-width: 550px) 100vw, 550px\" \/>\t\t\t<span class=\"qodef-item-image-overlay\"><\/span>\n\t\t<\/a>\n\t\t<div class=\"qodef-item-icons-holder\"><a class=\"qodef-portfolio-lightbox\" title=\"Jolidon Men Polo\" href=\"https:\/\/jolidon.com\/wp-content\/uploads\/2021\/05\/2-polo-barabti-4.jpg\" data-rel=\"prettyPhoto[pretty_photo_gallery]\"><\/a><a class=\"qodef-like\" data-type=\"portfolio_list\" id=\"qodef-like-5518-596\" title=\"Like this\"><\/a><a class=\"qodef-preview\" title=\"Go to Project\" href=\"https:\/\/jolidon.com\/ro\/portfolio-item\/jolidon-men-polo\/\" data-type=\"portfolio_list\"><\/a><\/div>\t<\/div>\n\t<div class=\"qodef-item-text-holder\">\n\t\t<h3 class=\"qodef-item-title\">\n\t\t\t<a href=\"https:\/\/jolidon.com\/ro\/portfolio-item\/jolidon-men-polo\/\" target=\"_self\">\n\t\t\t\tJolidon Men Polo\t\t\t<\/a>\t\n\t\t<\/h3>\t\n\t\t<div class=\"qodef-ptf-category-holder\"><span>Jolidon Men Polo<\/span> \/ <span>Jolidon Men<\/span><\/div>\t<\/div>\n<\/article>\n\n<div class='qodef-filler'><\/div>\n<div class='qodef-filler'><\/div>\n<div class='qodef-filler'><\/div>\n<\/div><\/div>[\/vc_column][\/vc_row]<\/p>\n<\/div>","protected":false},"excerpt":{"rendered":"<p>[vc_row content_width=&#8221;grid&#8221; css=&#8221;.vc_custom_1450101411491{padding-top: 69px !important;padding-bottom: 35px !important;}&#8221;][vc_column width=&#8221;1\/3&#8243;][vc_column_text] Calitate &amp; confort [\/vc_column_text][vc_empty_space height=&#8221;4px&#8221;][vc_column_text] Jolidon Men [\/vc_column_text][vc_empty_space height=&#8221;30px&#8221;][\/vc_column][vc_column width=&#8221;2\/3&#8243;][vc_column_text] Colectia Jolidon Men detine peste 50 de stiluri diferite de lenjerie intim\u0103 \u0219i \u00eembr\u0103c\u0103minte de casa pentru barbati. Intreaga colectie este proiectata \u0219i creata \u00een fabrica proprie&#8230;<\/p>\n","protected":false},"author":1,"featured_media":0,"parent":5486,"menu_order":0,"comment_status":"closed","ping_status":"closed","template":"","meta":{"_monsterinsights_skip_tracking":false,"_monsterinsights_sitenote_active":false,"_monsterinsights_sitenote_note":"","_monsterinsights_sitenote_category":0,"_uf_show_specific_survey":0,"_uf_disable_surveys":false,"footnotes":""},"class_list":["post-5630","page","type-page","status-publish","hentry"],"yoast_head":"\n<title>Jolidon Men - Jolidon<\/title>\n<meta name=\"robots\" content=\"index, follow, max-snippet:-1, max-image-preview:large, max-video-preview:-1\" \/>\n<link rel=\"canonical\" href=\"https:\/\/jolidon.com\/ro\/colectii\/jolidon-men\/\" \/>\n<meta property=\"og:locale\" content=\"ro_RO\" \/>\n<meta property=\"og:type\" content=\"article\" \/>\n<meta property=\"og:title\" content=\"Jolidon Men - Jolidon\" \/>\n<meta property=\"og:description\" content=\"[vc_row content_width=&#8221;grid&#8221; css=&#8221;.vc_custom_1450101411491{padding-top: 69px !important;padding-bottom: 35px !important;}&#8221;][vc_column width=&#8221;1\/3&#8243;][vc_column_text] Calitate &amp; confort [\/vc_column_text][vc_empty_space height=&#8221;4px&#8221;][vc_column_text] Jolidon Men [\/vc_column_text][vc_empty_space height=&#8221;30px&#8221;][\/vc_column][vc_column width=&#8221;2\/3&#8243;][vc_column_text] Colectia Jolidon Men detine peste 50 de stiluri diferite de lenjerie intim\u0103 \u0219i \u00eembr\u0103c\u0103minte de casa pentru barbati. Intreaga colectie este proiectata \u0219i creata \u00een fabrica proprie...\" \/>\n<meta property=\"og:url\" content=\"https:\/\/jolidon.com\/ro\/colectii\/jolidon-men\/\" \/>\n<meta property=\"og:site_name\" content=\"Jolidon\" \/>\n<meta property=\"article:publisher\" content=\"https:\/\/www.facebook.com\/JolidonInternational\" \/>\n<meta property=\"article:modified_time\" content=\"2021-05-28T18:56:59+00:00\" \/>\n<meta property=\"og:image\" content=\"https:\/\/jolidon.com\/wp-content\/uploads\/2015\/12\/1res.jpg\" \/>\n\t<meta property=\"og:image:width\" content=\"1920\" \/>\n\t<meta property=\"og:image:height\" content=\"1100\" \/>\n\t<meta property=\"og:image:type\" content=\"image\/jpeg\" \/>\n<meta name=\"twitter:card\" content=\"summary_large_image\" \/>\n<meta name=\"twitter:label1\" content=\"Timp estimat pentru citire\" \/>\n\t<meta name=\"twitter:data1\" content=\"1 minut\" \/>\n<script type=\"application\/ld+json\" class=\"yoast-schema-graph\">{\"@context\":\"https:\/\/schema.org\",\"@graph\":[{\"@type\":\"WebPage\",\"@id\":\"https:\/\/jolidon.com\/ro\/colectii\/jolidon-men\/\",\"url\":\"https:\/\/jolidon.com\/ro\/colectii\/jolidon-men\/\",\"name\":\"Jolidon Men - Jolidon\",\"isPartOf\":{\"@id\":\"https:\/\/jolidon.com\/#website\"},\"datePublished\":\"2021-05-28T10:11:45+00:00\",\"dateModified\":\"2021-05-28T18:56:59+00:00\",\"breadcrumb\":{\"@id\":\"https:\/\/jolidon.com\/ro\/colectii\/jolidon-men\/#breadcrumb\"},\"inLanguage\":\"ro-RO\",\"potentialAction\":[{\"@type\":\"ReadAction\",\"target\":[\"https:\/\/jolidon.com\/ro\/colectii\/jolidon-men\/\"]}]},{\"@type\":\"BreadcrumbList\",\"@id\":\"https:\/\/jolidon.com\/ro\/colectii\/jolidon-men\/#breadcrumb\",\"itemListElement\":[{\"@type\":\"ListItem\",\"position\":1,\"name\":\"Home\",\"item\":\"https:\/\/jolidon.com\/ro\/\"},{\"@type\":\"ListItem\",\"position\":2,\"name\":\"Colec\u021bii\",\"item\":\"https:\/\/jolidon.com\/ro\/colectii\/\"},{\"@type\":\"ListItem\",\"position\":3,\"name\":\"Jolidon Men\"}]},{\"@type\":\"WebSite\",\"@id\":\"https:\/\/jolidon.com\/#website\",\"url\":\"https:\/\/jolidon.com\/\",\"name\":\"Jolidon\",\"description\":\"Cr\u00e9ateur de d\u00e9sir\",\"publisher\":{\"@id\":\"https:\/\/jolidon.com\/#organization\"},\"potentialAction\":[{\"@type\":\"SearchAction\",\"target\":{\"@type\":\"EntryPoint\",\"urlTemplate\":\"https:\/\/jolidon.com\/?s={search_term_string}\"},\"query-input\":{\"@type\":\"PropertyValueSpecification\",\"valueRequired\":true,\"valueName\":\"search_term_string\"}}],\"inLanguage\":\"ro-RO\"},{\"@type\":\"Organization\",\"@id\":\"https:\/\/jolidon.com\/#organization\",\"name\":\"Jolidon\",\"url\":\"https:\/\/jolidon.com\/\",\"logo\":{\"@type\":\"ImageObject\",\"inLanguage\":\"ro-RO\",\"@id\":\"https:\/\/jolidon.com\/#\/schema\/logo\/image\/\",\"url\":\"https:\/\/jolidon.com\/wp-content\/uploads\/2021\/05\/jolidon-european-neg-pe-alb.png\",\"contentUrl\":\"https:\/\/jolidon.com\/wp-content\/uploads\/2021\/05\/jolidon-european-neg-pe-alb.png\",\"width\":600,\"height\":600,\"caption\":\"Jolidon\"},\"image\":{\"@id\":\"https:\/\/jolidon.com\/#\/schema\/logo\/image\/\"},\"sameAs\":[\"https:\/\/www.facebook.com\/JolidonInternational\",\"https:\/\/www.instagram.com\/jolidon\",\"https:\/\/www.pinterest.com\/jolidon\",\"https:\/\/www.youtube.com\/user\/JolidonInternational\"]}]}<\/script>\n","yoast_head_json":{"title":"Jolidon Men - Jolidon","robots":{"index":"index","follow":"follow","max-snippet":"max-snippet:-1","max-image-preview":"max-image-preview:large","max-video-preview":"max-video-preview:-1"},"canonical":"https:\/\/jolidon.com\/ro\/colectii\/jolidon-men\/","og_locale":"ro_RO","og_type":"article","og_title":"Jolidon Men - Jolidon","og_description":"[vc_row content_width=&#8221;grid&#8221; css=&#8221;.vc_custom_1450101411491{padding-top: 69px !important;padding-bottom: 35px !important;}&#8221;][vc_column width=&#8221;1\/3&#8243;][vc_column_text] Calitate &amp; confort [\/vc_column_text][vc_empty_space height=&#8221;4px&#8221;][vc_column_text] Jolidon Men [\/vc_column_text][vc_empty_space height=&#8221;30px&#8221;][\/vc_column][vc_column width=&#8221;2\/3&#8243;][vc_column_text] Colectia Jolidon Men detine peste 50 de stiluri diferite de lenjerie intim\u0103 \u0219i \u00eembr\u0103c\u0103minte de casa pentru barbati. Intreaga colectie este proiectata \u0219i creata \u00een fabrica proprie...","og_url":"https:\/\/jolidon.com\/ro\/colectii\/jolidon-men\/","og_site_name":"Jolidon","article_publisher":"https:\/\/www.facebook.com\/JolidonInternational","article_modified_time":"2021-05-28T18:56:59+00:00","og_image":[{"width":1920,"height":1100,"url":"https:\/\/jolidon.com\/wp-content\/uploads\/2015\/12\/1res.jpg","type":"image\/jpeg"}],"twitter_card":"summary_large_image","twitter_misc":{"Timp estimat pentru citire":"1 minut"},"schema":{"@context":"https:\/\/schema.org","@graph":[{"@type":"WebPage","@id":"https:\/\/jolidon.com\/ro\/colectii\/jolidon-men\/","url":"https:\/\/jolidon.com\/ro\/colectii\/jolidon-men\/","name":"Jolidon Men - Jolidon","isPartOf":{"@id":"https:\/\/jolidon.com\/#website"},"datePublished":"2021-05-28T10:11:45+00:00","dateModified":"2021-05-28T18:56:59+00:00","breadcrumb":{"@id":"https:\/\/jolidon.com\/ro\/colectii\/jolidon-men\/#breadcrumb"},"inLanguage":"ro-RO","potentialAction":[{"@type":"ReadAction","target":["https:\/\/jolidon.com\/ro\/colectii\/jolidon-men\/"]}]},{"@type":"BreadcrumbList","@id":"https:\/\/jolidon.com\/ro\/colectii\/jolidon-men\/#breadcrumb","itemListElement":[{"@type":"ListItem","position":1,"name":"Home","item":"https:\/\/jolidon.com\/ro\/"},{"@type":"ListItem","position":2,"name":"Colec\u021bii","item":"https:\/\/jolidon.com\/ro\/colectii\/"},{"@type":"ListItem","position":3,"name":"Jolidon Men"}]},{"@type":"WebSite","@id":"https:\/\/jolidon.com\/#website","url":"https:\/\/jolidon.com\/","name":"Jolidon","description":"Cr\u00e9ateur de d\u00e9sir","publisher":{"@id":"https:\/\/jolidon.com\/#organization"},"potentialAction":[{"@type":"SearchAction","target":{"@type":"EntryPoint","urlTemplate":"https:\/\/jolidon.com\/?s={search_term_string}"},"query-input":{"@type":"PropertyValueSpecification","valueRequired":true,"valueName":"search_term_string"}}],"inLanguage":"ro-RO"},{"@type":"Organization","@id":"https:\/\/jolidon.com\/#organization","name":"Jolidon","url":"https:\/\/jolidon.com\/","logo":{"@type":"ImageObject","inLanguage":"ro-RO","@id":"https:\/\/jolidon.com\/#\/schema\/logo\/image\/","url":"https:\/\/jolidon.com\/wp-content\/uploads\/2021\/05\/jolidon-european-neg-pe-alb.png","contentUrl":"https:\/\/jolidon.com\/wp-content\/uploads\/2021\/05\/jolidon-european-neg-pe-alb.png","width":600,"height":600,"caption":"Jolidon"},"image":{"@id":"https:\/\/jolidon.com\/#\/schema\/logo\/image\/"},"sameAs":["https:\/\/www.facebook.com\/JolidonInternational","https:\/\/www.instagram.com\/jolidon","https:\/\/www.pinterest.com\/jolidon","https:\/\/www.youtube.com\/user\/JolidonInternational"]}]}},"jetpack_sharing_enabled":true,"_links":{"self":[{"href":"https:\/\/jolidon.com\/ro\/wp-json\/wp\/v2\/pages\/5630","targetHints":{"allow":["GET"]}}],"collection":[{"href":"https:\/\/jolidon.com\/ro\/wp-json\/wp\/v2\/pages"}],"about":[{"href":"https:\/\/jolidon.com\/ro\/wp-json\/wp\/v2\/types\/page"}],"author":[{"embeddable":true,"href":"https:\/\/jolidon.com\/ro\/wp-json\/wp\/v2\/users\/1"}],"replies":[{"embeddable":true,"href":"https:\/\/jolidon.com\/ro\/wp-json\/wp\/v2\/comments?post=5630"}],"version-history":[{"count":2,"href":"https:\/\/jolidon.com\/ro\/wp-json\/wp\/v2\/pages\/5630\/revisions"}],"predecessor-version":[{"id":5779,"href":"https:\/\/jolidon.com\/ro\/wp-json\/wp\/v2\/pages\/5630\/revisions\/5779"}],"up":[{"embeddable":true,"href":"https:\/\/jolidon.com\/ro\/wp-json\/wp\/v2\/pages\/5486"}],"wp:attachment":[{"href":"https:\/\/jolidon.com\/ro\/wp-json\/wp\/v2\/media?parent=5630"}],"curies":[{"name":"wp","href":"https:\/\/api.w.org\/{rel}","templated":true}]}}