{"id":5656,"date":"2021-05-28T10:28:42","date_gmt":"2021-05-28T10:28:42","guid":{"rendered":"https:\/\/jol.markera.ro\/?page_id=5656"},"modified":"2023-01-19T16:40:37","modified_gmt":"2023-01-19T13:40:37","slug":"prelude","status":"publish","type":"page","link":"https:\/\/jolidon.com\/ro\/universul-jolidon\/prelude\/","title":{"rendered":"Prelude"},"content":{"rendered":"<div class=\"wpb-content-wrapper\"><p>[vc_row content_width=&#8221;grid&#8221; css_animation=&#8221;qodef-element-from-bottom&#8221; css=&#8221;.vc_custom_1621866283089{padding-top: 26px !important;padding-bottom: 30px !important;background-color: #ffffff !important;}&#8221;][vc_column offset=&#8221;vc_col-lg-4&#8243;][vc_empty_space height=&#8221;16px&#8221;][vc_column_text]<\/p>\n<h2>Prelude Milano<\/h2>\n<p>[\/vc_column_text][vc_empty_space height=&#8221;30px&#8221;][vc_column_text]<\/p>\n<div class=\"wpb_text_column wpb_content_element \">\n<div class=\"wpb_wrapper\">\n<p>Prelude este un brand de lenjerie \u0219i costume de baie conceput \u00een Europa, cu design \u0219i manufactur\u0103 pur european\u0103, toate materialele \u0219i accesoriile de \u00eenalt\u0103 calitate provenind de la cei mai aprecia\u021bi \u0219i cunoscu\u021bi furnizori din Europa.<\/p>\n<\/div>\n<\/div>\n<p>[\/vc_column_text][vc_empty_space height=&#8221;15px&#8221;][vc_column_text]Prelude este un brand care transcede delicat \u00eentr-o poezie a sim\u021burilor, unde seduc\u021bia se \u00eent\u00e2lne\u0219te cu inocen\u021ba, unde drama este \u00eempletit\u0103 artistic \u0219i original cu pasiunea \u0219i romantismul. Toate acestea ilustreaz\u0103 o form\u0103 de art\u0103 a\u00a0celor mai fine \u0219i pre\u021bioase texturi, cum ar fi m\u0103tasea, dantela, broderia, devenind un univers necontenit de frumuse\u021be \u0219i inspira\u021bie pentru femeia modern\u0103.<\/p>\n<h4><\/h4>\n<p>[\/vc_column_text][vc_empty_space height=&#8221;15px&#8221;][vc_column_text]Femeia Prelude este un personaj care denot\u0103, \u00een acela\u0219i timp, independen\u021b\u0103 \u0219i o elegan\u021b\u0103 natural\u0103, un personaj care nu refuz\u0103 niciodat\u0103 s\u0103 se r\u0103sfe\u021be cu lucruri \u0219i experien\u021be fine.[\/vc_column_text][vc_empty_space height=&#8221;15px&#8221;][vc_column_text]Ea este o femeie rafinat\u0103, care \u00ee\u0219i creeaz\u0103 individualitatea printr-o aparent\u0103 simplitate\u00a0\u0219i care surprinde cu am\u0103nunte subtile, dezv\u0103luind o \u00eencredere de sine extraordinar\u0103 \u0219i un sim\u021b al independen\u021bei admirabil.[\/vc_column_text][vc_empty_space height=&#8221;35px&#8221;][\/vc_column][vc_column offset=&#8221;vc_col-lg-4&#8243;][vc_single_image image=&#8221;31893&#8243; img_size=&#8221;full&#8221; onclick=&#8221;custom_link&#8221; link=&#8221;https:\/\/jolidon.com\/portfolio-item\/prelude-milano-fashion\/&#8221;][vc_empty_space height=&#8221;40px&#8221;][vc_column_text]<\/p>\n<h3 style=\"text-align: left;\">Prelude Milano Fashion<\/h3>\n<p>[\/vc_column_text][vc_empty_space height=&#8221;20px&#8221;]<a href=\"https:\/\/jolidon.com\/ro\/portfolio-item\/prelude-milano-fashion\/\" target=\"_self\" class=\"qodef-btn qodef-btn-small qodef-btn-outline align=``center``\" >\n <span class=\"qodef-btn-text\">Vezi colec\u021biile<\/span>\n <\/a>[vc_empty_space height=&#8221;20px&#8221;][\/vc_column][vc_column offset=&#8221;vc_col-lg-4&#8243;][vc_single_image image=&#8221;31897&#8243; img_size=&#8221;full&#8221; onclick=&#8221;custom_link&#8221; link=&#8221;https:\/\/jolidon.com\/portfolio-item\/prelude-milano-swimwear\/&#8221;][vc_empty_space height=&#8221;40px&#8221;][vc_column_text]<\/p>\n<h3 style=\"text-align: left;\">Costume de baie Prelude Milano<\/h3>\n<p>[\/vc_column_text][vc_empty_space height=&#8221;20px&#8221;]<a href=\"https:\/\/jolidon.com\/ro\/portfolio-item\/prelude-milano-swimwear\/\" target=\"_self\" class=\"qodef-btn qodef-btn-small qodef-btn-outline\" >\n <span class=\"qodef-btn-text\">Vezi colec\u021biile<\/span>\n <\/a>[vc_empty_space height=&#8221;20px&#8221;][\/vc_column][\/vc_row]<\/p>\n<\/div>","protected":false},"excerpt":{"rendered":"<p>[vc_row content_width=&#8221;grid&#8221; css_animation=&#8221;qodef-element-from-bottom&#8221; css=&#8221;.vc_custom_1621866283089{padding-top: 26px !important;padding-bottom: 30px !important;background-color: #ffffff !important;}&#8221;][vc_column offset=&#8221;vc_col-lg-4&#8243;][vc_empty_space height=&#8221;16px&#8221;][vc_column_text] Prelude Milano [\/vc_column_text][vc_empty_space height=&#8221;30px&#8221;][vc_column_text] Prelude este un brand de lenjerie \u0219i costume de baie conceput \u00een Europa, cu design \u0219i manufactur\u0103 pur european\u0103, toate materialele \u0219i accesoriile de \u00eenalt\u0103 calitate provenind de la&#8230;<\/p>\n","protected":false},"author":1,"featured_media":0,"parent":5694,"menu_order":0,"comment_status":"closed","ping_status":"closed","template":"","meta":{"_monsterinsights_skip_tracking":false,"_monsterinsights_sitenote_active":false,"_monsterinsights_sitenote_note":"","_monsterinsights_sitenote_category":0,"_uf_show_specific_survey":0,"_uf_disable_surveys":false,"footnotes":""},"class_list":["post-5656","page","type-page","status-publish","hentry"],"yoast_head":"\n<title>Prelude - Jolidon<\/title>\n<meta name=\"robots\" content=\"index, follow, max-snippet:-1, max-image-preview:large, max-video-preview:-1\" \/>\n<link rel=\"canonical\" href=\"https:\/\/jolidon.com\/ro\/universul-jolidon\/prelude\/\" \/>\n<meta property=\"og:locale\" content=\"ro_RO\" \/>\n<meta property=\"og:type\" content=\"article\" \/>\n<meta property=\"og:title\" content=\"Prelude - Jolidon\" \/>\n<meta property=\"og:description\" content=\"[vc_row content_width=&#8221;grid&#8221; css_animation=&#8221;qodef-element-from-bottom&#8221; css=&#8221;.vc_custom_1621866283089{padding-top: 26px !important;padding-bottom: 30px !important;background-color: #ffffff !important;}&#8221;][vc_column offset=&#8221;vc_col-lg-4&#8243;][vc_empty_space height=&#8221;16px&#8221;][vc_column_text] Prelude Milano [\/vc_column_text][vc_empty_space height=&#8221;30px&#8221;][vc_column_text] Prelude este un brand de lenjerie \u0219i costume de baie conceput \u00een Europa, cu design \u0219i manufactur\u0103 pur european\u0103, toate materialele \u0219i accesoriile de \u00eenalt\u0103 calitate provenind de la...\" \/>\n<meta property=\"og:url\" content=\"https:\/\/jolidon.com\/ro\/universul-jolidon\/prelude\/\" \/>\n<meta property=\"og:site_name\" content=\"Jolidon\" \/>\n<meta property=\"article:publisher\" content=\"https:\/\/www.facebook.com\/JolidonInternational\" \/>\n<meta property=\"article:modified_time\" content=\"2023-01-19T13:40:37+00:00\" \/>\n<meta property=\"og:image\" content=\"https:\/\/jolidon.com\/wp-content\/uploads\/2015\/12\/1res.jpg\" \/>\n\t<meta property=\"og:image:width\" content=\"1920\" \/>\n\t<meta property=\"og:image:height\" content=\"1100\" \/>\n\t<meta property=\"og:image:type\" content=\"image\/jpeg\" \/>\n<meta name=\"twitter:card\" content=\"summary_large_image\" \/>\n<meta name=\"twitter:label1\" content=\"Timp estimat pentru citire\" \/>\n\t<meta name=\"twitter:data1\" content=\"2 minute\" \/>\n<script type=\"application\/ld+json\" class=\"yoast-schema-graph\">{\"@context\":\"https:\/\/schema.org\",\"@graph\":[{\"@type\":\"WebPage\",\"@id\":\"https:\/\/jolidon.com\/ro\/universul-jolidon\/prelude\/\",\"url\":\"https:\/\/jolidon.com\/ro\/universul-jolidon\/prelude\/\",\"name\":\"Prelude - Jolidon\",\"isPartOf\":{\"@id\":\"https:\/\/jolidon.com\/#website\"},\"datePublished\":\"2021-05-28T10:28:42+00:00\",\"dateModified\":\"2023-01-19T13:40:37+00:00\",\"breadcrumb\":{\"@id\":\"https:\/\/jolidon.com\/ro\/universul-jolidon\/prelude\/#breadcrumb\"},\"inLanguage\":\"ro-RO\",\"potentialAction\":[{\"@type\":\"ReadAction\",\"target\":[\"https:\/\/jolidon.com\/ro\/universul-jolidon\/prelude\/\"]}]},{\"@type\":\"BreadcrumbList\",\"@id\":\"https:\/\/jolidon.com\/ro\/universul-jolidon\/prelude\/#breadcrumb\",\"itemListElement\":[{\"@type\":\"ListItem\",\"position\":1,\"name\":\"Home\",\"item\":\"https:\/\/jolidon.com\/ro\/\"},{\"@type\":\"ListItem\",\"position\":2,\"name\":\"Universul Jolidon\",\"item\":\"https:\/\/jolidon.com\/ro\/universul-jolidon\/\"},{\"@type\":\"ListItem\",\"position\":3,\"name\":\"Prelude\"}]},{\"@type\":\"WebSite\",\"@id\":\"https:\/\/jolidon.com\/#website\",\"url\":\"https:\/\/jolidon.com\/\",\"name\":\"Jolidon\",\"description\":\"Cr\u00e9ateur de d\u00e9sir\",\"publisher\":{\"@id\":\"https:\/\/jolidon.com\/#organization\"},\"potentialAction\":[{\"@type\":\"SearchAction\",\"target\":{\"@type\":\"EntryPoint\",\"urlTemplate\":\"https:\/\/jolidon.com\/?s={search_term_string}\"},\"query-input\":{\"@type\":\"PropertyValueSpecification\",\"valueRequired\":true,\"valueName\":\"search_term_string\"}}],\"inLanguage\":\"ro-RO\"},{\"@type\":\"Organization\",\"@id\":\"https:\/\/jolidon.com\/#organization\",\"name\":\"Jolidon\",\"url\":\"https:\/\/jolidon.com\/\",\"logo\":{\"@type\":\"ImageObject\",\"inLanguage\":\"ro-RO\",\"@id\":\"https:\/\/jolidon.com\/#\/schema\/logo\/image\/\",\"url\":\"https:\/\/jolidon.com\/wp-content\/uploads\/2021\/05\/jolidon-european-neg-pe-alb.png\",\"contentUrl\":\"https:\/\/jolidon.com\/wp-content\/uploads\/2021\/05\/jolidon-european-neg-pe-alb.png\",\"width\":600,\"height\":600,\"caption\":\"Jolidon\"},\"image\":{\"@id\":\"https:\/\/jolidon.com\/#\/schema\/logo\/image\/\"},\"sameAs\":[\"https:\/\/www.facebook.com\/JolidonInternational\",\"https:\/\/www.instagram.com\/jolidon\",\"https:\/\/www.pinterest.com\/jolidon\",\"https:\/\/www.youtube.com\/user\/JolidonInternational\"]}]}<\/script>\n","yoast_head_json":{"title":"Prelude - Jolidon","robots":{"index":"index","follow":"follow","max-snippet":"max-snippet:-1","max-image-preview":"max-image-preview:large","max-video-preview":"max-video-preview:-1"},"canonical":"https:\/\/jolidon.com\/ro\/universul-jolidon\/prelude\/","og_locale":"ro_RO","og_type":"article","og_title":"Prelude - Jolidon","og_description":"[vc_row content_width=&#8221;grid&#8221; css_animation=&#8221;qodef-element-from-bottom&#8221; css=&#8221;.vc_custom_1621866283089{padding-top: 26px !important;padding-bottom: 30px !important;background-color: #ffffff !important;}&#8221;][vc_column offset=&#8221;vc_col-lg-4&#8243;][vc_empty_space height=&#8221;16px&#8221;][vc_column_text] Prelude Milano [\/vc_column_text][vc_empty_space height=&#8221;30px&#8221;][vc_column_text] Prelude este un brand de lenjerie \u0219i costume de baie conceput \u00een Europa, cu design \u0219i manufactur\u0103 pur european\u0103, toate materialele \u0219i accesoriile de \u00eenalt\u0103 calitate provenind de la...","og_url":"https:\/\/jolidon.com\/ro\/universul-jolidon\/prelude\/","og_site_name":"Jolidon","article_publisher":"https:\/\/www.facebook.com\/JolidonInternational","article_modified_time":"2023-01-19T13:40:37+00:00","og_image":[{"width":1920,"height":1100,"url":"https:\/\/jolidon.com\/wp-content\/uploads\/2015\/12\/1res.jpg","type":"image\/jpeg"}],"twitter_card":"summary_large_image","twitter_misc":{"Timp estimat pentru citire":"2 minute"},"schema":{"@context":"https:\/\/schema.org","@graph":[{"@type":"WebPage","@id":"https:\/\/jolidon.com\/ro\/universul-jolidon\/prelude\/","url":"https:\/\/jolidon.com\/ro\/universul-jolidon\/prelude\/","name":"Prelude - Jolidon","isPartOf":{"@id":"https:\/\/jolidon.com\/#website"},"datePublished":"2021-05-28T10:28:42+00:00","dateModified":"2023-01-19T13:40:37+00:00","breadcrumb":{"@id":"https:\/\/jolidon.com\/ro\/universul-jolidon\/prelude\/#breadcrumb"},"inLanguage":"ro-RO","potentialAction":[{"@type":"ReadAction","target":["https:\/\/jolidon.com\/ro\/universul-jolidon\/prelude\/"]}]},{"@type":"BreadcrumbList","@id":"https:\/\/jolidon.com\/ro\/universul-jolidon\/prelude\/#breadcrumb","itemListElement":[{"@type":"ListItem","position":1,"name":"Home","item":"https:\/\/jolidon.com\/ro\/"},{"@type":"ListItem","position":2,"name":"Universul Jolidon","item":"https:\/\/jolidon.com\/ro\/universul-jolidon\/"},{"@type":"ListItem","position":3,"name":"Prelude"}]},{"@type":"WebSite","@id":"https:\/\/jolidon.com\/#website","url":"https:\/\/jolidon.com\/","name":"Jolidon","description":"Cr\u00e9ateur de d\u00e9sir","publisher":{"@id":"https:\/\/jolidon.com\/#organization"},"potentialAction":[{"@type":"SearchAction","target":{"@type":"EntryPoint","urlTemplate":"https:\/\/jolidon.com\/?s={search_term_string}"},"query-input":{"@type":"PropertyValueSpecification","valueRequired":true,"valueName":"search_term_string"}}],"inLanguage":"ro-RO"},{"@type":"Organization","@id":"https:\/\/jolidon.com\/#organization","name":"Jolidon","url":"https:\/\/jolidon.com\/","logo":{"@type":"ImageObject","inLanguage":"ro-RO","@id":"https:\/\/jolidon.com\/#\/schema\/logo\/image\/","url":"https:\/\/jolidon.com\/wp-content\/uploads\/2021\/05\/jolidon-european-neg-pe-alb.png","contentUrl":"https:\/\/jolidon.com\/wp-content\/uploads\/2021\/05\/jolidon-european-neg-pe-alb.png","width":600,"height":600,"caption":"Jolidon"},"image":{"@id":"https:\/\/jolidon.com\/#\/schema\/logo\/image\/"},"sameAs":["https:\/\/www.facebook.com\/JolidonInternational","https:\/\/www.instagram.com\/jolidon","https:\/\/www.pinterest.com\/jolidon","https:\/\/www.youtube.com\/user\/JolidonInternational"]}]}},"jetpack_sharing_enabled":true,"_links":{"self":[{"href":"https:\/\/jolidon.com\/ro\/wp-json\/wp\/v2\/pages\/5656","targetHints":{"allow":["GET"]}}],"collection":[{"href":"https:\/\/jolidon.com\/ro\/wp-json\/wp\/v2\/pages"}],"about":[{"href":"https:\/\/jolidon.com\/ro\/wp-json\/wp\/v2\/types\/page"}],"author":[{"embeddable":true,"href":"https:\/\/jolidon.com\/ro\/wp-json\/wp\/v2\/users\/1"}],"replies":[{"embeddable":true,"href":"https:\/\/jolidon.com\/ro\/wp-json\/wp\/v2\/comments?post=5656"}],"version-history":[{"count":8,"href":"https:\/\/jolidon.com\/ro\/wp-json\/wp\/v2\/pages\/5656\/revisions"}],"predecessor-version":[{"id":31899,"href":"https:\/\/jolidon.com\/ro\/wp-json\/wp\/v2\/pages\/5656\/revisions\/31899"}],"up":[{"embeddable":true,"href":"https:\/\/jolidon.com\/ro\/wp-json\/wp\/v2\/pages\/5694"}],"wp:attachment":[{"href":"https:\/\/jolidon.com\/ro\/wp-json\/wp\/v2\/media?parent=5656"}],"curies":[{"name":"wp","href":"https:\/\/api.w.org\/{rel}","templated":true}]}}