{"id":5664,"date":"2021-05-28T10:30:31","date_gmt":"2021-05-28T10:30:31","guid":{"rendered":"https:\/\/jol.markera.ro\/?page_id=5664"},"modified":"2025-11-04T13:31:45","modified_gmt":"2025-11-04T10:31:45","slug":"business-to-business","status":"publish","type":"page","link":"https:\/\/jolidon.com\/ro\/companie\/business-to-business\/","title":{"rendered":"Business to Business"},"content":{"rendered":"<div class=\"wpb-content-wrapper\"><p>[vc_row][vc_column offset=&#8221;vc_hidden-sm vc_hidden-xs&#8221;][vc_empty_space height=&#8221;40px&#8221;][\/vc_column][\/vc_row][vc_row content_width=&#8221;grid&#8221; css=&#8221;.vc_custom_1621866894034{padding-top: 30px !important;padding-bottom: 44px !important;}&#8221;][vc_column offset=&#8221;vc_col-md-4&#8243;][vc_column_text]<\/p>\n<h6>Contacteaz\u0103-ne<\/h6>\n<p>[\/vc_column_text][vc_empty_space height=&#8221;6px&#8221;][vc_column_text]<\/p>\n<h2>Trimite-ne un mesaj<\/h2>\n<p>[\/vc_column_text][vc_empty_space height=&#8221;19px&#8221;][vc_column_text]Dac\u0103 e\u0219ti interesat s\u0103 comercializezi produsele Jolidon, te rug\u0103m s\u0103 trimi\u021bi un mesaj cu mai multe detalii \u0219i te vom contacta c\u00e2t mai cur\u00e2nd posibil.[\/vc_column_text][vc_empty_space height=&#8221;34px&#8221;][vc_empty_space height=&#8221;40px&#8221;][\/vc_column][vc_column offset=&#8221;vc_col-md-8&#8243;][vc_empty_space height=&#8221;1px&#8221;][vc_row_inner content_aligment=&#8221;right&#8221;][vc_column_inner]\n<div class=\"wpcf7 no-js\" id=\"wpcf7-f5869-o1\" lang=\"en-US\" dir=\"ltr\" data-wpcf7-id=\"5869\">\n<div class=\"screen-reader-response\"><p role=\"status\" aria-live=\"polite\" aria-atomic=\"true\"><\/p> <ul><\/ul><\/div>\n<form action=\"\/ro\/wp-json\/wp\/v2\/pages\/5664#wpcf7-f5869-o1\" method=\"post\" class=\"wpcf7-form init\" aria-label=\"Contact form\" novalidate=\"novalidate\" data-status=\"init\">\n<div style=\"display: none;\">\n<input type=\"hidden\" name=\"_wpcf7\" value=\"5869\" \/>\n<input type=\"hidden\" name=\"_wpcf7_version\" value=\"6.0.5\" \/>\n<input type=\"hidden\" name=\"_wpcf7_locale\" value=\"en_US\" \/>\n<input type=\"hidden\" name=\"_wpcf7_unit_tag\" value=\"wpcf7-f5869-o1\" \/>\n<input type=\"hidden\" name=\"_wpcf7_container_post\" value=\"0\" \/>\n<input type=\"hidden\" name=\"_wpcf7_posted_data_hash\" value=\"\" \/>\n<\/div>\n<p><label> Nume<br \/>\n<span class=\"wpcf7-form-control-wrap\" data-name=\"your-name\"><input size=\"40\" maxlength=\"400\" class=\"wpcf7-form-control wpcf7-text wpcf7-validates-as-required\" aria-required=\"true\" aria-invalid=\"false\" value=\"\" type=\"text\" name=\"your-name\" \/><\/span> <\/label>\n<\/p>\n<p><label> Adresa de email<br \/>\n<span class=\"wpcf7-form-control-wrap\" data-name=\"your-email\"><input size=\"40\" maxlength=\"400\" class=\"wpcf7-form-control wpcf7-email wpcf7-validates-as-required wpcf7-text wpcf7-validates-as-email\" aria-required=\"true\" aria-invalid=\"false\" value=\"\" type=\"email\" name=\"your-email\" \/><\/span> <\/label>\n<\/p>\n<p><label> Telefon<br \/>\n<span class=\"wpcf7-form-control-wrap\" data-name=\"tel-975\"><input size=\"40\" maxlength=\"400\" class=\"wpcf7-form-control wpcf7-tel wpcf7-text wpcf7-validates-as-tel\" aria-invalid=\"false\" value=\"\" type=\"tel\" name=\"tel-975\" \/><\/span> <\/label>\n<\/p>\n<p><label> Subiect<br \/>\n<span class=\"wpcf7-form-control-wrap\" data-name=\"your-subject\"><input size=\"40\" maxlength=\"400\" class=\"wpcf7-form-control wpcf7-text wpcf7-validates-as-required\" aria-required=\"true\" aria-invalid=\"false\" value=\"\" type=\"text\" name=\"your-subject\" \/><\/span> <\/label>\n<\/p>\n<p><label> Mesajul t\u0103u (op\u021bional)<br \/>\n<span class=\"wpcf7-form-control-wrap\" data-name=\"your-message\"><textarea cols=\"40\" rows=\"10\" maxlength=\"2000\" class=\"wpcf7-form-control wpcf7-textarea\" aria-invalid=\"false\" name=\"your-message\"><\/textarea><\/span> <\/label>\n<\/p>\n<p><label> Prin utilizarea acestui formular sunte\u021bi de acord cu stocarea \u0219i manipularea datelor dvs. de c\u0103tre acest site web. <span class=\"wpcf7-form-control-wrap\" data-name=\"acceptance-272\"><span class=\"wpcf7-form-control wpcf7-acceptance\"><span class=\"wpcf7-list-item\"><input type=\"checkbox\" name=\"acceptance-272\" value=\"1\" aria-invalid=\"false\" \/><\/span><\/span><\/span> <\/label>\n<\/p>\n<p><input class=\"wpcf7-form-control wpcf7-submit has-spinner\" type=\"submit\" value=\"Trimite\" \/>\n<\/p><input type=\"hidden\" id=\"ct_checkjs_cf7_32bb90e8976aab5298d5da10fe66f21d\" name=\"ct_checkjs_cf7\" value=\"0\" \/><script >setTimeout(function(){var ct_input_name = \"ct_checkjs_cf7_32bb90e8976aab5298d5da10fe66f21d\";if (document.getElementById(ct_input_name) !== null) {var ct_input_value = document.getElementById(ct_input_name).value;document.getElementById(ct_input_name).value = document.getElementById(ct_input_name).value.replace(ct_input_value, 'b705fc93c140dc2482e33993fb46093359da37d2524c51b2dcad7298190e4ac4');}}, 1000);<\/script><label id=\"apbct_label_id_6828\" class=\"apbct_special_field\"><input\n class=\"apbct_special_field apbct__email_id__wp_contact_form_7\"\n name=\"apbct_email_id__wp_contact_form_7\"\n type=\"text\" size=\"30\" maxlength=\"200\" autocomplete=\"off\"\n value=\"\"\n \/><\/label><p style=\"display: none !important;\" class=\"akismet-fields-container\" data-prefix=\"_wpcf7_ak_\"><label>&#916;<textarea name=\"_wpcf7_ak_hp_textarea\" cols=\"45\" rows=\"8\" maxlength=\"100\"><\/textarea><\/label><input type=\"hidden\" id=\"ak_js_1\" name=\"_wpcf7_ak_js\" value=\"194\"\/><script>document.getElementById( \"ak_js_1\" ).setAttribute( \"value\", ( new Date() ).getTime() );<\/script><\/p><div class=\"wpcf7-response-output\" aria-hidden=\"true\"><\/div>\n<\/form>\n<\/div>\n[vc_empty_space height=&#8221;20px&#8221;][\/vc_column_inner][\/vc_row_inner][\/vc_column][\/vc_row][vc_row content_width=&#8221;grid&#8221; css=&#8221;.vc_custom_1621866894034{padding-top: 30px !important;padding-bottom: 44px !important;}&#8221;][vc_column offset=&#8221;vc_col-md-4&#8243;][vc_empty_space height=&#8221;19px&#8221;][vc_column_text css=&#8221;&#8221;]Societatea Jolidon International SRL este in procedura insolventei, conform Incheierii civile nr. 1487\/cc\/2025, pronuntata in 29.10.2025 de Tribunalul Specializat Cluj.[\/vc_column_text][\/vc_column][\/vc_row][vc_row][vc_column][\/vc_column][\/vc_row]<\/p>\n<\/div>","protected":false},"excerpt":{"rendered":"<p>[vc_row][vc_column offset=&#8221;vc_hidden-sm vc_hidden-xs&#8221;][vc_empty_space height=&#8221;40px&#8221;][\/vc_column][\/vc_row][vc_row content_width=&#8221;grid&#8221; css=&#8221;.vc_custom_1621866894034{padding-top: 30px !important;padding-bottom: 44px !important;}&#8221;][vc_column offset=&#8221;vc_col-md-4&#8243;][vc_column_text] Contacteaz\u0103-ne [\/vc_column_text][vc_empty_space height=&#8221;6px&#8221;][vc_column_text] Trimite-ne un mesaj [\/vc_column_text][vc_empty_space height=&#8221;19px&#8221;][vc_column_text]Dac\u0103 e\u0219ti interesat s\u0103 comercializezi produsele Jolidon, te rug\u0103m s\u0103 trimi\u021bi un mesaj cu mai multe detalii \u0219i te vom contacta c\u00e2t mai cur\u00e2nd posibil.[\/vc_column_text][vc_empty_space height=&#8221;34px&#8221;][vc_empty_space height=&#8221;40px&#8221;][\/vc_column][vc_column&#8230;<\/p>\n","protected":false},"author":1,"featured_media":0,"parent":5647,"menu_order":0,"comment_status":"closed","ping_status":"closed","template":"full-width.php","meta":{"_monsterinsights_skip_tracking":false,"_monsterinsights_sitenote_active":false,"_monsterinsights_sitenote_note":"","_monsterinsights_sitenote_category":0,"_uf_show_specific_survey":0,"_uf_disable_surveys":false,"footnotes":""},"class_list":["post-5664","page","type-page","status-publish","hentry"],"yoast_head":"\n<title>Business to Business - Jolidon<\/title>\n<meta name=\"robots\" content=\"index, follow, max-snippet:-1, max-image-preview:large, max-video-preview:-1\" \/>\n<link rel=\"canonical\" href=\"https:\/\/jolidon.com\/ro\/companie\/business-to-business\/\" \/>\n<meta property=\"og:locale\" content=\"ro_RO\" \/>\n<meta property=\"og:type\" content=\"article\" \/>\n<meta property=\"og:title\" content=\"Business to Business - Jolidon\" \/>\n<meta property=\"og:description\" content=\"[vc_row][vc_column offset=&#8221;vc_hidden-sm vc_hidden-xs&#8221;][vc_empty_space height=&#8221;40px&#8221;][\/vc_column][\/vc_row][vc_row content_width=&#8221;grid&#8221; css=&#8221;.vc_custom_1621866894034{padding-top: 30px !important;padding-bottom: 44px !important;}&#8221;][vc_column offset=&#8221;vc_col-md-4&#8243;][vc_column_text] Contacteaz\u0103-ne [\/vc_column_text][vc_empty_space height=&#8221;6px&#8221;][vc_column_text] Trimite-ne un mesaj [\/vc_column_text][vc_empty_space height=&#8221;19px&#8221;][vc_column_text]Dac\u0103 e\u0219ti interesat s\u0103 comercializezi produsele Jolidon, te rug\u0103m s\u0103 trimi\u021bi un mesaj cu mai multe detalii \u0219i te vom contacta c\u00e2t mai cur\u00e2nd posibil.[\/vc_column_text][vc_empty_space height=&#8221;34px&#8221;][vc_empty_space height=&#8221;40px&#8221;][\/vc_column][vc_column...\" \/>\n<meta property=\"og:url\" content=\"https:\/\/jolidon.com\/ro\/companie\/business-to-business\/\" \/>\n<meta property=\"og:site_name\" content=\"Jolidon\" \/>\n<meta property=\"article:publisher\" content=\"https:\/\/www.facebook.com\/JolidonInternational\" \/>\n<meta property=\"article:modified_time\" content=\"2025-11-04T10:31:45+00:00\" \/>\n<meta property=\"og:image\" content=\"https:\/\/jolidon.com\/wp-content\/uploads\/2015\/12\/1res.jpg\" \/>\n\t<meta property=\"og:image:width\" content=\"1920\" \/>\n\t<meta property=\"og:image:height\" content=\"1100\" \/>\n\t<meta property=\"og:image:type\" content=\"image\/jpeg\" \/>\n<meta name=\"twitter:card\" content=\"summary_large_image\" \/>\n<meta name=\"twitter:label1\" content=\"Timp estimat pentru citire\" \/>\n\t<meta name=\"twitter:data1\" content=\"1 minut\" \/>\n<script type=\"application\/ld+json\" class=\"yoast-schema-graph\">{\"@context\":\"https:\/\/schema.org\",\"@graph\":[{\"@type\":\"WebPage\",\"@id\":\"https:\/\/jolidon.com\/ro\/companie\/business-to-business\/\",\"url\":\"https:\/\/jolidon.com\/ro\/companie\/business-to-business\/\",\"name\":\"Business to Business - Jolidon\",\"isPartOf\":{\"@id\":\"https:\/\/jolidon.com\/#website\"},\"datePublished\":\"2021-05-28T10:30:31+00:00\",\"dateModified\":\"2025-11-04T10:31:45+00:00\",\"breadcrumb\":{\"@id\":\"https:\/\/jolidon.com\/ro\/companie\/business-to-business\/#breadcrumb\"},\"inLanguage\":\"ro-RO\",\"potentialAction\":[{\"@type\":\"ReadAction\",\"target\":[\"https:\/\/jolidon.com\/ro\/companie\/business-to-business\/\"]}]},{\"@type\":\"BreadcrumbList\",\"@id\":\"https:\/\/jolidon.com\/ro\/companie\/business-to-business\/#breadcrumb\",\"itemListElement\":[{\"@type\":\"ListItem\",\"position\":1,\"name\":\"Home\",\"item\":\"https:\/\/jolidon.com\/ro\/\"},{\"@type\":\"ListItem\",\"position\":2,\"name\":\"Companie\",\"item\":\"https:\/\/jolidon.com\/ro\/companie\/\"},{\"@type\":\"ListItem\",\"position\":3,\"name\":\"Business to Business\"}]},{\"@type\":\"WebSite\",\"@id\":\"https:\/\/jolidon.com\/#website\",\"url\":\"https:\/\/jolidon.com\/\",\"name\":\"Jolidon\",\"description\":\"Cr\u00e9ateur de d\u00e9sir\",\"publisher\":{\"@id\":\"https:\/\/jolidon.com\/#organization\"},\"potentialAction\":[{\"@type\":\"SearchAction\",\"target\":{\"@type\":\"EntryPoint\",\"urlTemplate\":\"https:\/\/jolidon.com\/?s={search_term_string}\"},\"query-input\":{\"@type\":\"PropertyValueSpecification\",\"valueRequired\":true,\"valueName\":\"search_term_string\"}}],\"inLanguage\":\"ro-RO\"},{\"@type\":\"Organization\",\"@id\":\"https:\/\/jolidon.com\/#organization\",\"name\":\"Jolidon\",\"url\":\"https:\/\/jolidon.com\/\",\"logo\":{\"@type\":\"ImageObject\",\"inLanguage\":\"ro-RO\",\"@id\":\"https:\/\/jolidon.com\/#\/schema\/logo\/image\/\",\"url\":\"https:\/\/jolidon.com\/wp-content\/uploads\/2021\/05\/jolidon-european-neg-pe-alb.png\",\"contentUrl\":\"https:\/\/jolidon.com\/wp-content\/uploads\/2021\/05\/jolidon-european-neg-pe-alb.png\",\"width\":600,\"height\":600,\"caption\":\"Jolidon\"},\"image\":{\"@id\":\"https:\/\/jolidon.com\/#\/schema\/logo\/image\/\"},\"sameAs\":[\"https:\/\/www.facebook.com\/JolidonInternational\",\"https:\/\/www.instagram.com\/jolidon\",\"https:\/\/www.pinterest.com\/jolidon\",\"https:\/\/www.youtube.com\/user\/JolidonInternational\"]}]}<\/script>\n","yoast_head_json":{"title":"Business to Business - Jolidon","robots":{"index":"index","follow":"follow","max-snippet":"max-snippet:-1","max-image-preview":"max-image-preview:large","max-video-preview":"max-video-preview:-1"},"canonical":"https:\/\/jolidon.com\/ro\/companie\/business-to-business\/","og_locale":"ro_RO","og_type":"article","og_title":"Business to Business - Jolidon","og_description":"[vc_row][vc_column offset=&#8221;vc_hidden-sm vc_hidden-xs&#8221;][vc_empty_space height=&#8221;40px&#8221;][\/vc_column][\/vc_row][vc_row content_width=&#8221;grid&#8221; css=&#8221;.vc_custom_1621866894034{padding-top: 30px !important;padding-bottom: 44px !important;}&#8221;][vc_column offset=&#8221;vc_col-md-4&#8243;][vc_column_text] Contacteaz\u0103-ne [\/vc_column_text][vc_empty_space height=&#8221;6px&#8221;][vc_column_text] Trimite-ne un mesaj [\/vc_column_text][vc_empty_space height=&#8221;19px&#8221;][vc_column_text]Dac\u0103 e\u0219ti interesat s\u0103 comercializezi produsele Jolidon, te rug\u0103m s\u0103 trimi\u021bi un mesaj cu mai multe detalii \u0219i te vom contacta c\u00e2t mai cur\u00e2nd posibil.[\/vc_column_text][vc_empty_space height=&#8221;34px&#8221;][vc_empty_space height=&#8221;40px&#8221;][\/vc_column][vc_column...","og_url":"https:\/\/jolidon.com\/ro\/companie\/business-to-business\/","og_site_name":"Jolidon","article_publisher":"https:\/\/www.facebook.com\/JolidonInternational","article_modified_time":"2025-11-04T10:31:45+00:00","og_image":[{"width":1920,"height":1100,"url":"https:\/\/jolidon.com\/wp-content\/uploads\/2015\/12\/1res.jpg","type":"image\/jpeg"}],"twitter_card":"summary_large_image","twitter_misc":{"Timp estimat pentru citire":"1 minut"},"schema":{"@context":"https:\/\/schema.org","@graph":[{"@type":"WebPage","@id":"https:\/\/jolidon.com\/ro\/companie\/business-to-business\/","url":"https:\/\/jolidon.com\/ro\/companie\/business-to-business\/","name":"Business to Business - Jolidon","isPartOf":{"@id":"https:\/\/jolidon.com\/#website"},"datePublished":"2021-05-28T10:30:31+00:00","dateModified":"2025-11-04T10:31:45+00:00","breadcrumb":{"@id":"https:\/\/jolidon.com\/ro\/companie\/business-to-business\/#breadcrumb"},"inLanguage":"ro-RO","potentialAction":[{"@type":"ReadAction","target":["https:\/\/jolidon.com\/ro\/companie\/business-to-business\/"]}]},{"@type":"BreadcrumbList","@id":"https:\/\/jolidon.com\/ro\/companie\/business-to-business\/#breadcrumb","itemListElement":[{"@type":"ListItem","position":1,"name":"Home","item":"https:\/\/jolidon.com\/ro\/"},{"@type":"ListItem","position":2,"name":"Companie","item":"https:\/\/jolidon.com\/ro\/companie\/"},{"@type":"ListItem","position":3,"name":"Business to Business"}]},{"@type":"WebSite","@id":"https:\/\/jolidon.com\/#website","url":"https:\/\/jolidon.com\/","name":"Jolidon","description":"Cr\u00e9ateur de d\u00e9sir","publisher":{"@id":"https:\/\/jolidon.com\/#organization"},"potentialAction":[{"@type":"SearchAction","target":{"@type":"EntryPoint","urlTemplate":"https:\/\/jolidon.com\/?s={search_term_string}"},"query-input":{"@type":"PropertyValueSpecification","valueRequired":true,"valueName":"search_term_string"}}],"inLanguage":"ro-RO"},{"@type":"Organization","@id":"https:\/\/jolidon.com\/#organization","name":"Jolidon","url":"https:\/\/jolidon.com\/","logo":{"@type":"ImageObject","inLanguage":"ro-RO","@id":"https:\/\/jolidon.com\/#\/schema\/logo\/image\/","url":"https:\/\/jolidon.com\/wp-content\/uploads\/2021\/05\/jolidon-european-neg-pe-alb.png","contentUrl":"https:\/\/jolidon.com\/wp-content\/uploads\/2021\/05\/jolidon-european-neg-pe-alb.png","width":600,"height":600,"caption":"Jolidon"},"image":{"@id":"https:\/\/jolidon.com\/#\/schema\/logo\/image\/"},"sameAs":["https:\/\/www.facebook.com\/JolidonInternational","https:\/\/www.instagram.com\/jolidon","https:\/\/www.pinterest.com\/jolidon","https:\/\/www.youtube.com\/user\/JolidonInternational"]}]}},"jetpack_sharing_enabled":true,"_links":{"self":[{"href":"https:\/\/jolidon.com\/ro\/wp-json\/wp\/v2\/pages\/5664","targetHints":{"allow":["GET"]}}],"collection":[{"href":"https:\/\/jolidon.com\/ro\/wp-json\/wp\/v2\/pages"}],"about":[{"href":"https:\/\/jolidon.com\/ro\/wp-json\/wp\/v2\/types\/page"}],"author":[{"embeddable":true,"href":"https:\/\/jolidon.com\/ro\/wp-json\/wp\/v2\/users\/1"}],"replies":[{"embeddable":true,"href":"https:\/\/jolidon.com\/ro\/wp-json\/wp\/v2\/comments?post=5664"}],"version-history":[{"count":6,"href":"https:\/\/jolidon.com\/ro\/wp-json\/wp\/v2\/pages\/5664\/revisions"}],"predecessor-version":[{"id":32322,"href":"https:\/\/jolidon.com\/ro\/wp-json\/wp\/v2\/pages\/5664\/revisions\/32322"}],"up":[{"embeddable":true,"href":"https:\/\/jolidon.com\/ro\/wp-json\/wp\/v2\/pages\/5647"}],"wp:attachment":[{"href":"https:\/\/jolidon.com\/ro\/wp-json\/wp\/v2\/media?parent=5664"}],"curies":[{"name":"wp","href":"https:\/\/api.w.org\/{rel}","templated":true}]}}