{"id":5680,"date":"2021-05-28T10:35:12","date_gmt":"2021-05-28T10:35:12","guid":{"rendered":"https:\/\/jol.markera.ro\/?page_id=5680"},"modified":"2026-03-06T15:55:39","modified_gmt":"2026-03-06T12:55:39","slug":"contact","status":"publish","type":"page","link":"https:\/\/jolidon.com\/ro\/contact\/","title":{"rendered":"Contact"},"content":{"rendered":"<div class=\"wpb-content-wrapper\"><p>[vc_row][vc_column][vc_empty_space height=&#8221;40px&#8221;][\/vc_column][\/vc_row][vc_row content_width=&#8221;grid&#8221; css=&#8221;.vc_custom_1621867539301{padding-top: 30px !important;padding-bottom: 24px !important;background-color: #ffffff !important;}&#8221;][vc_column width=&#8221;1\/4&#8243;][vc_column_text]<\/p>\n<h6>Date contact<\/h6>\n<p>[\/vc_column_text][vc_empty_space height=&#8221;4px&#8221;][vc_column_text]<\/p>\n<h2>Unde ne po\u021bi g\u0103si<\/h2>\n<p>[\/vc_column_text][vc_empty_space height=&#8221;19px&#8221;][\/vc_column][vc_column width=&#8221;1\/4&#8243;][vc_column_text]<\/p>\n<h6>Jolidon Romania<\/h6>\n<p>[\/vc_column_text][vc_column_text css=&#8221;&#8221;]<span style=\"font-weight: 400;\">Rom\u00e2nia, 400141 Cluj-Napoca, <\/span><span style=\"font-weight: 400;\">Piata 1 Mai, num\u0103rul 4-5<\/span><\/p>\n<p>E-Mail: jol@jolidon.ro<\/p>\n<p>Telefon Customer Care shop.jolidon.ro\u00a0 \u00a0 \u00a0 0745 090909; 0720 110088<\/p>\n<p>Telefon B2B si informatii generale :\u00a0 \u00a0 \u00a0 \u00a0 \u00a0 \u00a0 0264 419391<\/p>\n<p>[\/vc_column_text][vc_empty_space height=&#8221;19px&#8221;][\/vc_column][\/vc_row][vc_row content_width=&#8221;grid&#8221; css=&#8221;.vc_custom_1450090640162{padding-top: 71px !important;padding-bottom: 44px !important;background-color: #f7f7f7 !important;}&#8221;][vc_column offset=&#8221;vc_col-md-4&#8243;][vc_column_text]<\/p>\n<h6>Trimite un mesaj<\/h6>\n<p>[\/vc_column_text][vc_empty_space height=&#8221;6px&#8221;][vc_column_text]<\/p>\n<h2>Contacteaz\u0103-ne<\/h2>\n<p>[\/vc_column_text][vc_empty_space height=&#8221;19px&#8221;][vc_column_text]Dac\u0103 ai \u00eentreb\u0103ri despre produsele noastre sau alt tip de solicitare, te rug\u0103m s\u0103 ne trimi\u021bi un mesaj folosind formularul al\u0103turat.[\/vc_column_text][vc_empty_space height=&#8221;34px&#8221;]\n\t<span class=\"qodef-icon-shortcode normal qodef-icon-hover-effect\" style=\"margin: 0 10px 0 2px\" data-hover-color=\"#ea9195\" data-color=\"#0e0e0e\">\n\t\t\t\t\t<a class=\"\" href=\"https:\/\/www.facebook.com\/JolidonInternational\/\" target=\"_blank\">\n\t\t\n\t\t<span aria-hidden=\"true\" class=\"qodef-icon-font-elegant social_facebook qodef-icon-element\" style=\"color: #0e0e0e;font-size:20px\" ><\/span>\n\t\t\t\t\t<\/a>\n\t\t\t\t\t\t\t<span class=\"qodef-icon-shader\" ><\/span>\n\t\t\t<\/span>\n\n\n\t<span class=\"qodef-icon-shortcode normal qodef-icon-hover-effect\" style=\"margin: 0 10px 0 2px\" data-hover-color=\"#ea9195\" data-color=\"#0e0e0e\">\n\t\t\t\t\t<a class=\"\" href=\"https:\/\/www.instagram.com\/jolidon\/\" target=\"_blank\">\n\t\t\n\t\t<span aria-hidden=\"true\" class=\"qodef-icon-font-elegant social_instagram qodef-icon-element\" style=\"color: #0e0e0e;font-size:20px\" ><\/span>\n\t\t\t\t\t<\/a>\n\t\t\t\t\t\t\t<span class=\"qodef-icon-shader\" ><\/span>\n\t\t\t<\/span>\n\n\n\t<span class=\"qodef-icon-shortcode normal qodef-icon-hover-effect\" style=\"margin: 0 10px 0 3px\" data-hover-color=\"#ea9195\" data-color=\"#0e0e0e\">\n\t\t\t\t\t<a class=\"\" href=\"https:\/\/www.youtube.com\/user\/JolidonInternational\" target=\"_blank\">\n\t\t\n\t\t<span aria-hidden=\"true\" class=\"qodef-icon-font-elegant social_youtube qodef-icon-element\" style=\"color: #0e0e0e;font-size:20px\" ><\/span>\n\t\t\t\t\t<\/a>\n\t\t\t\t\t\t\t<span class=\"qodef-icon-shader\" ><\/span>\n\t\t\t<\/span>\n\n\n\t<span class=\"qodef-icon-shortcode normal qodef-icon-hover-effect\" style=\"margin: 0 10px 0 3px\" data-hover-color=\"#ea9195\" data-color=\"#0e0e0e\">\n\t\t\t\t\t<a class=\"\" href=\"https:\/\/ro.pinterest.com\/Jolidon\/\" target=\"_blank\">\n\t\t\n\t\t<span aria-hidden=\"true\" class=\"qodef-icon-font-elegant social_pinterest qodef-icon-element\" style=\"color: #0e0e0e;font-size:20px\" ><\/span>\n\t\t\t\t\t<\/a>\n\t\t\t\t\t\t\t<span class=\"qodef-icon-shader\" ><\/span>\n\t\t\t<\/span>\n\n[vc_empty_space height=&#8221;40px&#8221;][\/vc_column][vc_column offset=&#8221;vc_col-md-8&#8243;][vc_empty_space height=&#8221;1px&#8221;][vc_row_inner content_aligment=&#8221;right&#8221;][vc_column_inner]\n<div class=\"wpcf7 no-js\" id=\"wpcf7-f5869-o1\" lang=\"en-US\" dir=\"ltr\" data-wpcf7-id=\"5869\">\n<div class=\"screen-reader-response\"><p role=\"status\" aria-live=\"polite\" aria-atomic=\"true\"><\/p> <ul><\/ul><\/div>\n<form action=\"\/ro\/wp-json\/wp\/v2\/pages\/5680#wpcf7-f5869-o1\" method=\"post\" class=\"wpcf7-form init\" aria-label=\"Contact form\" novalidate=\"novalidate\" data-status=\"init\">\n<div style=\"display: none;\">\n<input type=\"hidden\" name=\"_wpcf7\" value=\"5869\" \/>\n<input type=\"hidden\" name=\"_wpcf7_version\" value=\"6.0.5\" \/>\n<input type=\"hidden\" name=\"_wpcf7_locale\" value=\"en_US\" \/>\n<input type=\"hidden\" name=\"_wpcf7_unit_tag\" value=\"wpcf7-f5869-o1\" \/>\n<input type=\"hidden\" name=\"_wpcf7_container_post\" value=\"0\" \/>\n<input type=\"hidden\" name=\"_wpcf7_posted_data_hash\" value=\"\" \/>\n<\/div>\n<p><label> Nume<br \/>\n<span class=\"wpcf7-form-control-wrap\" data-name=\"your-name\"><input size=\"40\" maxlength=\"400\" class=\"wpcf7-form-control wpcf7-text wpcf7-validates-as-required\" aria-required=\"true\" aria-invalid=\"false\" value=\"\" type=\"text\" name=\"your-name\" \/><\/span> <\/label>\n<\/p>\n<p><label> Adresa de email<br \/>\n<span class=\"wpcf7-form-control-wrap\" data-name=\"your-email\"><input size=\"40\" maxlength=\"400\" class=\"wpcf7-form-control wpcf7-email wpcf7-validates-as-required wpcf7-text wpcf7-validates-as-email\" aria-required=\"true\" aria-invalid=\"false\" value=\"\" type=\"email\" name=\"your-email\" \/><\/span> <\/label>\n<\/p>\n<p><label> Telefon<br \/>\n<span class=\"wpcf7-form-control-wrap\" data-name=\"tel-975\"><input size=\"40\" maxlength=\"400\" class=\"wpcf7-form-control wpcf7-tel wpcf7-text wpcf7-validates-as-tel\" aria-invalid=\"false\" value=\"\" type=\"tel\" name=\"tel-975\" \/><\/span> <\/label>\n<\/p>\n<p><label> Subiect<br \/>\n<span class=\"wpcf7-form-control-wrap\" data-name=\"your-subject\"><input size=\"40\" maxlength=\"400\" class=\"wpcf7-form-control wpcf7-text wpcf7-validates-as-required\" aria-required=\"true\" aria-invalid=\"false\" value=\"\" type=\"text\" name=\"your-subject\" \/><\/span> <\/label>\n<\/p>\n<p><label> Mesajul t\u0103u (op\u021bional)<br \/>\n<span class=\"wpcf7-form-control-wrap\" data-name=\"your-message\"><textarea cols=\"40\" rows=\"10\" maxlength=\"2000\" class=\"wpcf7-form-control wpcf7-textarea\" aria-invalid=\"false\" name=\"your-message\"><\/textarea><\/span> <\/label>\n<\/p>\n<p><label> Prin utilizarea acestui formular sunte\u021bi de acord cu stocarea \u0219i manipularea datelor dvs. de c\u0103tre acest site web. <span class=\"wpcf7-form-control-wrap\" data-name=\"acceptance-272\"><span class=\"wpcf7-form-control wpcf7-acceptance\"><span class=\"wpcf7-list-item\"><input type=\"checkbox\" name=\"acceptance-272\" value=\"1\" aria-invalid=\"false\" \/><\/span><\/span><\/span> <\/label>\n<\/p>\n<p><input class=\"wpcf7-form-control wpcf7-submit has-spinner\" type=\"submit\" value=\"Trimite\" \/>\n<\/p><input type=\"hidden\" id=\"ct_checkjs_cf7_389bc7bb1e1c2a5e7e147703232a88f6\" name=\"ct_checkjs_cf7\" value=\"0\" \/><script >setTimeout(function(){var ct_input_name = \"ct_checkjs_cf7_389bc7bb1e1c2a5e7e147703232a88f6\";if (document.getElementById(ct_input_name) !== null) {var ct_input_value = document.getElementById(ct_input_name).value;document.getElementById(ct_input_name).value = document.getElementById(ct_input_name).value.replace(ct_input_value, 'b705fc93c140dc2482e33993fb46093359da37d2524c51b2dcad7298190e4ac4');}}, 1000);<\/script><label id=\"apbct_label_id_17660\" class=\"apbct_special_field\"><input\n class=\"apbct_special_field apbct__email_id__wp_contact_form_7\"\n name=\"apbct_email_id__wp_contact_form_7\"\n type=\"text\" size=\"30\" maxlength=\"200\" autocomplete=\"off\"\n value=\"\"\n \/><\/label><p style=\"display: none !important;\" class=\"akismet-fields-container\" data-prefix=\"_wpcf7_ak_\"><label>&#916;<textarea name=\"_wpcf7_ak_hp_textarea\" cols=\"45\" rows=\"8\" maxlength=\"100\"><\/textarea><\/label><input type=\"hidden\" id=\"ak_js_1\" name=\"_wpcf7_ak_js\" value=\"97\"\/><script>document.getElementById( \"ak_js_1\" ).setAttribute( \"value\", ( new Date() ).getTime() );<\/script><\/p><div class=\"wpcf7-response-output\" aria-hidden=\"true\"><\/div>\n<\/form>\n<\/div>\n[vc_empty_space height=&#8221;40px&#8221;][\/vc_column_inner][\/vc_row_inner][\/vc_column][\/vc_row]<\/p>\n<\/div>","protected":false},"excerpt":{"rendered":"<p>[vc_row][vc_column][vc_empty_space height=&#8221;40px&#8221;][\/vc_column][\/vc_row][vc_row content_width=&#8221;grid&#8221; css=&#8221;.vc_custom_1621867539301{padding-top: 30px !important;padding-bottom: 24px !important;background-color: #ffffff !important;}&#8221;][vc_column width=&#8221;1\/4&#8243;][vc_column_text] Date contact [\/vc_column_text][vc_empty_space height=&#8221;4px&#8221;][vc_column_text] Unde ne po\u021bi g\u0103si [\/vc_column_text][vc_empty_space height=&#8221;19px&#8221;][\/vc_column][vc_column width=&#8221;1\/4&#8243;][vc_column_text] Jolidon Romania [\/vc_column_text][vc_column_text css=&#8221;&#8221;]Rom\u00e2nia, 400141 Cluj-Napoca, Piata 1 Mai, num\u0103rul 4-5 E-Mail: jol@jolidon.ro Telefon Customer Care shop.jolidon.ro\u00a0 \u00a0 \u00a0 0745 090909; 0720 110088&#8230;<\/p>\n","protected":false},"author":1,"featured_media":0,"parent":0,"menu_order":0,"comment_status":"closed","ping_status":"closed","template":"full-width.php","meta":{"_monsterinsights_skip_tracking":false,"_monsterinsights_sitenote_active":false,"_monsterinsights_sitenote_note":"","_monsterinsights_sitenote_category":0,"_uf_show_specific_survey":0,"_uf_disable_surveys":false,"footnotes":""},"class_list":["post-5680","page","type-page","status-publish","hentry"],"yoast_head":"\n<title>Contact - Jolidon<\/title>\n<meta name=\"robots\" content=\"index, follow, max-snippet:-1, max-image-preview:large, max-video-preview:-1\" \/>\n<link rel=\"canonical\" href=\"https:\/\/jolidon.com\/ro\/contact\/\" \/>\n<meta property=\"og:locale\" content=\"ro_RO\" \/>\n<meta property=\"og:type\" content=\"article\" \/>\n<meta property=\"og:title\" content=\"Contact - Jolidon\" \/>\n<meta property=\"og:description\" content=\"[vc_row][vc_column][vc_empty_space height=&#8221;40px&#8221;][\/vc_column][\/vc_row][vc_row content_width=&#8221;grid&#8221; css=&#8221;.vc_custom_1621867539301{padding-top: 30px !important;padding-bottom: 24px !important;background-color: #ffffff !important;}&#8221;][vc_column width=&#8221;1\/4&#8243;][vc_column_text] Date contact [\/vc_column_text][vc_empty_space height=&#8221;4px&#8221;][vc_column_text] Unde ne po\u021bi g\u0103si [\/vc_column_text][vc_empty_space height=&#8221;19px&#8221;][\/vc_column][vc_column width=&#8221;1\/4&#8243;][vc_column_text] Jolidon Romania [\/vc_column_text][vc_column_text css=&#8221;&#8221;]Rom\u00e2nia, 400141 Cluj-Napoca, Piata 1 Mai, num\u0103rul 4-5 E-Mail: jol@jolidon.ro Telefon Customer Care shop.jolidon.ro\u00a0 \u00a0 \u00a0 0745 090909; 0720 110088...\" \/>\n<meta property=\"og:url\" content=\"https:\/\/jolidon.com\/ro\/contact\/\" \/>\n<meta property=\"og:site_name\" content=\"Jolidon\" \/>\n<meta property=\"article:publisher\" content=\"https:\/\/www.facebook.com\/JolidonInternational\" \/>\n<meta property=\"article:modified_time\" content=\"2026-03-06T12:55:39+00:00\" \/>\n<meta property=\"og:image\" content=\"https:\/\/jolidon.com\/wp-content\/uploads\/2015\/12\/1res.jpg\" \/>\n\t<meta property=\"og:image:width\" content=\"1920\" \/>\n\t<meta property=\"og:image:height\" content=\"1100\" \/>\n\t<meta property=\"og:image:type\" content=\"image\/jpeg\" \/>\n<meta name=\"twitter:card\" content=\"summary_large_image\" \/>\n<meta name=\"twitter:label1\" content=\"Timp estimat pentru citire\" \/>\n\t<meta name=\"twitter:data1\" content=\"1 minut\" \/>\n<script type=\"application\/ld+json\" class=\"yoast-schema-graph\">{\"@context\":\"https:\/\/schema.org\",\"@graph\":[{\"@type\":\"WebPage\",\"@id\":\"https:\/\/jolidon.com\/ro\/contact\/\",\"url\":\"https:\/\/jolidon.com\/ro\/contact\/\",\"name\":\"Contact - Jolidon\",\"isPartOf\":{\"@id\":\"https:\/\/jolidon.com\/#website\"},\"datePublished\":\"2021-05-28T10:35:12+00:00\",\"dateModified\":\"2026-03-06T12:55:39+00:00\",\"breadcrumb\":{\"@id\":\"https:\/\/jolidon.com\/ro\/contact\/#breadcrumb\"},\"inLanguage\":\"ro-RO\",\"potentialAction\":[{\"@type\":\"ReadAction\",\"target\":[\"https:\/\/jolidon.com\/ro\/contact\/\"]}]},{\"@type\":\"BreadcrumbList\",\"@id\":\"https:\/\/jolidon.com\/ro\/contact\/#breadcrumb\",\"itemListElement\":[{\"@type\":\"ListItem\",\"position\":1,\"name\":\"Home\",\"item\":\"https:\/\/jolidon.com\/ro\/\"},{\"@type\":\"ListItem\",\"position\":2,\"name\":\"Contact\"}]},{\"@type\":\"WebSite\",\"@id\":\"https:\/\/jolidon.com\/#website\",\"url\":\"https:\/\/jolidon.com\/\",\"name\":\"Jolidon\",\"description\":\"Cr\u00e9ateur de d\u00e9sir\",\"publisher\":{\"@id\":\"https:\/\/jolidon.com\/#organization\"},\"potentialAction\":[{\"@type\":\"SearchAction\",\"target\":{\"@type\":\"EntryPoint\",\"urlTemplate\":\"https:\/\/jolidon.com\/?s={search_term_string}\"},\"query-input\":{\"@type\":\"PropertyValueSpecification\",\"valueRequired\":true,\"valueName\":\"search_term_string\"}}],\"inLanguage\":\"ro-RO\"},{\"@type\":\"Organization\",\"@id\":\"https:\/\/jolidon.com\/#organization\",\"name\":\"Jolidon\",\"url\":\"https:\/\/jolidon.com\/\",\"logo\":{\"@type\":\"ImageObject\",\"inLanguage\":\"ro-RO\",\"@id\":\"https:\/\/jolidon.com\/#\/schema\/logo\/image\/\",\"url\":\"https:\/\/jolidon.com\/wp-content\/uploads\/2021\/05\/jolidon-european-neg-pe-alb.png\",\"contentUrl\":\"https:\/\/jolidon.com\/wp-content\/uploads\/2021\/05\/jolidon-european-neg-pe-alb.png\",\"width\":600,\"height\":600,\"caption\":\"Jolidon\"},\"image\":{\"@id\":\"https:\/\/jolidon.com\/#\/schema\/logo\/image\/\"},\"sameAs\":[\"https:\/\/www.facebook.com\/JolidonInternational\",\"https:\/\/www.instagram.com\/jolidon\",\"https:\/\/www.pinterest.com\/jolidon\",\"https:\/\/www.youtube.com\/user\/JolidonInternational\"]}]}<\/script>\n","yoast_head_json":{"title":"Contact - Jolidon","robots":{"index":"index","follow":"follow","max-snippet":"max-snippet:-1","max-image-preview":"max-image-preview:large","max-video-preview":"max-video-preview:-1"},"canonical":"https:\/\/jolidon.com\/ro\/contact\/","og_locale":"ro_RO","og_type":"article","og_title":"Contact - Jolidon","og_description":"[vc_row][vc_column][vc_empty_space height=&#8221;40px&#8221;][\/vc_column][\/vc_row][vc_row content_width=&#8221;grid&#8221; css=&#8221;.vc_custom_1621867539301{padding-top: 30px !important;padding-bottom: 24px !important;background-color: #ffffff !important;}&#8221;][vc_column width=&#8221;1\/4&#8243;][vc_column_text] Date contact [\/vc_column_text][vc_empty_space height=&#8221;4px&#8221;][vc_column_text] Unde ne po\u021bi g\u0103si [\/vc_column_text][vc_empty_space height=&#8221;19px&#8221;][\/vc_column][vc_column width=&#8221;1\/4&#8243;][vc_column_text] Jolidon Romania [\/vc_column_text][vc_column_text css=&#8221;&#8221;]Rom\u00e2nia, 400141 Cluj-Napoca, Piata 1 Mai, num\u0103rul 4-5 E-Mail: jol@jolidon.ro Telefon Customer Care shop.jolidon.ro\u00a0 \u00a0 \u00a0 0745 090909; 0720 110088...","og_url":"https:\/\/jolidon.com\/ro\/contact\/","og_site_name":"Jolidon","article_publisher":"https:\/\/www.facebook.com\/JolidonInternational","article_modified_time":"2026-03-06T12:55:39+00:00","og_image":[{"width":1920,"height":1100,"url":"https:\/\/jolidon.com\/wp-content\/uploads\/2015\/12\/1res.jpg","type":"image\/jpeg"}],"twitter_card":"summary_large_image","twitter_misc":{"Timp estimat pentru citire":"1 minut"},"schema":{"@context":"https:\/\/schema.org","@graph":[{"@type":"WebPage","@id":"https:\/\/jolidon.com\/ro\/contact\/","url":"https:\/\/jolidon.com\/ro\/contact\/","name":"Contact - Jolidon","isPartOf":{"@id":"https:\/\/jolidon.com\/#website"},"datePublished":"2021-05-28T10:35:12+00:00","dateModified":"2026-03-06T12:55:39+00:00","breadcrumb":{"@id":"https:\/\/jolidon.com\/ro\/contact\/#breadcrumb"},"inLanguage":"ro-RO","potentialAction":[{"@type":"ReadAction","target":["https:\/\/jolidon.com\/ro\/contact\/"]}]},{"@type":"BreadcrumbList","@id":"https:\/\/jolidon.com\/ro\/contact\/#breadcrumb","itemListElement":[{"@type":"ListItem","position":1,"name":"Home","item":"https:\/\/jolidon.com\/ro\/"},{"@type":"ListItem","position":2,"name":"Contact"}]},{"@type":"WebSite","@id":"https:\/\/jolidon.com\/#website","url":"https:\/\/jolidon.com\/","name":"Jolidon","description":"Cr\u00e9ateur de d\u00e9sir","publisher":{"@id":"https:\/\/jolidon.com\/#organization"},"potentialAction":[{"@type":"SearchAction","target":{"@type":"EntryPoint","urlTemplate":"https:\/\/jolidon.com\/?s={search_term_string}"},"query-input":{"@type":"PropertyValueSpecification","valueRequired":true,"valueName":"search_term_string"}}],"inLanguage":"ro-RO"},{"@type":"Organization","@id":"https:\/\/jolidon.com\/#organization","name":"Jolidon","url":"https:\/\/jolidon.com\/","logo":{"@type":"ImageObject","inLanguage":"ro-RO","@id":"https:\/\/jolidon.com\/#\/schema\/logo\/image\/","url":"https:\/\/jolidon.com\/wp-content\/uploads\/2021\/05\/jolidon-european-neg-pe-alb.png","contentUrl":"https:\/\/jolidon.com\/wp-content\/uploads\/2021\/05\/jolidon-european-neg-pe-alb.png","width":600,"height":600,"caption":"Jolidon"},"image":{"@id":"https:\/\/jolidon.com\/#\/schema\/logo\/image\/"},"sameAs":["https:\/\/www.facebook.com\/JolidonInternational","https:\/\/www.instagram.com\/jolidon","https:\/\/www.pinterest.com\/jolidon","https:\/\/www.youtube.com\/user\/JolidonInternational"]}]}},"jetpack_sharing_enabled":true,"_links":{"self":[{"href":"https:\/\/jolidon.com\/ro\/wp-json\/wp\/v2\/pages\/5680","targetHints":{"allow":["GET"]}}],"collection":[{"href":"https:\/\/jolidon.com\/ro\/wp-json\/wp\/v2\/pages"}],"about":[{"href":"https:\/\/jolidon.com\/ro\/wp-json\/wp\/v2\/types\/page"}],"author":[{"embeddable":true,"href":"https:\/\/jolidon.com\/ro\/wp-json\/wp\/v2\/users\/1"}],"replies":[{"embeddable":true,"href":"https:\/\/jolidon.com\/ro\/wp-json\/wp\/v2\/comments?post=5680"}],"version-history":[{"count":9,"href":"https:\/\/jolidon.com\/ro\/wp-json\/wp\/v2\/pages\/5680\/revisions"}],"predecessor-version":[{"id":32343,"href":"https:\/\/jolidon.com\/ro\/wp-json\/wp\/v2\/pages\/5680\/revisions\/32343"}],"wp:attachment":[{"href":"https:\/\/jolidon.com\/ro\/wp-json\/wp\/v2\/media?parent=5680"}],"curies":[{"name":"wp","href":"https:\/\/api.w.org\/{rel}","templated":true}]}}