{"id":5694,"date":"2021-05-28T10:39:52","date_gmt":"2021-05-28T10:39:52","guid":{"rendered":"https:\/\/jol.markera.ro\/?page_id=5694"},"modified":"2023-01-20T12:41:39","modified_gmt":"2023-01-20T09:41:39","slug":"universul-jolidon","status":"publish","type":"page","link":"https:\/\/jolidon.com\/ro\/universul-jolidon\/","title":{"rendered":"Universul Jolidon"},"content":{"rendered":"<div class=\"wpb-content-wrapper\"><p>[vc_row][vc_column offset=&#8221;vc_hidden-sm vc_hidden-xs&#8221;][vc_empty_space height=&#8221;50px&#8221;][\/vc_column][\/vc_row][vc_row content_width=&#8221;grid&#8221; css=&#8221;.vc_custom_1621498291237{padding-top: 30px !important;padding-bottom: 10px !important;background-color: #ffffff !important;}&#8221;][vc_column width=&#8221;2\/3&#8243; offset=&#8221;vc_hidden-sm vc_hidden-xs&#8221;][vc_column_text]<\/p>\n<h3><span style=\"font-weight: 400;\">JOLIDON<\/span><\/h3>\n<p>[\/vc_column_text][vc_empty_space height=&#8221;30px&#8221;][vc_column_text]Jolidon este un brand interna\u021bional de lenjerie \u0219i costume de baie, care combin\u0103 calitatea tehnologic\u0103 a produselor cu creativitatea designului, inspir\u00e2ndu-se din cele mai noi trenduri din industrie la nivel global.[\/vc_column_text][vc_empty_space height=&#8221;15px&#8221;][vc_column_text]Excelen\u021ba este un motivator constant pentru Jolidon, \u00eenc\u0103 de la fondarea brandului, \u00een 1993, astfel c\u0103 mereu am c\u0103utat s\u0103 abord\u0103m tehnologii moderne \u0219i idei creative \u00een ceea ce prive\u0219te designul, s\u0103 cre\u0103m produse pentru o varietate larg\u0103 de consumatori, femei \u0219i b\u0103rba\u021bi de orice v\u00e2rst\u0103 \u2013 femeile reprezent\u00e2nd publicul \u021bint\u0103 majoritar.[\/vc_column_text][vc_empty_space height=&#8221;15px&#8221;][vc_column_text]Designul colec\u021biilor Jolidon de-a lungul timpului s-a inspirat din cele mai noi trenduri \u2013 sugerate de cele mai importante birouri de stil \u0219i tendin\u021be din Europa, completat de elemente simbolice clasice, care \u00eempreun\u0103 ofer\u0103 un sentiment de atemporalitate.[\/vc_column_text][vc_empty_space height=&#8221;15px&#8221;][vc_column_text]Estetica produselor Jolidon, precum \u0219i func\u021bionalitatea lor, prezint\u0103 dou\u0103 dintre cele mai importante aspecte care definesc brandul.[\/vc_column_text][vc_empty_space height=&#8221;35px&#8221;][\/vc_column][vc_column width=&#8221;1\/3&#8243; offset=&#8221;vc_hidden-sm vc_hidden-xs&#8221;][vc_single_image image=&#8221;4535&#8243; img_size=&#8221;full&#8221;][vc_empty_space height=&#8221;40px&#8221;][\/vc_column][\/vc_row][vc_row content_width=&#8221;grid&#8221; css=&#8221;.vc_custom_1621861807273{padding-top: 10px !important;padding-bottom: 10px !important;background-color: #ffffff !important;}&#8221;][vc_column width=&#8221;2\/3&#8243; offset=&#8221;vc_hidden-lg vc_hidden-md&#8221;][vc_single_image image=&#8221;4535&#8243; img_size=&#8221;full&#8221;][vc_empty_space height=&#8221;40px&#8221;][vc_column_text]<\/p>\n<h3><span style=\"font-weight: 400;\">JOLIDON<\/span><\/h3>\n<p>[\/vc_column_text][vc_empty_space height=&#8221;30px&#8221;][vc_column_text]Jolidon este un brand interna\u021bional de lenjerie \u0219i costume de baie, care combin\u0103 calitatea tehnologic\u0103 a produselor cu creativitatea designului, inspir\u00e2ndu-se din cele mai noi trenduri din industrie la nivel global.[\/vc_column_text][vc_empty_space height=&#8221;15px&#8221;][vc_column_text]Excelen\u021ba este un motivator constant pentru Jolidon, \u00eenc\u0103 de la fondarea brandului, \u00een 1993, astfel c\u0103 mereu am c\u0103utat s\u0103 abord\u0103m tehnologii moderne \u0219i idei creative \u00een ceea ce prive\u0219te designul, s\u0103 cre\u0103m produse pentru o varietate larg\u0103 de consumatori, femei \u0219i b\u0103rba\u021bi de orice v\u00e2rst\u0103 \u2013 femeile reprezent\u00e2nd publicul \u021bint\u0103 majoritar.[\/vc_column_text][vc_empty_space height=&#8221;15px&#8221;][vc_column_text]Designul colec\u021biilor Jolidon de-a lungul timpului s-a inspirat din cele mai noi trenduri \u2013 sugerate de cele mai importante birouri de stil \u0219i tendin\u021be din Europa, completat de elemente simbolice clasice, care \u00eempreun\u0103 ofer\u0103 un sentiment de atemporalitate.[\/vc_column_text][vc_empty_space height=&#8221;15px&#8221;][vc_column_text]Estetica produselor Jolidon, precum \u0219i func\u021bionalitatea lor, prezint\u0103 dou\u0103 dintre cele mai importante aspecte care definesc brandul.[\/vc_column_text][vc_empty_space height=&#8221;35px&#8221;][\/vc_column][\/vc_row][vc_row content_width=&#8221;grid&#8221; css_animation=&#8221;qodef-element-from-bottom&#8221; css=&#8221;.vc_custom_1452612656842{padding-top: 69px !important;padding-bottom: 58px !important;background-color: #f7f7f7 !important;}&#8221;][vc_column offset=&#8221;vc_col-lg-4&#8243;][vc_empty_space height=&#8221;10px&#8221;][vc_single_image image=&#8221;4988&#8243; img_size=&#8221;full&#8221; onclick=&#8221;custom_link&#8221; link=&#8221;https:\/\/jolidon.com\/jolidon-universe\/prelude-brand\/&#8221;][\/vc_column][vc_column offset=&#8221;vc_col-lg-4&#8243;][vc_empty_space height=&#8221;10px&#8221;][vc_single_image image=&#8221;4499&#8243; img_size=&#8221;full&#8221; onclick=&#8221;custom_link&#8221; link=&#8221;https:\/\/jolidon.com\/jolidon-universe\/prelude-brand\/&#8221;][\/vc_column][vc_column offset=&#8221;vc_col-lg-4&#8243;][vc_empty_space height=&#8221;10px&#8221;][vc_empty_space][vc_column_text]<\/p>\n<h2>Savoir Faire<\/h2>\n<p>[\/vc_column_text][vc_empty_space][vc_column_text]Designul colec\u021biilor Jolidon de-a lungul timpului s-a inspirat din cele mai noi trenduri \u2013 sugerate de cele mai importante birouri de stil \u0219i tendin\u021be din Europa, completat de elemente simbolice clasice, care \u00eempreun\u0103 ofer\u0103 un sentiment de atemporalitate.[\/vc_column_text][vc_empty_space height=&#8221;38px&#8221;]<a href=\"https:\/\/jolidon.com\/ro\/universul-jolidon\/savoir-faire\/\" target=\"_self\" class=\"qodef-btn qodef-btn-medium qodef-btn-solid\" >\n <span class=\"qodef-btn-text\">Afl\u0103 mai multe<\/span>\n <\/a>[vc_empty_space height=&#8221;20px&#8221;][\/vc_column][\/vc_row][vc_row][vc_column offset=&#8221;vc_hidden-sm vc_hidden-xs&#8221;][vc_empty_space height=&#8221;40px&#8221;][\/vc_column][\/vc_row][vc_row content_width=&#8221;grid&#8221; css_animation=&#8221;qodef-element-from-bottom&#8221; css=&#8221;.vc_custom_1621497601967{padding-top: 69px !important;padding-bottom: 58px !important;}&#8221;][\/vc_row][vc_row content_width=&#8221;grid&#8221; css=&#8221;.vc_custom_1451045816986{padding-top: 69px !important;padding-bottom: 35px !important;background-color: #f4f4f4 !important;}&#8221;][vc_column width=&#8221;1\/4&#8243;][vc_column_text]<\/p>\n<h6>Jolidon<\/h6>\n<p>[\/vc_column_text][vc_empty_space height=&#8221;4px&#8221;][vc_column_text]<\/p>\n<h2>Branduri<\/h2>\n<p>[\/vc_column_text][vc_empty_space height=&#8221;30px&#8221;][\/vc_column][vc_column width=&#8221;3\/4&#8243;][vc_column_text]<strong>Jolidon<\/strong> cuprinde o palet\u0103 de branduri de lenjerie intim\u0103, costume de baie \u0219i \u021binute de plaj\u0103 \u2013 <strong>Jolidon \u2013 <b>Cr\u00e9ateur de d\u00e9sir<\/b><\/strong>, <strong>Prelude<\/strong>, <strong>Lilly,<\/strong>\u00a0dar \u0219i <strong>Jolidon MedCare &amp; Protection<\/strong> &#8211; produc\u0103tor \u0219i distribuitor de echipamente medicale.[\/vc_column_text][vc_empty_space height=&#8221;15px&#8221;][vc_column_text]<strong>Jolidon \u2013 <b>Cr\u00e9ateur de d\u00e9sir<\/b><\/strong>\u00a0este principalul brand din paleta de m\u0103rci ale grupului, iar trei dintre sub-brandurile sale, <strong>Jolidon Fashion<\/strong>, <strong>Jolidon Clandestine<\/strong> \u0219i <strong>Joliform<\/strong>, propun \u00een fiecare sezon de prim\u0103var\u0103-var\u0103, respectiv toamn\u0103-iarn\u0103, modele de lenjerie intim\u0103 inspirate din cele mai noi trenduri, respect\u00e2nd \u00een acela\u0219i timp principiul calit\u0103\u021bii, al confortului \u0219i al func\u021bionalit\u0103\u021bii.[\/vc_column_text][\/vc_column][\/vc_row][vc_row content_width=&#8221;grid&#8221; css=&#8221;.vc_custom_1451045853897{padding-bottom: 80px !important;background-color: #f4f4f4 !important;}&#8221;][vc_column]<div class=\"qodef-service-tables clearfix qodef-five-columns\"><div class=\"qodef-service-table with_image\" style=\"background-color: #ffffff\">\n <div class=\"qodef-service-table-inner\">\n <div class=\"qodef-service-table-image\">\n <img loading=\"lazy\" decoding=\"async\" width=\"600\" height=\"600\" src=\"https:\/\/jolidon.com\/wp-content\/uploads\/2023\/01\/Logo-Jolidon-Createur-600-x-600.png\" class=\"attachment-full size-full\" alt=\"\" srcset=\"https:\/\/jolidon.com\/wp-content\/uploads\/2023\/01\/Logo-Jolidon-Createur-600-x-600.png 600w, https:\/\/jolidon.com\/wp-content\/uploads\/2023\/01\/Logo-Jolidon-Createur-600-x-600-300x300.png 300w, https:\/\/jolidon.com\/wp-content\/uploads\/2023\/01\/Logo-Jolidon-Createur-600-x-600-150x150.png 150w, https:\/\/jolidon.com\/wp-content\/uploads\/2023\/01\/Logo-Jolidon-Createur-600-x-600-550x550.png 550w\" sizes=\"auto, (max-width: 600px) 100vw, 600px\" \/> <\/div>\n <div class=\"qodef-service-table-text\">\n <div class=\"qodef-service-table-title\">\n <h5>\n Jolidon <\/h5>\n <\/div>\n <\/div>\n <div class=\"qodef-service-table-button\">\n <a href=\"https:\/\/jolidon.com\/ro\/universul-jolidon\/jolidon\/\" target=\"_self\" class=\"qodef-btn qodef-btn-small qodef-btn-solid\" > <span class=\"qodef-btn-text\">Afl\u0103 mai multe<\/span> <\/a> <\/div>\n <\/div>\n<\/div>\n<div class=\"qodef-service-table with_image\" style=\"background-color: #ffffff\">\n <div class=\"qodef-service-table-inner\">\n <div class=\"qodef-service-table-image\">\n <img loading=\"lazy\" decoding=\"async\" width=\"600\" height=\"600\" src=\"https:\/\/jolidon.com\/wp-content\/uploads\/2021\/05\/joliform-neg-pe-alb.png\" class=\"attachment-full size-full\" alt=\"\" srcset=\"https:\/\/jolidon.com\/wp-content\/uploads\/2021\/05\/joliform-neg-pe-alb.png 600w, https:\/\/jolidon.com\/wp-content\/uploads\/2021\/05\/joliform-neg-pe-alb-300x300.png 300w, https:\/\/jolidon.com\/wp-content\/uploads\/2021\/05\/joliform-neg-pe-alb-150x150.png 150w, https:\/\/jolidon.com\/wp-content\/uploads\/2021\/05\/joliform-neg-pe-alb-550x550.png 550w\" sizes=\"auto, (max-width: 600px) 100vw, 600px\" \/> <\/div>\n <div class=\"qodef-service-table-text\">\n <div class=\"qodef-service-table-title\">\n <h5>\n Joliform <\/h5>\n <\/div>\n <\/div>\n <div class=\"qodef-service-table-button\">\n <a href=\"https:\/\/jolidon.com\/ro\/colectii\/joliform\/\" target=\"_self\" class=\"qodef-btn qodef-btn-small qodef-btn-solid\" > <span class=\"qodef-btn-text\">Afl\u0103 mai multe<\/span> <\/a> <\/div>\n <\/div>\n<\/div>\n<div class=\"qodef-service-table with_image\" style=\"background-color: #ffffff\">\n <div class=\"qodef-service-table-inner\">\n <div class=\"qodef-service-table-image\">\n <img loading=\"lazy\" decoding=\"async\" width=\"600\" height=\"600\" src=\"https:\/\/jolidon.com\/wp-content\/uploads\/2021\/05\/prelude-neg-pe-alb.png\" class=\"attachment-full size-full\" alt=\"\" srcset=\"https:\/\/jolidon.com\/wp-content\/uploads\/2021\/05\/prelude-neg-pe-alb.png 600w, https:\/\/jolidon.com\/wp-content\/uploads\/2021\/05\/prelude-neg-pe-alb-300x300.png 300w, https:\/\/jolidon.com\/wp-content\/uploads\/2021\/05\/prelude-neg-pe-alb-150x150.png 150w, https:\/\/jolidon.com\/wp-content\/uploads\/2021\/05\/prelude-neg-pe-alb-550x550.png 550w\" sizes=\"auto, (max-width: 600px) 100vw, 600px\" \/> <\/div>\n <div class=\"qodef-service-table-text\">\n <div class=\"qodef-service-table-title\">\n <h5>\n Prelude <\/h5>\n <\/div>\n <\/div>\n <div class=\"qodef-service-table-button\">\n <a href=\"https:\/\/jolidon.com\/ro\/universul-jolidon\/prelude\/\" target=\"_self\" class=\"qodef-btn qodef-btn-small qodef-btn-solid\" > <span class=\"qodef-btn-text\">Afl\u0103 mai multe<\/span> <\/a> <\/div>\n <\/div>\n<\/div>\n<div class=\"qodef-service-table with_image\" style=\"background-color: #ffffff\">\n <div class=\"qodef-service-table-inner\">\n <div class=\"qodef-service-table-image\">\n <img loading=\"lazy\" decoding=\"async\" width=\"600\" height=\"600\" src=\"https:\/\/jolidon.com\/wp-content\/uploads\/2021\/05\/lilly-neg-pe-alb.png\" class=\"attachment-full size-full\" alt=\"\" srcset=\"https:\/\/jolidon.com\/wp-content\/uploads\/2021\/05\/lilly-neg-pe-alb.png 600w, https:\/\/jolidon.com\/wp-content\/uploads\/2021\/05\/lilly-neg-pe-alb-300x300.png 300w, https:\/\/jolidon.com\/wp-content\/uploads\/2021\/05\/lilly-neg-pe-alb-150x150.png 150w, https:\/\/jolidon.com\/wp-content\/uploads\/2021\/05\/lilly-neg-pe-alb-550x550.png 550w\" sizes=\"auto, (max-width: 600px) 100vw, 600px\" \/> <\/div>\n <div class=\"qodef-service-table-text\">\n <div class=\"qodef-service-table-title\">\n <h5>\n Lilly <\/h5>\n <\/div>\n <\/div>\n <div class=\"qodef-service-table-button\">\n <a href=\"https:\/\/jolidon.com\/ro\/portfolio-item\/lilly\/\" target=\"_self\" class=\"qodef-btn qodef-btn-small qodef-btn-solid\" > <span class=\"qodef-btn-text\">Afl\u0103 mai multe<\/span> <\/a> <\/div>\n <\/div>\n<\/div>\n<div class=\"qodef-service-table with_image\" style=\"background-color: #ffffff\">\n <div class=\"qodef-service-table-inner\">\n <div class=\"qodef-service-table-image\">\n <img loading=\"lazy\" decoding=\"async\" width=\"600\" height=\"600\" src=\"https:\/\/jolidon.com\/wp-content\/uploads\/2021\/05\/medcare-neg-pe-alb.png\" class=\"attachment-full size-full\" alt=\"\" srcset=\"https:\/\/jolidon.com\/wp-content\/uploads\/2021\/05\/medcare-neg-pe-alb.png 600w, https:\/\/jolidon.com\/wp-content\/uploads\/2021\/05\/medcare-neg-pe-alb-300x300.png 300w, https:\/\/jolidon.com\/wp-content\/uploads\/2021\/05\/medcare-neg-pe-alb-150x150.png 150w, https:\/\/jolidon.com\/wp-content\/uploads\/2021\/05\/medcare-neg-pe-alb-550x550.png 550w\" sizes=\"auto, (max-width: 600px) 100vw, 600px\" \/> <\/div>\n <div class=\"qodef-service-table-text\">\n <div class=\"qodef-service-table-title\">\n <h5>\n MedCare <\/h5>\n <\/div>\n <\/div>\n <div class=\"qodef-service-table-button\">\n <a href=\"https:\/\/jolidon.com\/ro\/portfolio-item\/jolidon-medcare\/\" target=\"_self\" class=\"qodef-btn qodef-btn-small qodef-btn-solid\" > <span class=\"qodef-btn-text\">Afl\u0103 mai multe<\/span> <\/a> <\/div>\n <\/div>\n<\/div>\n<\/div>[\/vc_column][\/vc_row]<\/p>\n<\/div>","protected":false},"excerpt":{"rendered":"<p>[vc_row][vc_column offset=&#8221;vc_hidden-sm vc_hidden-xs&#8221;][vc_empty_space height=&#8221;50px&#8221;][\/vc_column][\/vc_row][vc_row content_width=&#8221;grid&#8221; css=&#8221;.vc_custom_1621498291237{padding-top: 30px !important;padding-bottom: 10px !important;background-color: #ffffff !important;}&#8221;][vc_column width=&#8221;2\/3&#8243; offset=&#8221;vc_hidden-sm vc_hidden-xs&#8221;][vc_column_text] JOLIDON [\/vc_column_text][vc_empty_space height=&#8221;30px&#8221;][vc_column_text]Jolidon este un brand interna\u021bional de lenjerie \u0219i costume de baie, care combin\u0103 calitatea tehnologic\u0103 a produselor cu creativitatea designului, inspir\u00e2ndu-se din cele mai noi trenduri din industrie&#8230;<\/p>\n","protected":false},"author":1,"featured_media":0,"parent":0,"menu_order":0,"comment_status":"closed","ping_status":"closed","template":"","meta":{"_monsterinsights_skip_tracking":false,"_monsterinsights_sitenote_active":false,"_monsterinsights_sitenote_note":"","_monsterinsights_sitenote_category":0,"_uf_show_specific_survey":0,"_uf_disable_surveys":false,"footnotes":""},"class_list":["post-5694","page","type-page","status-publish","hentry"],"yoast_head":"\n<title>Universul Jolidon - Jolidon<\/title>\n<meta name=\"robots\" content=\"index, follow, max-snippet:-1, max-image-preview:large, max-video-preview:-1\" \/>\n<link rel=\"canonical\" href=\"https:\/\/jolidon.com\/ro\/universul-jolidon\/\" \/>\n<meta property=\"og:locale\" content=\"ro_RO\" \/>\n<meta property=\"og:type\" content=\"article\" \/>\n<meta property=\"og:title\" content=\"Universul Jolidon - Jolidon\" \/>\n<meta property=\"og:description\" content=\"[vc_row][vc_column offset=&#8221;vc_hidden-sm vc_hidden-xs&#8221;][vc_empty_space height=&#8221;50px&#8221;][\/vc_column][\/vc_row][vc_row content_width=&#8221;grid&#8221; css=&#8221;.vc_custom_1621498291237{padding-top: 30px !important;padding-bottom: 10px !important;background-color: #ffffff !important;}&#8221;][vc_column width=&#8221;2\/3&#8243; offset=&#8221;vc_hidden-sm vc_hidden-xs&#8221;][vc_column_text] JOLIDON [\/vc_column_text][vc_empty_space height=&#8221;30px&#8221;][vc_column_text]Jolidon este un brand interna\u021bional de lenjerie \u0219i costume de baie, care combin\u0103 calitatea tehnologic\u0103 a produselor cu creativitatea designului, inspir\u00e2ndu-se din cele mai noi trenduri din industrie...\" \/>\n<meta property=\"og:url\" content=\"https:\/\/jolidon.com\/ro\/universul-jolidon\/\" \/>\n<meta property=\"og:site_name\" content=\"Jolidon\" \/>\n<meta property=\"article:publisher\" content=\"https:\/\/www.facebook.com\/JolidonInternational\" \/>\n<meta property=\"article:modified_time\" content=\"2023-01-20T09:41:39+00:00\" \/>\n<meta property=\"og:image\" content=\"https:\/\/jolidon.com\/wp-content\/uploads\/2015\/12\/1res.jpg\" \/>\n\t<meta property=\"og:image:width\" content=\"1920\" \/>\n\t<meta property=\"og:image:height\" content=\"1100\" \/>\n\t<meta property=\"og:image:type\" content=\"image\/jpeg\" \/>\n<meta name=\"twitter:card\" content=\"summary_large_image\" \/>\n<meta name=\"twitter:label1\" content=\"Timp estimat pentru citire\" \/>\n\t<meta name=\"twitter:data1\" content=\"5 minute\" \/>\n<script type=\"application\/ld+json\" class=\"yoast-schema-graph\">{\"@context\":\"https:\/\/schema.org\",\"@graph\":[{\"@type\":\"WebPage\",\"@id\":\"https:\/\/jolidon.com\/ro\/universul-jolidon\/\",\"url\":\"https:\/\/jolidon.com\/ro\/universul-jolidon\/\",\"name\":\"Universul Jolidon - Jolidon\",\"isPartOf\":{\"@id\":\"https:\/\/jolidon.com\/#website\"},\"datePublished\":\"2021-05-28T10:39:52+00:00\",\"dateModified\":\"2023-01-20T09:41:39+00:00\",\"breadcrumb\":{\"@id\":\"https:\/\/jolidon.com\/ro\/universul-jolidon\/#breadcrumb\"},\"inLanguage\":\"ro-RO\",\"potentialAction\":[{\"@type\":\"ReadAction\",\"target\":[\"https:\/\/jolidon.com\/ro\/universul-jolidon\/\"]}]},{\"@type\":\"BreadcrumbList\",\"@id\":\"https:\/\/jolidon.com\/ro\/universul-jolidon\/#breadcrumb\",\"itemListElement\":[{\"@type\":\"ListItem\",\"position\":1,\"name\":\"Home\",\"item\":\"https:\/\/jolidon.com\/ro\/\"},{\"@type\":\"ListItem\",\"position\":2,\"name\":\"Universul Jolidon\"}]},{\"@type\":\"WebSite\",\"@id\":\"https:\/\/jolidon.com\/#website\",\"url\":\"https:\/\/jolidon.com\/\",\"name\":\"Jolidon\",\"description\":\"Cr\u00e9ateur de d\u00e9sir\",\"publisher\":{\"@id\":\"https:\/\/jolidon.com\/#organization\"},\"potentialAction\":[{\"@type\":\"SearchAction\",\"target\":{\"@type\":\"EntryPoint\",\"urlTemplate\":\"https:\/\/jolidon.com\/?s={search_term_string}\"},\"query-input\":{\"@type\":\"PropertyValueSpecification\",\"valueRequired\":true,\"valueName\":\"search_term_string\"}}],\"inLanguage\":\"ro-RO\"},{\"@type\":\"Organization\",\"@id\":\"https:\/\/jolidon.com\/#organization\",\"name\":\"Jolidon\",\"url\":\"https:\/\/jolidon.com\/\",\"logo\":{\"@type\":\"ImageObject\",\"inLanguage\":\"ro-RO\",\"@id\":\"https:\/\/jolidon.com\/#\/schema\/logo\/image\/\",\"url\":\"https:\/\/jolidon.com\/wp-content\/uploads\/2021\/05\/jolidon-european-neg-pe-alb.png\",\"contentUrl\":\"https:\/\/jolidon.com\/wp-content\/uploads\/2021\/05\/jolidon-european-neg-pe-alb.png\",\"width\":600,\"height\":600,\"caption\":\"Jolidon\"},\"image\":{\"@id\":\"https:\/\/jolidon.com\/#\/schema\/logo\/image\/\"},\"sameAs\":[\"https:\/\/www.facebook.com\/JolidonInternational\",\"https:\/\/www.instagram.com\/jolidon\",\"https:\/\/www.pinterest.com\/jolidon\",\"https:\/\/www.youtube.com\/user\/JolidonInternational\"]}]}<\/script>\n","yoast_head_json":{"title":"Universul Jolidon - Jolidon","robots":{"index":"index","follow":"follow","max-snippet":"max-snippet:-1","max-image-preview":"max-image-preview:large","max-video-preview":"max-video-preview:-1"},"canonical":"https:\/\/jolidon.com\/ro\/universul-jolidon\/","og_locale":"ro_RO","og_type":"article","og_title":"Universul Jolidon - Jolidon","og_description":"[vc_row][vc_column offset=&#8221;vc_hidden-sm vc_hidden-xs&#8221;][vc_empty_space height=&#8221;50px&#8221;][\/vc_column][\/vc_row][vc_row content_width=&#8221;grid&#8221; css=&#8221;.vc_custom_1621498291237{padding-top: 30px !important;padding-bottom: 10px !important;background-color: #ffffff !important;}&#8221;][vc_column width=&#8221;2\/3&#8243; offset=&#8221;vc_hidden-sm vc_hidden-xs&#8221;][vc_column_text] JOLIDON [\/vc_column_text][vc_empty_space height=&#8221;30px&#8221;][vc_column_text]Jolidon este un brand interna\u021bional de lenjerie \u0219i costume de baie, care combin\u0103 calitatea tehnologic\u0103 a produselor cu creativitatea designului, inspir\u00e2ndu-se din cele mai noi trenduri din industrie...","og_url":"https:\/\/jolidon.com\/ro\/universul-jolidon\/","og_site_name":"Jolidon","article_publisher":"https:\/\/www.facebook.com\/JolidonInternational","article_modified_time":"2023-01-20T09:41:39+00:00","og_image":[{"width":1920,"height":1100,"url":"https:\/\/jolidon.com\/wp-content\/uploads\/2015\/12\/1res.jpg","type":"image\/jpeg"}],"twitter_card":"summary_large_image","twitter_misc":{"Timp estimat pentru citire":"5 minute"},"schema":{"@context":"https:\/\/schema.org","@graph":[{"@type":"WebPage","@id":"https:\/\/jolidon.com\/ro\/universul-jolidon\/","url":"https:\/\/jolidon.com\/ro\/universul-jolidon\/","name":"Universul Jolidon - Jolidon","isPartOf":{"@id":"https:\/\/jolidon.com\/#website"},"datePublished":"2021-05-28T10:39:52+00:00","dateModified":"2023-01-20T09:41:39+00:00","breadcrumb":{"@id":"https:\/\/jolidon.com\/ro\/universul-jolidon\/#breadcrumb"},"inLanguage":"ro-RO","potentialAction":[{"@type":"ReadAction","target":["https:\/\/jolidon.com\/ro\/universul-jolidon\/"]}]},{"@type":"BreadcrumbList","@id":"https:\/\/jolidon.com\/ro\/universul-jolidon\/#breadcrumb","itemListElement":[{"@type":"ListItem","position":1,"name":"Home","item":"https:\/\/jolidon.com\/ro\/"},{"@type":"ListItem","position":2,"name":"Universul Jolidon"}]},{"@type":"WebSite","@id":"https:\/\/jolidon.com\/#website","url":"https:\/\/jolidon.com\/","name":"Jolidon","description":"Cr\u00e9ateur de d\u00e9sir","publisher":{"@id":"https:\/\/jolidon.com\/#organization"},"potentialAction":[{"@type":"SearchAction","target":{"@type":"EntryPoint","urlTemplate":"https:\/\/jolidon.com\/?s={search_term_string}"},"query-input":{"@type":"PropertyValueSpecification","valueRequired":true,"valueName":"search_term_string"}}],"inLanguage":"ro-RO"},{"@type":"Organization","@id":"https:\/\/jolidon.com\/#organization","name":"Jolidon","url":"https:\/\/jolidon.com\/","logo":{"@type":"ImageObject","inLanguage":"ro-RO","@id":"https:\/\/jolidon.com\/#\/schema\/logo\/image\/","url":"https:\/\/jolidon.com\/wp-content\/uploads\/2021\/05\/jolidon-european-neg-pe-alb.png","contentUrl":"https:\/\/jolidon.com\/wp-content\/uploads\/2021\/05\/jolidon-european-neg-pe-alb.png","width":600,"height":600,"caption":"Jolidon"},"image":{"@id":"https:\/\/jolidon.com\/#\/schema\/logo\/image\/"},"sameAs":["https:\/\/www.facebook.com\/JolidonInternational","https:\/\/www.instagram.com\/jolidon","https:\/\/www.pinterest.com\/jolidon","https:\/\/www.youtube.com\/user\/JolidonInternational"]}]}},"jetpack_sharing_enabled":true,"_links":{"self":[{"href":"https:\/\/jolidon.com\/ro\/wp-json\/wp\/v2\/pages\/5694","targetHints":{"allow":["GET"]}}],"collection":[{"href":"https:\/\/jolidon.com\/ro\/wp-json\/wp\/v2\/pages"}],"about":[{"href":"https:\/\/jolidon.com\/ro\/wp-json\/wp\/v2\/types\/page"}],"author":[{"embeddable":true,"href":"https:\/\/jolidon.com\/ro\/wp-json\/wp\/v2\/users\/1"}],"replies":[{"embeddable":true,"href":"https:\/\/jolidon.com\/ro\/wp-json\/wp\/v2\/comments?post=5694"}],"version-history":[{"count":10,"href":"https:\/\/jolidon.com\/ro\/wp-json\/wp\/v2\/pages\/5694\/revisions"}],"predecessor-version":[{"id":32223,"href":"https:\/\/jolidon.com\/ro\/wp-json\/wp\/v2\/pages\/5694\/revisions\/32223"}],"wp:attachment":[{"href":"https:\/\/jolidon.com\/ro\/wp-json\/wp\/v2\/media?parent=5694"}],"curies":[{"name":"wp","href":"https:\/\/api.w.org\/{rel}","templated":true}]}}